{"id":2132,"date":"2022-10-18T10:55:19","date_gmt":"2022-10-18T10:55:19","guid":{"rendered":"https:\/\/misswheelchairworld.org\/?page_id=2132"},"modified":"2023-03-20T03:49:48","modified_gmt":"2023-03-20T02:49:48","slug":"wyniki-glosowania","status":"publish","type":"page","link":"https:\/\/misswheelchairworld.org\/en\/wyniki-glosowania\/","title":{"rendered":"Wyniki G\u0142osowania"},"content":{"rendered":"<style>.kb-row-layout-id_f766b9-04 > .kt-row-column-wrap{align-content:start;}:where(.kb-row-layout-id_f766b9-04 > .kt-row-column-wrap) > .wp-block-kadence-column{justify-content:start;}.kb-row-layout-id_f766b9-04 > .kt-row-column-wrap{column-gap:var(--global-kb-gap-md, 2rem);row-gap:var(--global-kb-gap-md, 2rem);max-width:1150px;margin-left:auto;margin-right:auto;padding-top:50px;padding-bottom:60px;grid-template-columns:minmax(0, calc(40% - ((var(--global-kb-gap-md, 2rem) * 1 )\/2)))minmax(0, calc(60% - ((var(--global-kb-gap-md, 2rem) * 1 )\/2)));}.kb-row-layout-id_f766b9-04 > .kt-row-layout-overlay{opacity:0.30;}@media all and (max-width: 1024px){.kb-row-layout-id_f766b9-04 > .kt-row-column-wrap{grid-template-columns:minmax(0, 1fr);}}@media all and (max-width: 767px){.kb-row-layout-id_f766b9-04 > .kt-row-column-wrap{padding-top:40px;grid-template-columns:minmax(0, 1fr);}}<\/style><div class=\"kb-row-layout-wrap kb-row-layout-id_f766b9-04 alignfull wp-block-kadence-rowlayout\"><div class=\"kt-row-column-wrap kt-has-2-columns kt-row-layout-equal kt-tab-layout-row kt-mobile-layout-row kt-row-valign-top\">\n<style>.kadence-column_07f081-73 > .kt-inside-inner-col,.kadence-column_07f081-73 > .kt-inside-inner-col:before{border-top-left-radius:0px;border-top-right-radius:0px;border-bottom-right-radius:0px;border-bottom-left-radius:0px;}.kadence-column_07f081-73 > .kt-inside-inner-col{column-gap:var(--global-kb-gap-sm, 1rem);}.kadence-column_07f081-73 > .kt-inside-inner-col{flex-direction:column;}.kadence-column_07f081-73 > .kt-inside-inner-col > .aligncenter{width:100%;}.kadence-column_07f081-73 > .kt-inside-inner-col:before{opacity:0.3;}.kadence-column_07f081-73{position:relative;}@media all and (max-width: 1024px){.kt-row-column-wrap.kt-tab-layout-three-grid > .kadence-column_07f081-73, .kt-row-column-wrap.kt-tab-layout-two-grid > .kadence-column_07f081-73, .kt-row-column-wrap.kt-tab-layout-row > .kadence-column_07f081-73{order:2;}}@media all and (max-width: 1024px){.kadence-column_07f081-73 > .kt-inside-inner-col{flex-direction:column;justify-content:center;}}@media all and (max-width: 767px){.kt-row-column-wrap.kt-mobile-layout-three-grid > .kadence-column_07f081-73, .kt-row-column-wrap.kt-mobile-layout-two-grid > .kadence-column_07f081-73, .kt-row-column-wrap.kt-mobile-layout-row > .kadence-column_07f081-73{order:2;}.kadence-column_07f081-73 > .kt-inside-inner-col{flex-direction:column;justify-content:center;}}<\/style>\n<div class=\"wp-block-kadence-column kadence-column_07f081-73 inner-column-1\" data-aos=\"zoom-in\" data-aos-duration=\"800\" data-aos-easing=\"ease\"><div class=\"kt-inside-inner-col\"><div class=\"wp-block-image\">\n<figure class=\"aligncenter size-large\"><img loading=\"lazy\" decoding=\"async\" width=\"682\" height=\"1024\" src=\"https:\/\/misswheelchairworld.org\/wp-content\/uploads\/2022\/10\/Miss-Wheelchair-World-2017-Results-Proclamation50-682x1024.jpg\" alt=\"\" class=\"wp-image-1766\" srcset=\"https:\/\/misswheelchairworld.org\/wp-content\/uploads\/2022\/10\/Miss-Wheelchair-World-2017-Results-Proclamation50-682x1024.jpg 682w, https:\/\/misswheelchairworld.org\/wp-content\/uploads\/2022\/10\/Miss-Wheelchair-World-2017-Results-Proclamation50-200x300.jpg 200w, https:\/\/misswheelchairworld.org\/wp-content\/uploads\/2022\/10\/Miss-Wheelchair-World-2017-Results-Proclamation50-768x1154.jpg 768w, https:\/\/misswheelchairworld.org\/wp-content\/uploads\/2022\/10\/Miss-Wheelchair-World-2017-Results-Proclamation50-1022x1536.jpg 1022w, https:\/\/misswheelchairworld.org\/wp-content\/uploads\/2022\/10\/Miss-Wheelchair-World-2017-Results-Proclamation50-8x12.jpg 8w, https:\/\/misswheelchairworld.org\/wp-content\/uploads\/2022\/10\/Miss-Wheelchair-World-2017-Results-Proclamation50.jpg 1280w\" sizes=\"auto, (max-width: 682px) 100vw, 682px\" \/><\/figure><\/div><\/div><\/div>\n\n\n<style>.kadence-column_39a92e-7a > .kt-inside-inner-col,.kadence-column_39a92e-7a > .kt-inside-inner-col:before{border-top-left-radius:0px;border-top-right-radius:0px;border-bottom-right-radius:0px;border-bottom-left-radius:0px;}.kadence-column_39a92e-7a > .kt-inside-inner-col{column-gap:var(--global-kb-gap-sm, 1rem);}.kadence-column_39a92e-7a > .kt-inside-inner-col{flex-direction:column;}.kadence-column_39a92e-7a > .kt-inside-inner-col > .aligncenter{width:100%;}.kadence-column_39a92e-7a > .kt-inside-inner-col:before{opacity:0.3;}.kadence-column_39a92e-7a{position:relative;}@media all and (max-width: 1024px){.kt-row-column-wrap.kt-tab-layout-three-grid > .kadence-column_39a92e-7a, .kt-row-column-wrap.kt-tab-layout-two-grid > .kadence-column_39a92e-7a, .kt-row-column-wrap.kt-tab-layout-row > .kadence-column_39a92e-7a{order:1;}}@media all and (max-width: 1024px){.kadence-column_39a92e-7a > .kt-inside-inner-col{flex-direction:column;justify-content:center;}}@media all and (max-width: 767px){.kt-row-column-wrap.kt-mobile-layout-three-grid > .kadence-column_39a92e-7a, .kt-row-column-wrap.kt-mobile-layout-two-grid > .kadence-column_39a92e-7a, .kt-row-column-wrap.kt-mobile-layout-row > .kadence-column_39a92e-7a{order:1;}.kadence-column_39a92e-7a > .kt-inside-inner-col{flex-direction:column;justify-content:center;}}<\/style>\n<div class=\"wp-block-kadence-column kadence-column_39a92e-7a inner-column-2\"><div class=\"kt-inside-inner-col\"><style>.wp-block-kadence-advancedheading.kt-adv-heading_ffa861-71, .wp-block-kadence-advancedheading.kt-adv-heading_ffa861-71[data-kb-block=\"kb-adv-heading_ffa861-71\"]{font-style:normal;}.wp-block-kadence-advancedheading.kt-adv-heading_ffa861-71 mark.kt-highlight, .wp-block-kadence-advancedheading.kt-adv-heading_ffa861-71[data-kb-block=\"kb-adv-heading_ffa861-71\"] mark.kt-highlight{font-style:normal;color:#f76a0c;-webkit-box-decoration-break:clone;box-decoration-break:clone;padding-top:0px;padding-right:0px;padding-bottom:0px;padding-left:0px;}@media all and (max-width: 1024px){.wp-block-kadence-advancedheading.kt-adv-heading_ffa861-71, .wp-block-kadence-advancedheading.kt-adv-heading_ffa861-71[data-kb-block=\"kb-adv-heading_ffa861-71\"]{text-align:left!important;}}@media all and (max-width: 767px){.wp-block-kadence-advancedheading.kt-adv-heading_ffa861-71, .wp-block-kadence-advancedheading.kt-adv-heading_ffa861-71[data-kb-block=\"kb-adv-heading_ffa861-71\"]{text-align:center!important;}}<\/style>\n<h3 class=\"kt-adv-heading_ffa861-71 wp-block-kadence-advancedheading has-theme-palette-3-color has-text-color\" data-kb-block=\"kb-adv-heading_ffa861-71\">Miss Wheelchair World 2017<\/h3>\n\n\n<style>.wp-block-kadence-advancedheading.kt-adv-heading_14cef9-7b, .wp-block-kadence-advancedheading.kt-adv-heading_14cef9-7b[data-kb-block=\"kb-adv-heading_14cef9-7b\"]{text-align:left;font-style:normal;}.wp-block-kadence-advancedheading.kt-adv-heading_14cef9-7b mark.kt-highlight, .wp-block-kadence-advancedheading.kt-adv-heading_14cef9-7b[data-kb-block=\"kb-adv-heading_14cef9-7b\"] mark.kt-highlight{font-style:normal;color:#f76a0c;-webkit-box-decoration-break:clone;box-decoration-break:clone;padding-top:0px;padding-right:0px;padding-bottom:0px;padding-left:0px;}@media all and (max-width: 1024px){.wp-block-kadence-advancedheading.kt-adv-heading_14cef9-7b, .wp-block-kadence-advancedheading.kt-adv-heading_14cef9-7b[data-kb-block=\"kb-adv-heading_14cef9-7b\"]{text-align:left!important;}}@media all and (max-width: 767px){.wp-block-kadence-advancedheading.kt-adv-heading_14cef9-7b, .wp-block-kadence-advancedheading.kt-adv-heading_14cef9-7b[data-kb-block=\"kb-adv-heading_14cef9-7b\"]{text-align:center!important;}}<\/style>\n<p class=\"kt-adv-heading_14cef9-7b wp-block-kadence-advancedheading\" data-kb-block=\"kb-adv-heading_14cef9-7b\"><strong>FINAL RESULTS<\/strong>:<\/p>\n\n\n\n<ul class=\"wp-block-list\">\n<li><strong>Miss Wheelchair World 2017<\/strong> \u2013 Aleksandra Chichikova (Belarus)<\/li>\n\n\n\n<li><strong>I Vice Miss Wheelchair World 2017<\/strong> \u2013 Lebohang Monyatsi (RPA)<\/li>\n\n\n\n<li><strong>II Vice Miss Wheelchair World 2017<\/strong> \u2013 Adrianna Zawadzi\u0144ska (Poland)<\/li>\n\n\n\n<li><strong>Miss Individuality 2017<\/strong> \u2013 Oksana Kononets (Ukraine)<\/li>\n\n\n\n<li><strong>Miss Smile 2017<\/strong> \u2013 Nadjet Meskine (France)<\/li>\n\n\n\n<li><strong>Miss Activity 2017<\/strong> \u2013 Mar\u00eda D\u00edaz (Chile)<\/li>\n\n\n\n<li><strong>Miss Charm 2017<\/strong> \u2013 Adrianna Zawadzi\u0144ska (Poland)<\/li>\n\n\n\n<li><strong>Miss Kindness 2017<\/strong> \u2013 Vahen King (Canada)<\/li>\n\n\n\n<li><strong>Miss Lifestyle Designers 2017<\/strong> \u2013 Mar\u00eda D\u00edaz (Chile)<\/li>\n\n\n\n<li><strong>Miss Photo 2017<\/strong> \u2013 Adrianna Zawadzi\u0144ska (Poland)<\/li>\n\n\n\n<li><strong>Miss Populiarity 2017<\/strong> \u2013 Rajalakshmi Shankar Janardhana Murthy (India)<\/li>\n<\/ul>\n<\/div><\/div>\n\n<\/div><\/div>","protected":false},"excerpt":{"rendered":"<p>Miss \u015awiata na W\u00f3zku 2017 WYNIKI G\u0141OSOWANIA:<\/p>","protected":false},"author":1,"featured_media":0,"parent":0,"menu_order":0,"comment_status":"closed","ping_status":"closed","template":"","meta":{"_kad_post_transparent":"","_kad_post_title":"","_kad_post_layout":"","_kad_post_sidebar_id":"","_kad_post_content_style":"","_kad_post_vertical_padding":"","_kad_post_feature":"","_kad_post_feature_position":"","_kad_post_header":false,"_kad_post_footer":false,"_kad_post_classname":"","footnotes":""},"class_list":["post-2132","page","type-page","status-publish","hentry"],"yoast_head":"<!-- This site is optimized with the Yoast SEO plugin v26.3 - https:\/\/yoast.com\/wordpress\/plugins\/seo\/ -->\n<title>Wyniki G\u0142osowania - Miss Wheelchair World<\/title>\n<meta name=\"robots\" content=\"index, follow, max-snippet:-1, max-image-preview:large, max-video-preview:-1\" \/>\n<link rel=\"canonical\" href=\"https:\/\/misswheelchairworld.org\/en\/wyniki-glosowania\/\" \/>\n<meta property=\"og:locale\" content=\"en_GB\" \/>\n<meta property=\"og:type\" content=\"article\" \/>\n<meta property=\"og:title\" content=\"Wyniki G\u0142osowania - Miss Wheelchair World\" \/>\n<meta property=\"og:description\" content=\"Miss \u015awiata na W\u00f3zku 2017 WYNIKI G\u0141OSOWANIA:\" \/>\n<meta property=\"og:url\" content=\"https:\/\/misswheelchairworld.org\/en\/wyniki-glosowania\/\" \/>\n<meta property=\"og:site_name\" content=\"Miss Wheelchair World\" \/>\n<meta property=\"article:publisher\" content=\"https:\/\/www.facebook.com\/MissWheelchairWorld\" \/>\n<meta property=\"article:modified_time\" content=\"2023-03-20T02:49:48+00:00\" \/>\n<meta property=\"og:image\" content=\"https:\/\/misswheelchairworld.org\/wp-content\/uploads\/2022\/10\/Miss-Wheelchair-World-2017-Results-Proclamation50-682x1024.jpg\" \/>\n<meta name=\"twitter:card\" content=\"summary_large_image\" \/>\n<meta name=\"twitter:site\" content=\"@Jedyna__Taka\" \/>\n<meta name=\"twitter:label1\" content=\"Estimated reading time\" \/>\n\t<meta name=\"twitter:data1\" content=\"1 minute\" \/>\n<script type=\"application\/ld+json\" class=\"yoast-schema-graph\">{\"@context\":\"https:\/\/schema.org\",\"@graph\":[{\"@type\":\"WebPage\",\"@id\":\"https:\/\/misswheelchairworld.org\/wyniki-glosowania\/\",\"url\":\"https:\/\/misswheelchairworld.org\/wyniki-glosowania\/\",\"name\":\"Wyniki G\u0142osowania - Miss Wheelchair World\",\"isPartOf\":{\"@id\":\"https:\/\/misswheelchairworld.org\/#website\"},\"primaryImageOfPage\":{\"@id\":\"https:\/\/misswheelchairworld.org\/wyniki-glosowania\/#primaryimage\"},\"image\":{\"@id\":\"https:\/\/misswheelchairworld.org\/wyniki-glosowania\/#primaryimage\"},\"thumbnailUrl\":\"https:\/\/misswheelchairworld.org\/wp-content\/uploads\/2022\/10\/Miss-Wheelchair-World-2017-Results-Proclamation50-682x1024.jpg\",\"datePublished\":\"2022-10-18T10:55:19+00:00\",\"dateModified\":\"2023-03-20T02:49:48+00:00\",\"breadcrumb\":{\"@id\":\"https:\/\/misswheelchairworld.org\/wyniki-glosowania\/#breadcrumb\"},\"inLanguage\":\"en-GB\",\"potentialAction\":[{\"@type\":\"ReadAction\",\"target\":[\"https:\/\/misswheelchairworld.org\/wyniki-glosowania\/\"]}]},{\"@type\":\"ImageObject\",\"inLanguage\":\"en-GB\",\"@id\":\"https:\/\/misswheelchairworld.org\/wyniki-glosowania\/#primaryimage\",\"url\":\"https:\/\/misswheelchairworld.org\/wp-content\/uploads\/2022\/10\/Miss-Wheelchair-World-2017-Results-Proclamation50-682x1024.jpg\",\"contentUrl\":\"https:\/\/misswheelchairworld.org\/wp-content\/uploads\/2022\/10\/Miss-Wheelchair-World-2017-Results-Proclamation50-682x1024.jpg\"},{\"@type\":\"BreadcrumbList\",\"@id\":\"https:\/\/misswheelchairworld.org\/wyniki-glosowania\/#breadcrumb\",\"itemListElement\":[{\"@type\":\"ListItem\",\"position\":1,\"name\":\"Home\",\"item\":\"https:\/\/misswheelchairworld.org\/\"},{\"@type\":\"ListItem\",\"position\":2,\"name\":\"Wyniki G\u0142osowania\"}]},{\"@type\":\"WebSite\",\"@id\":\"https:\/\/misswheelchairworld.org\/#website\",\"url\":\"https:\/\/misswheelchairworld.org\/\",\"name\":\"Miss Wheelchair World\",\"description\":\"Miss Wheelchair World\",\"publisher\":{\"@id\":\"https:\/\/misswheelchairworld.org\/#organization\"},\"potentialAction\":[{\"@type\":\"SearchAction\",\"target\":{\"@type\":\"EntryPoint\",\"urlTemplate\":\"https:\/\/misswheelchairworld.org\/?s={search_term_string}\"},\"query-input\":{\"@type\":\"PropertyValueSpecification\",\"valueRequired\":true,\"valueName\":\"search_term_string\"}}],\"inLanguage\":\"en-GB\"},{\"@type\":\"Organization\",\"@id\":\"https:\/\/misswheelchairworld.org\/#organization\",\"name\":\"Miss Wheelchair World\",\"url\":\"https:\/\/misswheelchairworld.org\/\",\"logo\":{\"@type\":\"ImageObject\",\"inLanguage\":\"en-GB\",\"@id\":\"https:\/\/misswheelchairworld.org\/#\/schema\/logo\/image\/\",\"url\":\"https:\/\/misswheelchairworld.org\/wp-content\/uploads\/2022\/10\/Kopia-logoMWW-angielskie-czyste.png\",\"contentUrl\":\"https:\/\/misswheelchairworld.org\/wp-content\/uploads\/2022\/10\/Kopia-logoMWW-angielskie-czyste.png\",\"width\":4871,\"height\":1852,\"caption\":\"Miss Wheelchair World\"},\"image\":{\"@id\":\"https:\/\/misswheelchairworld.org\/#\/schema\/logo\/image\/\"},\"sameAs\":[\"https:\/\/www.facebook.com\/MissWheelchairWorld\",\"https:\/\/x.com\/Jedyna__Taka\",\"https:\/\/www.instagram.com\/misswheelchairworld\/\",\"https:\/\/www.youtube.com\/channel\/UCVaiD9tQULYwtIwQFAyk7zw\"]}]}<\/script>\n<!-- \/ Yoast SEO plugin. -->","yoast_head_json":{"title":"Wyniki G\u0142osowania - Miss Wheelchair World","robots":{"index":"index","follow":"follow","max-snippet":"max-snippet:-1","max-image-preview":"max-image-preview:large","max-video-preview":"max-video-preview:-1"},"canonical":"https:\/\/misswheelchairworld.org\/en\/wyniki-glosowania\/","og_locale":"en_GB","og_type":"article","og_title":"Wyniki G\u0142osowania - Miss Wheelchair World","og_description":"Miss \u015awiata na W\u00f3zku 2017 WYNIKI G\u0141OSOWANIA:","og_url":"https:\/\/misswheelchairworld.org\/en\/wyniki-glosowania\/","og_site_name":"Miss Wheelchair World","article_publisher":"https:\/\/www.facebook.com\/MissWheelchairWorld","article_modified_time":"2023-03-20T02:49:48+00:00","og_image":[{"url":"https:\/\/misswheelchairworld.org\/wp-content\/uploads\/2022\/10\/Miss-Wheelchair-World-2017-Results-Proclamation50-682x1024.jpg","type":"","width":"","height":""}],"twitter_card":"summary_large_image","twitter_site":"@Jedyna__Taka","twitter_misc":{"Estimated reading time":"1 minute"},"schema":{"@context":"https:\/\/schema.org","@graph":[{"@type":"WebPage","@id":"https:\/\/misswheelchairworld.org\/wyniki-glosowania\/","url":"https:\/\/misswheelchairworld.org\/wyniki-glosowania\/","name":"Wyniki G\u0142osowania - Miss Wheelchair World","isPartOf":{"@id":"https:\/\/misswheelchairworld.org\/#website"},"primaryImageOfPage":{"@id":"https:\/\/misswheelchairworld.org\/wyniki-glosowania\/#primaryimage"},"image":{"@id":"https:\/\/misswheelchairworld.org\/wyniki-glosowania\/#primaryimage"},"thumbnailUrl":"https:\/\/misswheelchairworld.org\/wp-content\/uploads\/2022\/10\/Miss-Wheelchair-World-2017-Results-Proclamation50-682x1024.jpg","datePublished":"2022-10-18T10:55:19+00:00","dateModified":"2023-03-20T02:49:48+00:00","breadcrumb":{"@id":"https:\/\/misswheelchairworld.org\/wyniki-glosowania\/#breadcrumb"},"inLanguage":"en-GB","potentialAction":[{"@type":"ReadAction","target":["https:\/\/misswheelchairworld.org\/wyniki-glosowania\/"]}]},{"@type":"ImageObject","inLanguage":"en-GB","@id":"https:\/\/misswheelchairworld.org\/wyniki-glosowania\/#primaryimage","url":"https:\/\/misswheelchairworld.org\/wp-content\/uploads\/2022\/10\/Miss-Wheelchair-World-2017-Results-Proclamation50-682x1024.jpg","contentUrl":"https:\/\/misswheelchairworld.org\/wp-content\/uploads\/2022\/10\/Miss-Wheelchair-World-2017-Results-Proclamation50-682x1024.jpg"},{"@type":"BreadcrumbList","@id":"https:\/\/misswheelchairworld.org\/wyniki-glosowania\/#breadcrumb","itemListElement":[{"@type":"ListItem","position":1,"name":"Home","item":"https:\/\/misswheelchairworld.org\/"},{"@type":"ListItem","position":2,"name":"Wyniki G\u0142osowania"}]},{"@type":"WebSite","@id":"https:\/\/misswheelchairworld.org\/#website","url":"https:\/\/misswheelchairworld.org\/","name":"Miss Wheelchair World","description":"Miss Wheelchair World","publisher":{"@id":"https:\/\/misswheelchairworld.org\/#organization"},"potentialAction":[{"@type":"SearchAction","target":{"@type":"EntryPoint","urlTemplate":"https:\/\/misswheelchairworld.org\/?s={search_term_string}"},"query-input":{"@type":"PropertyValueSpecification","valueRequired":true,"valueName":"search_term_string"}}],"inLanguage":"en-GB"},{"@type":"Organization","@id":"https:\/\/misswheelchairworld.org\/#organization","name":"Miss Wheelchair World","url":"https:\/\/misswheelchairworld.org\/","logo":{"@type":"ImageObject","inLanguage":"en-GB","@id":"https:\/\/misswheelchairworld.org\/#\/schema\/logo\/image\/","url":"https:\/\/misswheelchairworld.org\/wp-content\/uploads\/2022\/10\/Kopia-logoMWW-angielskie-czyste.png","contentUrl":"https:\/\/misswheelchairworld.org\/wp-content\/uploads\/2022\/10\/Kopia-logoMWW-angielskie-czyste.png","width":4871,"height":1852,"caption":"Miss Wheelchair World"},"image":{"@id":"https:\/\/misswheelchairworld.org\/#\/schema\/logo\/image\/"},"sameAs":["https:\/\/www.facebook.com\/MissWheelchairWorld","https:\/\/x.com\/Jedyna__Taka","https:\/\/www.instagram.com\/misswheelchairworld\/","https:\/\/www.youtube.com\/channel\/UCVaiD9tQULYwtIwQFAyk7zw"]}]}},"_links":{"self":[{"href":"https:\/\/misswheelchairworld.org\/en\/wp-json\/wp\/v2\/pages\/2132","targetHints":{"allow":["GET"]}}],"collection":[{"href":"https:\/\/misswheelchairworld.org\/en\/wp-json\/wp\/v2\/pages"}],"about":[{"href":"https:\/\/misswheelchairworld.org\/en\/wp-json\/wp\/v2\/types\/page"}],"author":[{"embeddable":true,"href":"https:\/\/misswheelchairworld.org\/en\/wp-json\/wp\/v2\/users\/1"}],"replies":[{"embeddable":true,"href":"https:\/\/misswheelchairworld.org\/en\/wp-json\/wp\/v2\/comments?post=2132"}],"version-history":[{"count":12,"href":"https:\/\/misswheelchairworld.org\/en\/wp-json\/wp\/v2\/pages\/2132\/revisions"}],"predecessor-version":[{"id":4924,"href":"https:\/\/misswheelchairworld.org\/en\/wp-json\/wp\/v2\/pages\/2132\/revisions\/4924"}],"wp:attachment":[{"href":"https:\/\/misswheelchairworld.org\/en\/wp-json\/wp\/v2\/media?parent=2132"}],"curies":[{"name":"wp","href":"https:\/\/api.w.org\/{rel}","templated":true}]}}