{"id":2566,"date":"2022-10-19T15:14:50","date_gmt":"2022-10-19T15:14:50","guid":{"rendered":"https:\/\/misswheelchairworld.org\/?page_id=2566"},"modified":"2023-03-20T13:30:31","modified_gmt":"2023-03-20T12:30:31","slug":"candidate-12","status":"publish","type":"page","link":"https:\/\/misswheelchairworld.org\/en\/candidate-12\/","title":{"rendered":"Kandydatka #12"},"content":{"rendered":"<style>.kb-row-layout-id_621e4c-0d > .kt-row-column-wrap{align-content:start;}:where(.kb-row-layout-id_621e4c-0d > .kt-row-column-wrap) > .wp-block-kadence-column{justify-content:start;}.kb-row-layout-id_621e4c-0d > .kt-row-column-wrap{column-gap:var(--global-kb-gap-md, 2rem);row-gap:var(--global-kb-gap-md, 2rem);max-width:1150px;margin-left:auto;margin-right:auto;padding-top:50px;padding-bottom:0px;grid-template-columns:repeat(2, minmax(0, 1fr));}.kb-row-layout-id_621e4c-0d > .kt-row-layout-overlay{opacity:0.30;}@media all and (max-width: 1024px){.kb-row-layout-id_621e4c-0d > .kt-row-column-wrap{grid-template-columns:repeat(2, minmax(0, 1fr));}}@media all and (max-width: 767px){.kb-row-layout-id_621e4c-0d > .kt-row-column-wrap{grid-template-columns:minmax(0, 1fr);}}<\/style><div class=\"kb-row-layout-wrap kb-row-layout-id_621e4c-0d alignfull wp-block-kadence-rowlayout\"><div class=\"kt-row-column-wrap kt-has-2-columns kt-row-layout-equal kt-tab-layout-inherit kt-mobile-layout-row kt-row-valign-top\">\n<style>.kadence-column_fa7fc2-74 > .kt-inside-inner-col,.kadence-column_fa7fc2-74 > .kt-inside-inner-col:before{border-top-left-radius:0px;border-top-right-radius:0px;border-bottom-right-radius:0px;border-bottom-left-radius:0px;}.kadence-column_fa7fc2-74 > .kt-inside-inner-col{column-gap:var(--global-kb-gap-sm, 1rem);}.kadence-column_fa7fc2-74 > .kt-inside-inner-col{flex-direction:column;}.kadence-column_fa7fc2-74 > .kt-inside-inner-col > .aligncenter{width:100%;}.kadence-column_fa7fc2-74 > .kt-inside-inner-col:before{opacity:0.3;}.kadence-column_fa7fc2-74{position:relative;}@media all and (max-width: 1024px){.kadence-column_fa7fc2-74 > .kt-inside-inner-col{flex-direction:column;justify-content:center;}}@media all and (max-width: 767px){.kadence-column_fa7fc2-74 > .kt-inside-inner-col{flex-direction:column;justify-content:center;}}<\/style>\n<div class=\"wp-block-kadence-column kadence-column_fa7fc2-74 inner-column-1\" data-aos=\"zoom-in\" data-aos-duration=\"800\" data-aos-easing=\"ease\"><div class=\"kt-inside-inner-col\"><style>.wp-block-kadence-advancedheading.kt-adv-heading_403b8f-f3, .wp-block-kadence-advancedheading.kt-adv-heading_403b8f-f3[data-kb-block=\"kb-adv-heading_403b8f-f3\"]{font-style:normal;}.wp-block-kadence-advancedheading.kt-adv-heading_403b8f-f3 mark.kt-highlight, .wp-block-kadence-advancedheading.kt-adv-heading_403b8f-f3[data-kb-block=\"kb-adv-heading_403b8f-f3\"] mark.kt-highlight{font-style:normal;color:#f76a0c;-webkit-box-decoration-break:clone;box-decoration-break:clone;padding-top:0px;padding-right:0px;padding-bottom:0px;padding-left:0px;}<\/style>\n<h2 class=\"kt-adv-heading_403b8f-f3 wp-block-kadence-advancedheading\" data-kb-block=\"kb-adv-heading_403b8f-f3\">Candidate #12<\/h2>\n\n\n\n<figure class=\"wp-block-image size-full\"><img loading=\"lazy\" decoding=\"async\" width=\"580\" height=\"464\" src=\"https:\/\/misswheelchairworld.org\/wp-content\/uploads\/2022\/10\/indiarajalakshmi-duze_min.jpg\" alt=\"\" class=\"wp-image-2570\" srcset=\"https:\/\/misswheelchairworld.org\/wp-content\/uploads\/2022\/10\/indiarajalakshmi-duze_min.jpg 580w, https:\/\/misswheelchairworld.org\/wp-content\/uploads\/2022\/10\/indiarajalakshmi-duze_min-300x240.jpg 300w, https:\/\/misswheelchairworld.org\/wp-content\/uploads\/2022\/10\/indiarajalakshmi-duze_min-15x12.jpg 15w\" sizes=\"auto, (max-width: 580px) 100vw, 580px\" \/><\/figure>\n<\/div><\/div>\n\n\n<style>.kadence-column_0bd70a-8a > .kt-inside-inner-col,.kadence-column_0bd70a-8a > .kt-inside-inner-col:before{border-top-left-radius:0px;border-top-right-radius:0px;border-bottom-right-radius:0px;border-bottom-left-radius:0px;}.kadence-column_0bd70a-8a > .kt-inside-inner-col{column-gap:var(--global-kb-gap-sm, 1rem);}.kadence-column_0bd70a-8a > .kt-inside-inner-col{flex-direction:column;}.kadence-column_0bd70a-8a > .kt-inside-inner-col > .aligncenter{width:100%;}.kadence-column_0bd70a-8a > .kt-inside-inner-col:before{opacity:0.3;}.kadence-column_0bd70a-8a{position:relative;}@media all and (max-width: 1024px){.kadence-column_0bd70a-8a > .kt-inside-inner-col{flex-direction:column;justify-content:center;}}@media all and (max-width: 767px){.kadence-column_0bd70a-8a > .kt-inside-inner-col{flex-direction:column;justify-content:center;}}<\/style>\n<div class=\"wp-block-kadence-column kadence-column_0bd70a-8a inner-column-2\"><div class=\"kt-inside-inner-col\"><style>.wp-block-kadence-advancedheading.kt-adv-heading_465abc-1d, .wp-block-kadence-advancedheading.kt-adv-heading_465abc-1d[data-kb-block=\"kb-adv-heading_465abc-1d\"]{text-align:right;font-size:24px;font-weight:600;font-style:normal;font-family:'Nunito Sans';}.wp-block-kadence-advancedheading.kt-adv-heading_465abc-1d mark.kt-highlight, .wp-block-kadence-advancedheading.kt-adv-heading_465abc-1d[data-kb-block=\"kb-adv-heading_465abc-1d\"] mark.kt-highlight{font-style:normal;color:#f76a0c;-webkit-box-decoration-break:clone;box-decoration-break:clone;padding-top:0px;padding-right:0px;padding-bottom:0px;padding-left:0px;}<\/style>\n<p class=\"kt-adv-heading_465abc-1d wp-block-kadence-advancedheading has-theme-palette-6-color has-text-color\" data-kb-block=\"kb-adv-heading_465abc-1d\">Vote cast: <mark style=\"background-color:rgba(0, 0, 0, 0)\" class=\"has-inline-color has-theme-palette-2-color\">12278<\/mark><\/p>\n\n\n<style>.wp-block-kadence-advancedheading.kt-adv-heading_e79f61-91, .wp-block-kadence-advancedheading.kt-adv-heading_e79f61-91[data-kb-block=\"kb-adv-heading_e79f61-91\"]{font-size:20px;font-weight:700;font-style:normal;font-family:'Nunito Sans';}.wp-block-kadence-advancedheading.kt-adv-heading_e79f61-91 mark.kt-highlight, .wp-block-kadence-advancedheading.kt-adv-heading_e79f61-91[data-kb-block=\"kb-adv-heading_e79f61-91\"] mark.kt-highlight{font-style:normal;color:#f76a0c;-webkit-box-decoration-break:clone;box-decoration-break:clone;padding-top:0px;padding-right:0px;padding-bottom:0px;padding-left:0px;}<\/style>\n<p class=\"kt-adv-heading_e79f61-91 wp-block-kadence-advancedheading has-theme-palette-1-color has-text-color\" data-kb-block=\"kb-adv-heading_e79f61-91\">Rajalakshmi SJ <\/p>\n\n\n<style>.wp-block-kadence-advancedheading.kt-adv-heading_f99d98-37, .wp-block-kadence-advancedheading.kt-adv-heading_f99d98-37[data-kb-block=\"kb-adv-heading_f99d98-37\"]{margin-top:-30px;text-align:left;font-size:20px;font-weight:700;font-style:normal;font-family:'Nunito Sans';}.wp-block-kadence-advancedheading.kt-adv-heading_f99d98-37 mark.kt-highlight, .wp-block-kadence-advancedheading.kt-adv-heading_f99d98-37[data-kb-block=\"kb-adv-heading_f99d98-37\"] mark.kt-highlight{font-style:normal;color:#f76a0c;-webkit-box-decoration-break:clone;box-decoration-break:clone;padding-top:0px;padding-right:0px;padding-bottom:0px;padding-left:0px;}<\/style>\n<p class=\"kt-adv-heading_f99d98-37 wp-block-kadence-advancedheading has-theme-palette-2-color has-text-color\" data-kb-block=\"kb-adv-heading_f99d98-37\">India<\/p>\n\n\n<style>.wp-block-kadence-advancedheading.kt-adv-heading_5b5be5-f5, .wp-block-kadence-advancedheading.kt-adv-heading_5b5be5-f5[data-kb-block=\"kb-adv-heading_5b5be5-f5\"]{margin-top:-15px;text-align:left;font-style:normal;}.wp-block-kadence-advancedheading.kt-adv-heading_5b5be5-f5 mark.kt-highlight, .wp-block-kadence-advancedheading.kt-adv-heading_5b5be5-f5[data-kb-block=\"kb-adv-heading_5b5be5-f5\"] mark.kt-highlight{font-style:normal;color:#f76a0c;-webkit-box-decoration-break:clone;box-decoration-break:clone;padding-top:0px;padding-right:0px;padding-bottom:0px;padding-left:0px;}<\/style>\n<p class=\"kt-adv-heading_5b5be5-f5 wp-block-kadence-advancedheading\" data-kb-block=\"kb-adv-heading_5b5be5-f5\">I am Dr Rajalakshmi SJ - Miss Wheelchair India 2014. I am a dental specialist and a consulting orthodontist by profession. I am blessed with two different lives in the same lifetime, one of the abled &amp; other of the differently abled. My journey in a wheelchair began when I was 21 years old due to a road accident leading to spinal cord injury, unsuccessful surgeries &amp; a wheelchair for a lifetime. Being in a wheelchair, I completed a Bachelor\u2019s of dental surgery, took a course in psychology, fashion designing, and Vedic yoga, wheeled the ramp for Orion Fashion Week 2015, and was a gold medalist in a master of dental surgery. I have researched genetics and presented papers &amp; posters at national conventions. I am an assistant professor in a dental college, the proprietor of the dental clinic S J Dental Square &amp; Serve as the chairperson of my organisation S J Foundation which works for the causes of the disabled. <\/p>\n<\/div><\/div>\n\n<\/div><\/div>\n\n<style>.kb-row-layout-id_16b43c-0d > .kt-row-column-wrap{align-content:start;}:where(.kb-row-layout-id_16b43c-0d > .kt-row-column-wrap) > .wp-block-kadence-column{justify-content:start;}.kb-row-layout-id_16b43c-0d > .kt-row-column-wrap{column-gap:var(--global-kb-gap-md, 2rem);row-gap:var(--global-kb-gap-md, 2rem);max-width:1150px;margin-left:auto;margin-right:auto;padding-top:25px;padding-bottom:60px;grid-template-columns:minmax(0, 1fr);}.kb-row-layout-id_16b43c-0d > .kt-row-layout-overlay{opacity:0.30;}@media all and (max-width: 1024px){.kb-row-layout-id_16b43c-0d > .kt-row-column-wrap{grid-template-columns:minmax(0, 1fr);}}@media all and (max-width: 767px){.kb-row-layout-id_16b43c-0d > .kt-row-column-wrap{grid-template-columns:minmax(0, 1fr);}}<\/style><div class=\"kb-row-layout-wrap kb-row-layout-id_16b43c-0d alignfull wp-block-kadence-rowlayout\"><div class=\"kt-row-column-wrap kt-has-1-columns kt-row-layout-equal kt-tab-layout-inherit kt-mobile-layout-row kt-row-valign-top\">\n<style>.kadence-column_71600e-48 > .kt-inside-inner-col,.kadence-column_71600e-48 > .kt-inside-inner-col:before{border-top-left-radius:0px;border-top-right-radius:0px;border-bottom-right-radius:0px;border-bottom-left-radius:0px;}.kadence-column_71600e-48 > .kt-inside-inner-col{column-gap:var(--global-kb-gap-sm, 1rem);}.kadence-column_71600e-48 > .kt-inside-inner-col{flex-direction:column;}.kadence-column_71600e-48 > .kt-inside-inner-col > .aligncenter{width:100%;}.kadence-column_71600e-48 > .kt-inside-inner-col:before{opacity:0.3;}.kadence-column_71600e-48{position:relative;}@media all and (max-width: 1024px){.kadence-column_71600e-48 > .kt-inside-inner-col{flex-direction:column;justify-content:center;}}@media all and (max-width: 767px){.kadence-column_71600e-48 > .kt-inside-inner-col{flex-direction:column;justify-content:center;}}<\/style>\n<div class=\"wp-block-kadence-column kadence-column_71600e-48\"><div class=\"kt-inside-inner-col\"><style>.wp-block-kadence-advancedheading.kt-adv-heading_756b6c-e9, .wp-block-kadence-advancedheading.kt-adv-heading_756b6c-e9[data-kb-block=\"kb-adv-heading_756b6c-e9\"]{text-align:center;font-style:normal;}.wp-block-kadence-advancedheading.kt-adv-heading_756b6c-e9 mark.kt-highlight, .wp-block-kadence-advancedheading.kt-adv-heading_756b6c-e9[data-kb-block=\"kb-adv-heading_756b6c-e9\"] mark.kt-highlight{font-style:normal;color:#f76a0c;-webkit-box-decoration-break:clone;box-decoration-break:clone;padding-top:0px;padding-right:0px;padding-bottom:0px;padding-left:0px;}<\/style>\n<p class=\"kt-adv-heading_756b6c-e9 wp-block-kadence-advancedheading\" data-kb-block=\"kb-adv-heading_756b6c-e9\">I have won a legal battle for the rights of the disabled in education and organised Miss Wheelchair India 2015. I Conduct free dental health camps at schools, am a peer trainer for wheelchair training programs and participate in wheelchair basketball &amp; wheelchair dance. I have also appeared as a chief guest &amp; a motivational speaker at several events, including Google. My achievements have been appreciated, awarded &amp; felicitated at various forums. I have been rated as one of the bold women in India, Awarded as a positive hero &amp; a woman of substance. My personal interest is interior designing, singing, dancing, painting, and swimming &amp; I have travelled to eleven countries in my wheelchair. I love driving my customised hand-driven car &amp; have mapped various road trips across my state. Currently, I am fighting a legal battle for the rights of the disabled in jobs, organising a national dental workshop, expanding my dental clinic to a second branch, and gearing up for a wheelchair tennis tournament and TEDx talk.<\/p>\n<\/div><\/div>\n\n<\/div><\/div>","protected":false},"excerpt":{"rendered":"<p>kandydantka #12 oddanych gos\u00f3w: 12278 Rajalakshmi SJ India Nazywam si\u0119 Dr Rajalakshmi SJ &#8211; Miss Indii na w\u00f3zku 2014. Jestem specjalist\u0105 dentystycznym a z zawodu konsultantem ortodontycznym. Zosta\u0142am pob\u0142ogos\u0142awiona dwoma \u017cyciami w jednej linii \u017cycia. Pierwszym pe\u0142nym mo\u017cliwo\u015bci i drugim, gdzie s\u0105 one zupe\u0142nie inne. Moja podr\u00f3\u017c na w\u00f3zku rozpocz\u0119\u0142a si\u0119 kiedy mia\u0142am 21 lat&#8230;<\/p>","protected":false},"author":1,"featured_media":0,"parent":0,"menu_order":0,"comment_status":"closed","ping_status":"closed","template":"","meta":{"_kad_post_transparent":"","_kad_post_title":"","_kad_post_layout":"","_kad_post_sidebar_id":"","_kad_post_content_style":"","_kad_post_vertical_padding":"","_kad_post_feature":"","_kad_post_feature_position":"","_kad_post_header":false,"_kad_post_footer":false,"_kad_post_classname":"","footnotes":""},"class_list":["post-2566","page","type-page","status-publish","hentry"],"yoast_head":"<!-- This site is optimized with the Yoast SEO plugin v26.3 - https:\/\/yoast.com\/wordpress\/plugins\/seo\/ -->\n<title>Kandydatka #12 - Miss Wheelchair World<\/title>\n<meta name=\"robots\" content=\"index, follow, max-snippet:-1, max-image-preview:large, max-video-preview:-1\" \/>\n<link rel=\"canonical\" href=\"https:\/\/misswheelchairworld.org\/en\/candidate-12\/\" \/>\n<meta property=\"og:locale\" content=\"en_GB\" \/>\n<meta property=\"og:type\" content=\"article\" \/>\n<meta property=\"og:title\" content=\"Kandydatka #12 - Miss Wheelchair World\" \/>\n<meta property=\"og:description\" content=\"kandydantka #12 oddanych gos\u00f3w: 12278 Rajalakshmi SJ India Nazywam si\u0119 Dr Rajalakshmi SJ &#8211; Miss Indii na w\u00f3zku 2014. Jestem specjalist\u0105 dentystycznym a z zawodu konsultantem ortodontycznym. Zosta\u0142am pob\u0142ogos\u0142awiona dwoma \u017cyciami w jednej linii \u017cycia. Pierwszym pe\u0142nym mo\u017cliwo\u015bci i drugim, gdzie s\u0105 one zupe\u0142nie inne. Moja podr\u00f3\u017c na w\u00f3zku rozpocz\u0119\u0142a si\u0119 kiedy mia\u0142am 21 lat...\" \/>\n<meta property=\"og:url\" content=\"https:\/\/misswheelchairworld.org\/en\/candidate-12\/\" \/>\n<meta property=\"og:site_name\" content=\"Miss Wheelchair World\" \/>\n<meta property=\"article:publisher\" content=\"https:\/\/www.facebook.com\/MissWheelchairWorld\" \/>\n<meta property=\"article:modified_time\" content=\"2023-03-20T12:30:31+00:00\" \/>\n<meta property=\"og:image\" content=\"https:\/\/misswheelchairworld.org\/wp-content\/uploads\/2022\/10\/indiarajalakshmi-duze_min.jpg\" \/>\n<meta name=\"twitter:card\" content=\"summary_large_image\" \/>\n<meta name=\"twitter:site\" content=\"@Jedyna__Taka\" \/>\n<meta name=\"twitter:label1\" content=\"Estimated reading time\" \/>\n\t<meta name=\"twitter:data1\" content=\"2 minutes\" \/>\n<script type=\"application\/ld+json\" class=\"yoast-schema-graph\">{\"@context\":\"https:\/\/schema.org\",\"@graph\":[{\"@type\":\"WebPage\",\"@id\":\"https:\/\/misswheelchairworld.org\/candidate-12\/\",\"url\":\"https:\/\/misswheelchairworld.org\/candidate-12\/\",\"name\":\"Kandydatka #12 - Miss Wheelchair World\",\"isPartOf\":{\"@id\":\"https:\/\/misswheelchairworld.org\/#website\"},\"primaryImageOfPage\":{\"@id\":\"https:\/\/misswheelchairworld.org\/candidate-12\/#primaryimage\"},\"image\":{\"@id\":\"https:\/\/misswheelchairworld.org\/candidate-12\/#primaryimage\"},\"thumbnailUrl\":\"https:\/\/misswheelchairworld.org\/wp-content\/uploads\/2022\/10\/indiarajalakshmi-duze_min.jpg\",\"datePublished\":\"2022-10-19T15:14:50+00:00\",\"dateModified\":\"2023-03-20T12:30:31+00:00\",\"breadcrumb\":{\"@id\":\"https:\/\/misswheelchairworld.org\/candidate-12\/#breadcrumb\"},\"inLanguage\":\"en-GB\",\"potentialAction\":[{\"@type\":\"ReadAction\",\"target\":[\"https:\/\/misswheelchairworld.org\/candidate-12\/\"]}]},{\"@type\":\"ImageObject\",\"inLanguage\":\"en-GB\",\"@id\":\"https:\/\/misswheelchairworld.org\/candidate-12\/#primaryimage\",\"url\":\"https:\/\/misswheelchairworld.org\/wp-content\/uploads\/2022\/10\/indiarajalakshmi-duze_min.jpg\",\"contentUrl\":\"https:\/\/misswheelchairworld.org\/wp-content\/uploads\/2022\/10\/indiarajalakshmi-duze_min.jpg\"},{\"@type\":\"BreadcrumbList\",\"@id\":\"https:\/\/misswheelchairworld.org\/candidate-12\/#breadcrumb\",\"itemListElement\":[{\"@type\":\"ListItem\",\"position\":1,\"name\":\"Home\",\"item\":\"https:\/\/misswheelchairworld.org\/\"},{\"@type\":\"ListItem\",\"position\":2,\"name\":\"Kandydatka #12\"}]},{\"@type\":\"WebSite\",\"@id\":\"https:\/\/misswheelchairworld.org\/#website\",\"url\":\"https:\/\/misswheelchairworld.org\/\",\"name\":\"Miss Wheelchair World\",\"description\":\"Miss Wheelchair World\",\"publisher\":{\"@id\":\"https:\/\/misswheelchairworld.org\/#organization\"},\"potentialAction\":[{\"@type\":\"SearchAction\",\"target\":{\"@type\":\"EntryPoint\",\"urlTemplate\":\"https:\/\/misswheelchairworld.org\/?s={search_term_string}\"},\"query-input\":{\"@type\":\"PropertyValueSpecification\",\"valueRequired\":true,\"valueName\":\"search_term_string\"}}],\"inLanguage\":\"en-GB\"},{\"@type\":\"Organization\",\"@id\":\"https:\/\/misswheelchairworld.org\/#organization\",\"name\":\"Miss Wheelchair World\",\"url\":\"https:\/\/misswheelchairworld.org\/\",\"logo\":{\"@type\":\"ImageObject\",\"inLanguage\":\"en-GB\",\"@id\":\"https:\/\/misswheelchairworld.org\/#\/schema\/logo\/image\/\",\"url\":\"https:\/\/misswheelchairworld.org\/wp-content\/uploads\/2022\/10\/Kopia-logoMWW-angielskie-czyste.png\",\"contentUrl\":\"https:\/\/misswheelchairworld.org\/wp-content\/uploads\/2022\/10\/Kopia-logoMWW-angielskie-czyste.png\",\"width\":4871,\"height\":1852,\"caption\":\"Miss Wheelchair World\"},\"image\":{\"@id\":\"https:\/\/misswheelchairworld.org\/#\/schema\/logo\/image\/\"},\"sameAs\":[\"https:\/\/www.facebook.com\/MissWheelchairWorld\",\"https:\/\/x.com\/Jedyna__Taka\",\"https:\/\/www.instagram.com\/misswheelchairworld\/\",\"https:\/\/www.youtube.com\/channel\/UCVaiD9tQULYwtIwQFAyk7zw\"]}]}<\/script>\n<!-- \/ Yoast SEO plugin. -->","yoast_head_json":{"title":"Kandydatka #12 - Miss Wheelchair World","robots":{"index":"index","follow":"follow","max-snippet":"max-snippet:-1","max-image-preview":"max-image-preview:large","max-video-preview":"max-video-preview:-1"},"canonical":"https:\/\/misswheelchairworld.org\/en\/candidate-12\/","og_locale":"en_GB","og_type":"article","og_title":"Kandydatka #12 - Miss Wheelchair World","og_description":"kandydantka #12 oddanych gos\u00f3w: 12278 Rajalakshmi SJ India Nazywam si\u0119 Dr Rajalakshmi SJ &#8211; Miss Indii na w\u00f3zku 2014. Jestem specjalist\u0105 dentystycznym a z zawodu konsultantem ortodontycznym. Zosta\u0142am pob\u0142ogos\u0142awiona dwoma \u017cyciami w jednej linii \u017cycia. Pierwszym pe\u0142nym mo\u017cliwo\u015bci i drugim, gdzie s\u0105 one zupe\u0142nie inne. Moja podr\u00f3\u017c na w\u00f3zku rozpocz\u0119\u0142a si\u0119 kiedy mia\u0142am 21 lat...","og_url":"https:\/\/misswheelchairworld.org\/en\/candidate-12\/","og_site_name":"Miss Wheelchair World","article_publisher":"https:\/\/www.facebook.com\/MissWheelchairWorld","article_modified_time":"2023-03-20T12:30:31+00:00","og_image":[{"url":"https:\/\/misswheelchairworld.org\/wp-content\/uploads\/2022\/10\/indiarajalakshmi-duze_min.jpg","type":"","width":"","height":""}],"twitter_card":"summary_large_image","twitter_site":"@Jedyna__Taka","twitter_misc":{"Estimated reading time":"2 minutes"},"schema":{"@context":"https:\/\/schema.org","@graph":[{"@type":"WebPage","@id":"https:\/\/misswheelchairworld.org\/candidate-12\/","url":"https:\/\/misswheelchairworld.org\/candidate-12\/","name":"Kandydatka #12 - Miss Wheelchair World","isPartOf":{"@id":"https:\/\/misswheelchairworld.org\/#website"},"primaryImageOfPage":{"@id":"https:\/\/misswheelchairworld.org\/candidate-12\/#primaryimage"},"image":{"@id":"https:\/\/misswheelchairworld.org\/candidate-12\/#primaryimage"},"thumbnailUrl":"https:\/\/misswheelchairworld.org\/wp-content\/uploads\/2022\/10\/indiarajalakshmi-duze_min.jpg","datePublished":"2022-10-19T15:14:50+00:00","dateModified":"2023-03-20T12:30:31+00:00","breadcrumb":{"@id":"https:\/\/misswheelchairworld.org\/candidate-12\/#breadcrumb"},"inLanguage":"en-GB","potentialAction":[{"@type":"ReadAction","target":["https:\/\/misswheelchairworld.org\/candidate-12\/"]}]},{"@type":"ImageObject","inLanguage":"en-GB","@id":"https:\/\/misswheelchairworld.org\/candidate-12\/#primaryimage","url":"https:\/\/misswheelchairworld.org\/wp-content\/uploads\/2022\/10\/indiarajalakshmi-duze_min.jpg","contentUrl":"https:\/\/misswheelchairworld.org\/wp-content\/uploads\/2022\/10\/indiarajalakshmi-duze_min.jpg"},{"@type":"BreadcrumbList","@id":"https:\/\/misswheelchairworld.org\/candidate-12\/#breadcrumb","itemListElement":[{"@type":"ListItem","position":1,"name":"Home","item":"https:\/\/misswheelchairworld.org\/"},{"@type":"ListItem","position":2,"name":"Kandydatka #12"}]},{"@type":"WebSite","@id":"https:\/\/misswheelchairworld.org\/#website","url":"https:\/\/misswheelchairworld.org\/","name":"Miss Wheelchair World","description":"Miss Wheelchair World","publisher":{"@id":"https:\/\/misswheelchairworld.org\/#organization"},"potentialAction":[{"@type":"SearchAction","target":{"@type":"EntryPoint","urlTemplate":"https:\/\/misswheelchairworld.org\/?s={search_term_string}"},"query-input":{"@type":"PropertyValueSpecification","valueRequired":true,"valueName":"search_term_string"}}],"inLanguage":"en-GB"},{"@type":"Organization","@id":"https:\/\/misswheelchairworld.org\/#organization","name":"Miss Wheelchair World","url":"https:\/\/misswheelchairworld.org\/","logo":{"@type":"ImageObject","inLanguage":"en-GB","@id":"https:\/\/misswheelchairworld.org\/#\/schema\/logo\/image\/","url":"https:\/\/misswheelchairworld.org\/wp-content\/uploads\/2022\/10\/Kopia-logoMWW-angielskie-czyste.png","contentUrl":"https:\/\/misswheelchairworld.org\/wp-content\/uploads\/2022\/10\/Kopia-logoMWW-angielskie-czyste.png","width":4871,"height":1852,"caption":"Miss Wheelchair World"},"image":{"@id":"https:\/\/misswheelchairworld.org\/#\/schema\/logo\/image\/"},"sameAs":["https:\/\/www.facebook.com\/MissWheelchairWorld","https:\/\/x.com\/Jedyna__Taka","https:\/\/www.instagram.com\/misswheelchairworld\/","https:\/\/www.youtube.com\/channel\/UCVaiD9tQULYwtIwQFAyk7zw"]}]}},"_links":{"self":[{"href":"https:\/\/misswheelchairworld.org\/en\/wp-json\/wp\/v2\/pages\/2566","targetHints":{"allow":["GET"]}}],"collection":[{"href":"https:\/\/misswheelchairworld.org\/en\/wp-json\/wp\/v2\/pages"}],"about":[{"href":"https:\/\/misswheelchairworld.org\/en\/wp-json\/wp\/v2\/types\/page"}],"author":[{"embeddable":true,"href":"https:\/\/misswheelchairworld.org\/en\/wp-json\/wp\/v2\/users\/1"}],"replies":[{"embeddable":true,"href":"https:\/\/misswheelchairworld.org\/en\/wp-json\/wp\/v2\/comments?post=2566"}],"version-history":[{"count":7,"href":"https:\/\/misswheelchairworld.org\/en\/wp-json\/wp\/v2\/pages\/2566\/revisions"}],"predecessor-version":[{"id":5258,"href":"https:\/\/misswheelchairworld.org\/en\/wp-json\/wp\/v2\/pages\/2566\/revisions\/5258"}],"wp:attachment":[{"href":"https:\/\/misswheelchairworld.org\/en\/wp-json\/wp\/v2\/media?parent=2566"}],"curies":[{"name":"wp","href":"https:\/\/api.w.org\/{rel}","templated":true}]}}