{"id":2836,"date":"2022-10-20T08:39:33","date_gmt":"2022-10-20T08:39:33","guid":{"rendered":"https:\/\/misswheelchairworld.org\/?page_id=2836"},"modified":"2023-03-19T14:09:01","modified_gmt":"2023-03-19T13:09:01","slug":"kandydantka-5","status":"publish","type":"page","link":"https:\/\/misswheelchairworld.org\/en\/kandydantka-5\/","title":{"rendered":"Candidate #5"},"content":{"rendered":"<style>.kb-row-layout-id_60b9fa-78 > .kt-row-column-wrap{align-content:start;}:where(.kb-row-layout-id_60b9fa-78 > .kt-row-column-wrap) > .wp-block-kadence-column{justify-content:start;}.kb-row-layout-id_60b9fa-78 > .kt-row-column-wrap{column-gap:var(--global-kb-gap-md, 2rem);row-gap:var(--global-kb-gap-md, 2rem);max-width:1150px;margin-left:auto;margin-right:auto;padding-top:50px;padding-bottom:60px;grid-template-columns:repeat(2, minmax(0, 1fr));}.kb-row-layout-id_60b9fa-78 > .kt-row-layout-overlay{opacity:0.30;}@media all and (max-width: 1024px){.kb-row-layout-id_60b9fa-78 > .kt-row-column-wrap{grid-template-columns:repeat(2, minmax(0, 1fr));}}@media all and (max-width: 767px){.kb-row-layout-id_60b9fa-78 > .kt-row-column-wrap{grid-template-columns:minmax(0, 1fr);}}<\/style><div class=\"kb-row-layout-wrap kb-row-layout-id_60b9fa-78 alignfull wp-block-kadence-rowlayout\"><div class=\"kt-row-column-wrap kt-has-2-columns kt-row-layout-equal kt-tab-layout-inherit kt-mobile-layout-row kt-row-valign-top\">\n<style>.kadence-column_d86be1-37 > .kt-inside-inner-col,.kadence-column_d86be1-37 > .kt-inside-inner-col:before{border-top-left-radius:0px;border-top-right-radius:0px;border-bottom-right-radius:0px;border-bottom-left-radius:0px;}.kadence-column_d86be1-37 > .kt-inside-inner-col{column-gap:var(--global-kb-gap-sm, 1rem);}.kadence-column_d86be1-37 > .kt-inside-inner-col{flex-direction:column;}.kadence-column_d86be1-37 > .kt-inside-inner-col > .aligncenter{width:100%;}.kadence-column_d86be1-37 > .kt-inside-inner-col:before{opacity:0.3;}.kadence-column_d86be1-37{position:relative;}@media all and (max-width: 1024px){.kadence-column_d86be1-37 > .kt-inside-inner-col{flex-direction:column;justify-content:center;}}@media all and (max-width: 767px){.kadence-column_d86be1-37 > .kt-inside-inner-col{flex-direction:column;justify-content:center;}}<\/style>\n<div class=\"wp-block-kadence-column kadence-column_d86be1-37 inner-column-1\"><div class=\"kt-inside-inner-col\"><style>.wp-block-kadence-advancedheading.kt-adv-heading_4c2cdd-d1, .wp-block-kadence-advancedheading.kt-adv-heading_4c2cdd-d1[data-kb-block=\"kb-adv-heading_4c2cdd-d1\"]{font-style:normal;}.wp-block-kadence-advancedheading.kt-adv-heading_4c2cdd-d1 mark.kt-highlight, .wp-block-kadence-advancedheading.kt-adv-heading_4c2cdd-d1[data-kb-block=\"kb-adv-heading_4c2cdd-d1\"] mark.kt-highlight{font-style:normal;color:#f76a0c;-webkit-box-decoration-break:clone;box-decoration-break:clone;padding-top:0px;padding-right:0px;padding-bottom:0px;padding-left:0px;}<\/style>\n<h2 class=\"kt-adv-heading_4c2cdd-d1 wp-block-kadence-advancedheading\" data-kb-block=\"kb-adv-heading_4c2cdd-d1\">Candidate #5<\/h2>\n\n\n\n<figure class=\"wp-block-image size-full\"><img loading=\"lazy\" decoding=\"async\" width=\"580\" height=\"464\" src=\"https:\/\/misswheelchairworld.org\/wp-content\/uploads\/2022\/10\/chilemaria-duze_min.jpg\" alt=\"\" class=\"wp-image-2813\" srcset=\"https:\/\/misswheelchairworld.org\/wp-content\/uploads\/2022\/10\/chilemaria-duze_min.jpg 580w, https:\/\/misswheelchairworld.org\/wp-content\/uploads\/2022\/10\/chilemaria-duze_min-300x240.jpg 300w, https:\/\/misswheelchairworld.org\/wp-content\/uploads\/2022\/10\/chilemaria-duze_min-15x12.jpg 15w\" sizes=\"auto, (max-width: 580px) 100vw, 580px\" \/><\/figure>\n<\/div><\/div>\n\n\n<style>.kadence-column_4e389e-42 > .kt-inside-inner-col,.kadence-column_4e389e-42 > .kt-inside-inner-col:before{border-top-left-radius:0px;border-top-right-radius:0px;border-bottom-right-radius:0px;border-bottom-left-radius:0px;}.kadence-column_4e389e-42 > .kt-inside-inner-col{column-gap:var(--global-kb-gap-sm, 1rem);}.kadence-column_4e389e-42 > .kt-inside-inner-col{flex-direction:column;}.kadence-column_4e389e-42 > .kt-inside-inner-col > .aligncenter{width:100%;}.kadence-column_4e389e-42 > .kt-inside-inner-col:before{opacity:0.3;}.kadence-column_4e389e-42{position:relative;}@media all and (max-width: 1024px){.kadence-column_4e389e-42 > .kt-inside-inner-col{flex-direction:column;justify-content:center;}}@media all and (max-width: 767px){.kadence-column_4e389e-42 > .kt-inside-inner-col{flex-direction:column;justify-content:center;}}<\/style>\n<div class=\"wp-block-kadence-column kadence-column_4e389e-42 inner-column-2\"><div class=\"kt-inside-inner-col\"><style>.wp-block-kadence-advancedheading.kt-adv-heading_ff3d89-24, .wp-block-kadence-advancedheading.kt-adv-heading_ff3d89-24[data-kb-block=\"kb-adv-heading_ff3d89-24\"]{text-align:right;font-size:24px;font-weight:600;font-style:normal;font-family:'Nunito Sans';}.wp-block-kadence-advancedheading.kt-adv-heading_ff3d89-24 mark.kt-highlight, .wp-block-kadence-advancedheading.kt-adv-heading_ff3d89-24[data-kb-block=\"kb-adv-heading_ff3d89-24\"] mark.kt-highlight{font-style:normal;color:#f76a0c;-webkit-box-decoration-break:clone;box-decoration-break:clone;padding-top:0px;padding-right:0px;padding-bottom:0px;padding-left:0px;}<\/style>\n<p class=\"kt-adv-heading_ff3d89-24 wp-block-kadence-advancedheading has-theme-palette-6-color has-text-color\" data-kb-block=\"kb-adv-heading_ff3d89-24\">Votes cast: <mark style=\"background-color:rgba(0, 0, 0, 0)\" class=\"has-inline-color has-theme-palette-2-color\">2514<\/mark><\/p>\n\n\n<style>.wp-block-kadence-advancedheading.kt-adv-heading_5e0991-71, .wp-block-kadence-advancedheading.kt-adv-heading_5e0991-71[data-kb-block=\"kb-adv-heading_5e0991-71\"]{text-align:left;font-size:20px;font-weight:700;font-style:normal;font-family:'Nunito Sans';}.wp-block-kadence-advancedheading.kt-adv-heading_5e0991-71 mark.kt-highlight, .wp-block-kadence-advancedheading.kt-adv-heading_5e0991-71[data-kb-block=\"kb-adv-heading_5e0991-71\"] mark.kt-highlight{font-style:normal;color:#f76a0c;-webkit-box-decoration-break:clone;box-decoration-break:clone;padding-top:0px;padding-right:0px;padding-bottom:0px;padding-left:0px;}<\/style>\n<p class=\"kt-adv-heading_5e0991-71 wp-block-kadence-advancedheading has-theme-palette-1-color has-text-color\" data-kb-block=\"kb-adv-heading_5e0991-71\">Mar\u00eda D\u00edaz<\/p>\n\n\n<style>.wp-block-kadence-advancedheading.kt-adv-heading_d2165b-4a, .wp-block-kadence-advancedheading.kt-adv-heading_d2165b-4a[data-kb-block=\"kb-adv-heading_d2165b-4a\"]{margin-top:-30px;text-align:left;font-size:20px;font-weight:700;font-style:normal;font-family:'Nunito Sans';}.wp-block-kadence-advancedheading.kt-adv-heading_d2165b-4a mark.kt-highlight, .wp-block-kadence-advancedheading.kt-adv-heading_d2165b-4a[data-kb-block=\"kb-adv-heading_d2165b-4a\"] mark.kt-highlight{font-style:normal;color:#f76a0c;-webkit-box-decoration-break:clone;box-decoration-break:clone;padding-top:0px;padding-right:0px;padding-bottom:0px;padding-left:0px;}<\/style>\n<p class=\"kt-adv-heading_d2165b-4a wp-block-kadence-advancedheading has-theme-palette-2-color has-text-color\" data-kb-block=\"kb-adv-heading_d2165b-4a\">Chile<\/p>\n\n\n<style>.wp-block-kadence-advancedheading.kt-adv-heading_c75459-12, .wp-block-kadence-advancedheading.kt-adv-heading_c75459-12[data-kb-block=\"kb-adv-heading_c75459-12\"]{margin-top:-15px;font-style:normal;}.wp-block-kadence-advancedheading.kt-adv-heading_c75459-12 mark.kt-highlight, .wp-block-kadence-advancedheading.kt-adv-heading_c75459-12[data-kb-block=\"kb-adv-heading_c75459-12\"] mark.kt-highlight{font-style:normal;color:#f76a0c;-webkit-box-decoration-break:clone;box-decoration-break:clone;padding-top:0px;padding-right:0px;padding-bottom:0px;padding-left:0px;}<\/style>\n<p class=\"kt-adv-heading_c75459-12 wp-block-kadence-advancedheading\" data-kb-block=\"kb-adv-heading_c75459-12\">Hi, I am Maria Diaz from Chile, I am 28 years old, and exactly ten years ago, my life changed drastically. I was on my way home with 3 of my friends when a stranger shot a bullet into the car I was in. Since that moment, I decided to move forward with my life, thanking for this second chance of my life. One year after my accident, I took all my belongings and came to the capital of Chile to live all by myself. Here, I discovered my abilities in Paralympic sports and decided to become a professional Paralympic tennis player. I had the wonderful experience and opportunity to travel worldwide, representing my country with excellent results. Thanks to my love of sports and because I think all in life is about decisions, I have dived, skied, golfed, and, my favourite, sky-dived. I love photos, social media, makeup, fashion, and make publicity in my country. I think that in my life, there are no limits, and this is an excellent opportunity to show the world.<\/p>\n<\/div><\/div>\n\n<\/div><\/div>","protected":false},"excerpt":{"rendered":"<p>Kandydantka #5 oddanych g\u0142os\u00f3w: 2514 Mar\u00eda D\u00edaz Chile Nazywam si\u0119 Maria Diaz i pochodz\u0119 z Chile. Mam 28 lat i dok\u0142adnie 10 lat temu moje \u017cycie drastycznie si\u0119 zmieni\u0142o. Nieznajomy cz\u0142owiek strzeli\u0142 w stron\u0119 auta, kt\u00f3rym wraca\u0142am do domu razem z tr\u00f3jk\u0105 przyjaci\u00f3\u0142. W tamtym momencie zdecydowa\u0142am si\u0119 wzi\u0105\u0107 \u017cycie we w\u0142asne r\u0119c\u0119, dzi\u0119kuj\u0105c za&#8230;<\/p>","protected":false},"author":1,"featured_media":0,"parent":0,"menu_order":0,"comment_status":"closed","ping_status":"closed","template":"","meta":{"_kad_post_transparent":"","_kad_post_title":"","_kad_post_layout":"","_kad_post_sidebar_id":"","_kad_post_content_style":"","_kad_post_vertical_padding":"","_kad_post_feature":"","_kad_post_feature_position":"","_kad_post_header":false,"_kad_post_footer":false,"_kad_post_classname":"","footnotes":""},"class_list":["post-2836","page","type-page","status-publish","hentry"],"yoast_head":"<!-- This site is optimized with the Yoast SEO plugin v26.3 - https:\/\/yoast.com\/wordpress\/plugins\/seo\/ -->\n<title>Kandydantka #5 - Miss Wheelchair World<\/title>\n<meta name=\"robots\" content=\"index, follow, max-snippet:-1, max-image-preview:large, max-video-preview:-1\" \/>\n<link rel=\"canonical\" href=\"https:\/\/misswheelchairworld.org\/en\/kandydantka-5\/\" \/>\n<meta property=\"og:locale\" content=\"en_GB\" \/>\n<meta property=\"og:type\" content=\"article\" \/>\n<meta property=\"og:title\" content=\"Kandydantka #5 - Miss Wheelchair World\" \/>\n<meta property=\"og:description\" content=\"Kandydantka #5 oddanych g\u0142os\u00f3w: 2514 Mar\u00eda D\u00edaz Chile Nazywam si\u0119 Maria Diaz i pochodz\u0119 z Chile. Mam 28 lat i dok\u0142adnie 10 lat temu moje \u017cycie drastycznie si\u0119 zmieni\u0142o. Nieznajomy cz\u0142owiek strzeli\u0142 w stron\u0119 auta, kt\u00f3rym wraca\u0142am do domu razem z tr\u00f3jk\u0105 przyjaci\u00f3\u0142. W tamtym momencie zdecydowa\u0142am si\u0119 wzi\u0105\u0107 \u017cycie we w\u0142asne r\u0119c\u0119, dzi\u0119kuj\u0105c za...\" \/>\n<meta property=\"og:url\" content=\"https:\/\/misswheelchairworld.org\/en\/kandydantka-5\/\" \/>\n<meta property=\"og:site_name\" content=\"Miss Wheelchair World\" \/>\n<meta property=\"article:publisher\" content=\"https:\/\/www.facebook.com\/MissWheelchairWorld\" \/>\n<meta property=\"article:modified_time\" content=\"2023-03-19T13:09:01+00:00\" \/>\n<meta property=\"og:image\" content=\"https:\/\/misswheelchairworld.org\/wp-content\/uploads\/2022\/10\/chilemaria-duze_min.jpg\" \/>\n<meta name=\"twitter:card\" content=\"summary_large_image\" \/>\n<meta name=\"twitter:site\" content=\"@Jedyna__Taka\" \/>\n<meta name=\"twitter:label1\" content=\"Estimated reading time\" \/>\n\t<meta name=\"twitter:data1\" content=\"2 minutes\" \/>\n<script type=\"application\/ld+json\" class=\"yoast-schema-graph\">{\"@context\":\"https:\/\/schema.org\",\"@graph\":[{\"@type\":\"WebPage\",\"@id\":\"https:\/\/misswheelchairworld.org\/kandydantka-5\/\",\"url\":\"https:\/\/misswheelchairworld.org\/kandydantka-5\/\",\"name\":\"Kandydantka #5 - Miss Wheelchair World\",\"isPartOf\":{\"@id\":\"https:\/\/misswheelchairworld.org\/#website\"},\"primaryImageOfPage\":{\"@id\":\"https:\/\/misswheelchairworld.org\/kandydantka-5\/#primaryimage\"},\"image\":{\"@id\":\"https:\/\/misswheelchairworld.org\/kandydantka-5\/#primaryimage\"},\"thumbnailUrl\":\"https:\/\/misswheelchairworld.org\/wp-content\/uploads\/2022\/10\/chilemaria-duze_min.jpg\",\"datePublished\":\"2022-10-20T08:39:33+00:00\",\"dateModified\":\"2023-03-19T13:09:01+00:00\",\"breadcrumb\":{\"@id\":\"https:\/\/misswheelchairworld.org\/kandydantka-5\/#breadcrumb\"},\"inLanguage\":\"en-GB\",\"potentialAction\":[{\"@type\":\"ReadAction\",\"target\":[\"https:\/\/misswheelchairworld.org\/kandydantka-5\/\"]}]},{\"@type\":\"ImageObject\",\"inLanguage\":\"en-GB\",\"@id\":\"https:\/\/misswheelchairworld.org\/kandydantka-5\/#primaryimage\",\"url\":\"https:\/\/misswheelchairworld.org\/wp-content\/uploads\/2022\/10\/chilemaria-duze_min.jpg\",\"contentUrl\":\"https:\/\/misswheelchairworld.org\/wp-content\/uploads\/2022\/10\/chilemaria-duze_min.jpg\"},{\"@type\":\"BreadcrumbList\",\"@id\":\"https:\/\/misswheelchairworld.org\/kandydantka-5\/#breadcrumb\",\"itemListElement\":[{\"@type\":\"ListItem\",\"position\":1,\"name\":\"Home\",\"item\":\"https:\/\/misswheelchairworld.org\/\"},{\"@type\":\"ListItem\",\"position\":2,\"name\":\"Kandydantka #5\"}]},{\"@type\":\"WebSite\",\"@id\":\"https:\/\/misswheelchairworld.org\/#website\",\"url\":\"https:\/\/misswheelchairworld.org\/\",\"name\":\"Miss Wheelchair World\",\"description\":\"Miss Wheelchair World\",\"publisher\":{\"@id\":\"https:\/\/misswheelchairworld.org\/#organization\"},\"potentialAction\":[{\"@type\":\"SearchAction\",\"target\":{\"@type\":\"EntryPoint\",\"urlTemplate\":\"https:\/\/misswheelchairworld.org\/?s={search_term_string}\"},\"query-input\":{\"@type\":\"PropertyValueSpecification\",\"valueRequired\":true,\"valueName\":\"search_term_string\"}}],\"inLanguage\":\"en-GB\"},{\"@type\":\"Organization\",\"@id\":\"https:\/\/misswheelchairworld.org\/#organization\",\"name\":\"Miss Wheelchair World\",\"url\":\"https:\/\/misswheelchairworld.org\/\",\"logo\":{\"@type\":\"ImageObject\",\"inLanguage\":\"en-GB\",\"@id\":\"https:\/\/misswheelchairworld.org\/#\/schema\/logo\/image\/\",\"url\":\"https:\/\/misswheelchairworld.org\/wp-content\/uploads\/2022\/10\/Kopia-logoMWW-angielskie-czyste.png\",\"contentUrl\":\"https:\/\/misswheelchairworld.org\/wp-content\/uploads\/2022\/10\/Kopia-logoMWW-angielskie-czyste.png\",\"width\":4871,\"height\":1852,\"caption\":\"Miss Wheelchair World\"},\"image\":{\"@id\":\"https:\/\/misswheelchairworld.org\/#\/schema\/logo\/image\/\"},\"sameAs\":[\"https:\/\/www.facebook.com\/MissWheelchairWorld\",\"https:\/\/x.com\/Jedyna__Taka\",\"https:\/\/www.instagram.com\/misswheelchairworld\/\",\"https:\/\/www.youtube.com\/channel\/UCVaiD9tQULYwtIwQFAyk7zw\"]}]}<\/script>\n<!-- \/ Yoast SEO plugin. -->","yoast_head_json":{"title":"Kandydantka #5 - Miss Wheelchair World","robots":{"index":"index","follow":"follow","max-snippet":"max-snippet:-1","max-image-preview":"max-image-preview:large","max-video-preview":"max-video-preview:-1"},"canonical":"https:\/\/misswheelchairworld.org\/en\/kandydantka-5\/","og_locale":"en_GB","og_type":"article","og_title":"Kandydantka #5 - Miss Wheelchair World","og_description":"Kandydantka #5 oddanych g\u0142os\u00f3w: 2514 Mar\u00eda D\u00edaz Chile Nazywam si\u0119 Maria Diaz i pochodz\u0119 z Chile. Mam 28 lat i dok\u0142adnie 10 lat temu moje \u017cycie drastycznie si\u0119 zmieni\u0142o. Nieznajomy cz\u0142owiek strzeli\u0142 w stron\u0119 auta, kt\u00f3rym wraca\u0142am do domu razem z tr\u00f3jk\u0105 przyjaci\u00f3\u0142. W tamtym momencie zdecydowa\u0142am si\u0119 wzi\u0105\u0107 \u017cycie we w\u0142asne r\u0119c\u0119, dzi\u0119kuj\u0105c za...","og_url":"https:\/\/misswheelchairworld.org\/en\/kandydantka-5\/","og_site_name":"Miss Wheelchair World","article_publisher":"https:\/\/www.facebook.com\/MissWheelchairWorld","article_modified_time":"2023-03-19T13:09:01+00:00","og_image":[{"url":"https:\/\/misswheelchairworld.org\/wp-content\/uploads\/2022\/10\/chilemaria-duze_min.jpg","type":"","width":"","height":""}],"twitter_card":"summary_large_image","twitter_site":"@Jedyna__Taka","twitter_misc":{"Estimated reading time":"2 minutes"},"schema":{"@context":"https:\/\/schema.org","@graph":[{"@type":"WebPage","@id":"https:\/\/misswheelchairworld.org\/kandydantka-5\/","url":"https:\/\/misswheelchairworld.org\/kandydantka-5\/","name":"Kandydantka #5 - Miss Wheelchair World","isPartOf":{"@id":"https:\/\/misswheelchairworld.org\/#website"},"primaryImageOfPage":{"@id":"https:\/\/misswheelchairworld.org\/kandydantka-5\/#primaryimage"},"image":{"@id":"https:\/\/misswheelchairworld.org\/kandydantka-5\/#primaryimage"},"thumbnailUrl":"https:\/\/misswheelchairworld.org\/wp-content\/uploads\/2022\/10\/chilemaria-duze_min.jpg","datePublished":"2022-10-20T08:39:33+00:00","dateModified":"2023-03-19T13:09:01+00:00","breadcrumb":{"@id":"https:\/\/misswheelchairworld.org\/kandydantka-5\/#breadcrumb"},"inLanguage":"en-GB","potentialAction":[{"@type":"ReadAction","target":["https:\/\/misswheelchairworld.org\/kandydantka-5\/"]}]},{"@type":"ImageObject","inLanguage":"en-GB","@id":"https:\/\/misswheelchairworld.org\/kandydantka-5\/#primaryimage","url":"https:\/\/misswheelchairworld.org\/wp-content\/uploads\/2022\/10\/chilemaria-duze_min.jpg","contentUrl":"https:\/\/misswheelchairworld.org\/wp-content\/uploads\/2022\/10\/chilemaria-duze_min.jpg"},{"@type":"BreadcrumbList","@id":"https:\/\/misswheelchairworld.org\/kandydantka-5\/#breadcrumb","itemListElement":[{"@type":"ListItem","position":1,"name":"Home","item":"https:\/\/misswheelchairworld.org\/"},{"@type":"ListItem","position":2,"name":"Kandydantka #5"}]},{"@type":"WebSite","@id":"https:\/\/misswheelchairworld.org\/#website","url":"https:\/\/misswheelchairworld.org\/","name":"Miss Wheelchair World","description":"Miss Wheelchair World","publisher":{"@id":"https:\/\/misswheelchairworld.org\/#organization"},"potentialAction":[{"@type":"SearchAction","target":{"@type":"EntryPoint","urlTemplate":"https:\/\/misswheelchairworld.org\/?s={search_term_string}"},"query-input":{"@type":"PropertyValueSpecification","valueRequired":true,"valueName":"search_term_string"}}],"inLanguage":"en-GB"},{"@type":"Organization","@id":"https:\/\/misswheelchairworld.org\/#organization","name":"Miss Wheelchair World","url":"https:\/\/misswheelchairworld.org\/","logo":{"@type":"ImageObject","inLanguage":"en-GB","@id":"https:\/\/misswheelchairworld.org\/#\/schema\/logo\/image\/","url":"https:\/\/misswheelchairworld.org\/wp-content\/uploads\/2022\/10\/Kopia-logoMWW-angielskie-czyste.png","contentUrl":"https:\/\/misswheelchairworld.org\/wp-content\/uploads\/2022\/10\/Kopia-logoMWW-angielskie-czyste.png","width":4871,"height":1852,"caption":"Miss Wheelchair World"},"image":{"@id":"https:\/\/misswheelchairworld.org\/#\/schema\/logo\/image\/"},"sameAs":["https:\/\/www.facebook.com\/MissWheelchairWorld","https:\/\/x.com\/Jedyna__Taka","https:\/\/www.instagram.com\/misswheelchairworld\/","https:\/\/www.youtube.com\/channel\/UCVaiD9tQULYwtIwQFAyk7zw"]}]}},"_links":{"self":[{"href":"https:\/\/misswheelchairworld.org\/en\/wp-json\/wp\/v2\/pages\/2836","targetHints":{"allow":["GET"]}}],"collection":[{"href":"https:\/\/misswheelchairworld.org\/en\/wp-json\/wp\/v2\/pages"}],"about":[{"href":"https:\/\/misswheelchairworld.org\/en\/wp-json\/wp\/v2\/types\/page"}],"author":[{"embeddable":true,"href":"https:\/\/misswheelchairworld.org\/en\/wp-json\/wp\/v2\/users\/1"}],"replies":[{"embeddable":true,"href":"https:\/\/misswheelchairworld.org\/en\/wp-json\/wp\/v2\/comments?post=2836"}],"version-history":[{"count":2,"href":"https:\/\/misswheelchairworld.org\/en\/wp-json\/wp\/v2\/pages\/2836\/revisions"}],"predecessor-version":[{"id":4454,"href":"https:\/\/misswheelchairworld.org\/en\/wp-json\/wp\/v2\/pages\/2836\/revisions\/4454"}],"wp:attachment":[{"href":"https:\/\/misswheelchairworld.org\/en\/wp-json\/wp\/v2\/media?parent=2836"}],"curies":[{"name":"wp","href":"https:\/\/api.w.org\/{rel}","templated":true}]}}