{"id":2843,"date":"2022-10-20T08:59:57","date_gmt":"2022-10-20T08:59:57","guid":{"rendered":"https:\/\/misswheelchairworld.org\/?page_id=2843"},"modified":"2023-03-20T13:46:12","modified_gmt":"2023-03-20T12:46:12","slug":"kandydantka-19","status":"publish","type":"page","link":"https:\/\/misswheelchairworld.org\/en\/kandydantka-19\/","title":{"rendered":"Candidate #19"},"content":{"rendered":"<style>.kb-row-layout-id_c02163-95 > .kt-row-column-wrap{align-content:start;}:where(.kb-row-layout-id_c02163-95 > .kt-row-column-wrap) > .wp-block-kadence-column{justify-content:start;}.kb-row-layout-id_c02163-95 > .kt-row-column-wrap{column-gap:var(--global-kb-gap-md, 2rem);row-gap:var(--global-kb-gap-md, 2rem);max-width:1150px;margin-left:auto;margin-right:auto;padding-top:50px;padding-bottom:60px;grid-template-columns:repeat(2, minmax(0, 1fr));}.kb-row-layout-id_c02163-95 > .kt-row-layout-overlay{opacity:0.30;}@media all and (max-width: 1024px){.kb-row-layout-id_c02163-95 > .kt-row-column-wrap{grid-template-columns:repeat(2, minmax(0, 1fr));}}@media all and (max-width: 767px){.kb-row-layout-id_c02163-95 > .kt-row-column-wrap{grid-template-columns:minmax(0, 1fr);}}<\/style><div class=\"kb-row-layout-wrap kb-row-layout-id_c02163-95 alignfull wp-block-kadence-rowlayout\"><div class=\"kt-row-column-wrap kt-has-2-columns kt-row-layout-equal kt-tab-layout-inherit kt-mobile-layout-row kt-row-valign-top\">\n<style>.kadence-column_9bbf28-78 > .kt-inside-inner-col,.kadence-column_9bbf28-78 > .kt-inside-inner-col:before{border-top-left-radius:0px;border-top-right-radius:0px;border-bottom-right-radius:0px;border-bottom-left-radius:0px;}.kadence-column_9bbf28-78 > .kt-inside-inner-col{column-gap:var(--global-kb-gap-sm, 1rem);}.kadence-column_9bbf28-78 > .kt-inside-inner-col{flex-direction:column;}.kadence-column_9bbf28-78 > .kt-inside-inner-col > .aligncenter{width:100%;}.kadence-column_9bbf28-78 > .kt-inside-inner-col:before{opacity:0.3;}.kadence-column_9bbf28-78{position:relative;}@media all and (max-width: 1024px){.kadence-column_9bbf28-78 > .kt-inside-inner-col{flex-direction:column;justify-content:center;}}@media all and (max-width: 767px){.kadence-column_9bbf28-78 > .kt-inside-inner-col{flex-direction:column;justify-content:center;}}<\/style>\n<div class=\"wp-block-kadence-column kadence-column_9bbf28-78 inner-column-1\" data-aos=\"zoom-in\" data-aos-duration=\"800\" data-aos-easing=\"ease\"><div class=\"kt-inside-inner-col\"><style>.wp-block-kadence-advancedheading.kt-adv-heading_c03a13-3e, .wp-block-kadence-advancedheading.kt-adv-heading_c03a13-3e[data-kb-block=\"kb-adv-heading_c03a13-3e\"]{font-style:normal;}.wp-block-kadence-advancedheading.kt-adv-heading_c03a13-3e mark.kt-highlight, .wp-block-kadence-advancedheading.kt-adv-heading_c03a13-3e[data-kb-block=\"kb-adv-heading_c03a13-3e\"] mark.kt-highlight{font-style:normal;color:#f76a0c;-webkit-box-decoration-break:clone;box-decoration-break:clone;padding-top:0px;padding-right:0px;padding-bottom:0px;padding-left:0px;}<\/style>\n<h2 class=\"kt-adv-heading_c03a13-3e wp-block-kadence-advancedheading\" data-kb-block=\"kb-adv-heading_c03a13-3e\" data-aos=\"zoom-in\" data-aos-duration=\"800\" data-aos-easing=\"ease\">Candidate #19<\/h2>\n\n\n\n<figure class=\"wp-block-image size-full\"><img loading=\"lazy\" decoding=\"async\" width=\"580\" height=\"464\" src=\"https:\/\/misswheelchairworld.org\/wp-content\/uploads\/2022\/10\/russia-duze_min.jpg\" alt=\"\" class=\"wp-image-2824\" srcset=\"https:\/\/misswheelchairworld.org\/wp-content\/uploads\/2022\/10\/russia-duze_min.jpg 580w, https:\/\/misswheelchairworld.org\/wp-content\/uploads\/2022\/10\/russia-duze_min-300x240.jpg 300w, https:\/\/misswheelchairworld.org\/wp-content\/uploads\/2022\/10\/russia-duze_min-15x12.jpg 15w\" sizes=\"auto, (max-width: 580px) 100vw, 580px\" \/><\/figure>\n<\/div><\/div>\n\n\n<style>.kadence-column_d6b8d0-4d > .kt-inside-inner-col,.kadence-column_d6b8d0-4d > .kt-inside-inner-col:before{border-top-left-radius:0px;border-top-right-radius:0px;border-bottom-right-radius:0px;border-bottom-left-radius:0px;}.kadence-column_d6b8d0-4d > .kt-inside-inner-col{column-gap:var(--global-kb-gap-sm, 1rem);}.kadence-column_d6b8d0-4d > .kt-inside-inner-col{flex-direction:column;}.kadence-column_d6b8d0-4d > .kt-inside-inner-col > .aligncenter{width:100%;}.kadence-column_d6b8d0-4d > .kt-inside-inner-col:before{opacity:0.3;}.kadence-column_d6b8d0-4d{position:relative;}@media all and (max-width: 1024px){.kadence-column_d6b8d0-4d > .kt-inside-inner-col{flex-direction:column;justify-content:center;}}@media all and (max-width: 767px){.kadence-column_d6b8d0-4d > .kt-inside-inner-col{flex-direction:column;justify-content:center;}}<\/style>\n<div class=\"wp-block-kadence-column kadence-column_d6b8d0-4d inner-column-2\"><div class=\"kt-inside-inner-col\"><style>.wp-block-kadence-advancedheading.kt-adv-heading_21d2bc-c1, .wp-block-kadence-advancedheading.kt-adv-heading_21d2bc-c1[data-kb-block=\"kb-adv-heading_21d2bc-c1\"]{text-align:right;font-size:24px;font-weight:600;font-style:normal;font-family:'Nunito Sans';}.wp-block-kadence-advancedheading.kt-adv-heading_21d2bc-c1 mark.kt-highlight, .wp-block-kadence-advancedheading.kt-adv-heading_21d2bc-c1[data-kb-block=\"kb-adv-heading_21d2bc-c1\"] mark.kt-highlight{font-style:normal;color:#f76a0c;-webkit-box-decoration-break:clone;box-decoration-break:clone;padding-top:0px;padding-right:0px;padding-bottom:0px;padding-left:0px;}<\/style>\n<p class=\"kt-adv-heading_21d2bc-c1 wp-block-kadence-advancedheading has-theme-palette-6-color has-text-color\" data-kb-block=\"kb-adv-heading_21d2bc-c1\">Votes cast: <mark style=\"background-color:rgba(0, 0, 0, 0)\" class=\"has-inline-color has-theme-palette-2-color\">1277<\/mark><\/p>\n\n\n<style>.wp-block-kadence-advancedheading.kt-adv-heading_27406f-f4, .wp-block-kadence-advancedheading.kt-adv-heading_27406f-f4[data-kb-block=\"kb-adv-heading_27406f-f4\"]{text-align:left;font-size:20px;font-weight:700;font-style:normal;font-family:'Nunito Sans';}.wp-block-kadence-advancedheading.kt-adv-heading_27406f-f4 mark.kt-highlight, .wp-block-kadence-advancedheading.kt-adv-heading_27406f-f4[data-kb-block=\"kb-adv-heading_27406f-f4\"] mark.kt-highlight{font-style:normal;color:#f76a0c;-webkit-box-decoration-break:clone;box-decoration-break:clone;padding-top:0px;padding-right:0px;padding-bottom:0px;padding-left:0px;}<\/style>\n<p class=\"kt-adv-heading_27406f-f4 wp-block-kadence-advancedheading has-theme-palette-1-color has-text-color\" data-kb-block=\"kb-adv-heading_27406f-f4\">Alena Tiapkova<\/p>\n\n\n<style>.wp-block-kadence-advancedheading.kt-adv-heading_13d7fb-d9, .wp-block-kadence-advancedheading.kt-adv-heading_13d7fb-d9[data-kb-block=\"kb-adv-heading_13d7fb-d9\"]{margin-top:-30px;text-align:left;font-size:20px;font-weight:700;font-style:normal;font-family:'Nunito Sans';}.wp-block-kadence-advancedheading.kt-adv-heading_13d7fb-d9 mark.kt-highlight, .wp-block-kadence-advancedheading.kt-adv-heading_13d7fb-d9[data-kb-block=\"kb-adv-heading_13d7fb-d9\"] mark.kt-highlight{font-style:normal;color:#f76a0c;-webkit-box-decoration-break:clone;box-decoration-break:clone;padding-top:0px;padding-right:0px;padding-bottom:0px;padding-left:0px;}<\/style>\n<p class=\"kt-adv-heading_13d7fb-d9 wp-block-kadence-advancedheading has-theme-palette-2-color has-text-color\" data-kb-block=\"kb-adv-heading_13d7fb-d9\">Russia<\/p>\n\n\n<style>.wp-block-kadence-advancedheading.kt-adv-heading_b69484-62, .wp-block-kadence-advancedheading.kt-adv-heading_b69484-62[data-kb-block=\"kb-adv-heading_b69484-62\"]{margin-top:-15px;font-style:normal;}.wp-block-kadence-advancedheading.kt-adv-heading_b69484-62 mark.kt-highlight, .wp-block-kadence-advancedheading.kt-adv-heading_b69484-62[data-kb-block=\"kb-adv-heading_b69484-62\"] mark.kt-highlight{font-style:normal;color:#f76a0c;-webkit-box-decoration-break:clone;box-decoration-break:clone;padding-top:0px;padding-right:0px;padding-bottom:0px;padding-left:0px;}<\/style>\n<p class=\"kt-adv-heading_b69484-62 wp-block-kadence-advancedheading\" data-kb-block=\"kb-adv-heading_b69484-62\">I live an active life. I present a charity foundation called ''The Angel of Hope''. This foundation helps children and families in difficult situations. I take part in theatrical performances at charity festivals and other charity events. I am a member of the Youth Council attached to the administration of my home city. We organise various events for the residents and refine the city's infrastructure. My participation in the Council indicates that you should not forget about people with disabilities and that we can be active, purposeful and valuable to society. I participated as a model in the integration fashion show of the company Open World in Moscow Fashion Week organised. I do sports on par with healthy people. I am trying to do it on all training simulators and also to adapt equipment in the gym for people with disabilities. I participated in the National Contest of Beauty, and in 2016 I won the title ''The First Vice Queen of Independence \".<\/p>\n<\/div><\/div>\n\n<\/div><\/div>","protected":false},"excerpt":{"rendered":"<p>Kandydantka #19 oddanych g\u0142os\u00f3w: 1277 Alena Tiapkova Rosja Prowadz\u0119 aktywne \u017cycie. Jestem ambasadork\u0105 fundacji The Angel of Hope. Fundacja pomaga dzieciom i rodzinom w trudnej sytuacji \u017cyciowej. Bior\u0119 udzia\u0142 w przedstawieniach teatralnych na festiwalach dobroczynnych i innych eventach. Jestem cz\u0142onkiem Rady M\u0142odzie\u017cy, kt\u00f3ra jest po\u0142\u0105czona z administracj\u0105 mojego rodzinnego miasta. Organizujemy ro\u017cne wydarzenia dla mieszka\u0144c\u00f3w&#8230;<\/p>","protected":false},"author":1,"featured_media":0,"parent":0,"menu_order":0,"comment_status":"closed","ping_status":"closed","template":"","meta":{"_kad_post_transparent":"","_kad_post_title":"","_kad_post_layout":"","_kad_post_sidebar_id":"","_kad_post_content_style":"","_kad_post_vertical_padding":"","_kad_post_feature":"","_kad_post_feature_position":"","_kad_post_header":false,"_kad_post_footer":false,"_kad_post_classname":"","footnotes":""},"class_list":["post-2843","page","type-page","status-publish","hentry"],"yoast_head":"<!-- This site is optimized with the Yoast SEO plugin v26.3 - https:\/\/yoast.com\/wordpress\/plugins\/seo\/ -->\n<title>Kandydantka #19 - Miss Wheelchair World<\/title>\n<meta name=\"robots\" content=\"index, follow, max-snippet:-1, max-image-preview:large, max-video-preview:-1\" \/>\n<link rel=\"canonical\" href=\"https:\/\/misswheelchairworld.org\/en\/kandydantka-19\/\" \/>\n<meta property=\"og:locale\" content=\"en_GB\" \/>\n<meta property=\"og:type\" content=\"article\" \/>\n<meta property=\"og:title\" content=\"Kandydantka #19 - Miss Wheelchair World\" \/>\n<meta property=\"og:description\" content=\"Kandydantka #19 oddanych g\u0142os\u00f3w: 1277 Alena Tiapkova Rosja Prowadz\u0119 aktywne \u017cycie. Jestem ambasadork\u0105 fundacji The Angel of Hope. Fundacja pomaga dzieciom i rodzinom w trudnej sytuacji \u017cyciowej. Bior\u0119 udzia\u0142 w przedstawieniach teatralnych na festiwalach dobroczynnych i innych eventach. Jestem cz\u0142onkiem Rady M\u0142odzie\u017cy, kt\u00f3ra jest po\u0142\u0105czona z administracj\u0105 mojego rodzinnego miasta. Organizujemy ro\u017cne wydarzenia dla mieszka\u0144c\u00f3w...\" \/>\n<meta property=\"og:url\" content=\"https:\/\/misswheelchairworld.org\/en\/kandydantka-19\/\" \/>\n<meta property=\"og:site_name\" content=\"Miss Wheelchair World\" \/>\n<meta property=\"article:publisher\" content=\"https:\/\/www.facebook.com\/MissWheelchairWorld\" \/>\n<meta property=\"article:modified_time\" content=\"2023-03-20T12:46:12+00:00\" \/>\n<meta property=\"og:image\" content=\"https:\/\/misswheelchairworld.org\/wp-content\/uploads\/2022\/10\/russia-duze_min.jpg\" \/>\n<meta name=\"twitter:card\" content=\"summary_large_image\" \/>\n<meta name=\"twitter:site\" content=\"@Jedyna__Taka\" \/>\n<meta name=\"twitter:label1\" content=\"Estimated reading time\" \/>\n\t<meta name=\"twitter:data1\" content=\"2 minutes\" \/>\n<script type=\"application\/ld+json\" class=\"yoast-schema-graph\">{\"@context\":\"https:\/\/schema.org\",\"@graph\":[{\"@type\":\"WebPage\",\"@id\":\"https:\/\/misswheelchairworld.org\/kandydantka-19\/\",\"url\":\"https:\/\/misswheelchairworld.org\/kandydantka-19\/\",\"name\":\"Kandydantka #19 - Miss Wheelchair World\",\"isPartOf\":{\"@id\":\"https:\/\/misswheelchairworld.org\/#website\"},\"primaryImageOfPage\":{\"@id\":\"https:\/\/misswheelchairworld.org\/kandydantka-19\/#primaryimage\"},\"image\":{\"@id\":\"https:\/\/misswheelchairworld.org\/kandydantka-19\/#primaryimage\"},\"thumbnailUrl\":\"https:\/\/misswheelchairworld.org\/wp-content\/uploads\/2022\/10\/russia-duze_min.jpg\",\"datePublished\":\"2022-10-20T08:59:57+00:00\",\"dateModified\":\"2023-03-20T12:46:12+00:00\",\"breadcrumb\":{\"@id\":\"https:\/\/misswheelchairworld.org\/kandydantka-19\/#breadcrumb\"},\"inLanguage\":\"en-GB\",\"potentialAction\":[{\"@type\":\"ReadAction\",\"target\":[\"https:\/\/misswheelchairworld.org\/kandydantka-19\/\"]}]},{\"@type\":\"ImageObject\",\"inLanguage\":\"en-GB\",\"@id\":\"https:\/\/misswheelchairworld.org\/kandydantka-19\/#primaryimage\",\"url\":\"https:\/\/misswheelchairworld.org\/wp-content\/uploads\/2022\/10\/russia-duze_min.jpg\",\"contentUrl\":\"https:\/\/misswheelchairworld.org\/wp-content\/uploads\/2022\/10\/russia-duze_min.jpg\"},{\"@type\":\"BreadcrumbList\",\"@id\":\"https:\/\/misswheelchairworld.org\/kandydantka-19\/#breadcrumb\",\"itemListElement\":[{\"@type\":\"ListItem\",\"position\":1,\"name\":\"Home\",\"item\":\"https:\/\/misswheelchairworld.org\/\"},{\"@type\":\"ListItem\",\"position\":2,\"name\":\"Kandydantka #19\"}]},{\"@type\":\"WebSite\",\"@id\":\"https:\/\/misswheelchairworld.org\/#website\",\"url\":\"https:\/\/misswheelchairworld.org\/\",\"name\":\"Miss Wheelchair World\",\"description\":\"Miss Wheelchair World\",\"publisher\":{\"@id\":\"https:\/\/misswheelchairworld.org\/#organization\"},\"potentialAction\":[{\"@type\":\"SearchAction\",\"target\":{\"@type\":\"EntryPoint\",\"urlTemplate\":\"https:\/\/misswheelchairworld.org\/?s={search_term_string}\"},\"query-input\":{\"@type\":\"PropertyValueSpecification\",\"valueRequired\":true,\"valueName\":\"search_term_string\"}}],\"inLanguage\":\"en-GB\"},{\"@type\":\"Organization\",\"@id\":\"https:\/\/misswheelchairworld.org\/#organization\",\"name\":\"Miss Wheelchair World\",\"url\":\"https:\/\/misswheelchairworld.org\/\",\"logo\":{\"@type\":\"ImageObject\",\"inLanguage\":\"en-GB\",\"@id\":\"https:\/\/misswheelchairworld.org\/#\/schema\/logo\/image\/\",\"url\":\"https:\/\/misswheelchairworld.org\/wp-content\/uploads\/2022\/10\/Kopia-logoMWW-angielskie-czyste.png\",\"contentUrl\":\"https:\/\/misswheelchairworld.org\/wp-content\/uploads\/2022\/10\/Kopia-logoMWW-angielskie-czyste.png\",\"width\":4871,\"height\":1852,\"caption\":\"Miss Wheelchair World\"},\"image\":{\"@id\":\"https:\/\/misswheelchairworld.org\/#\/schema\/logo\/image\/\"},\"sameAs\":[\"https:\/\/www.facebook.com\/MissWheelchairWorld\",\"https:\/\/x.com\/Jedyna__Taka\",\"https:\/\/www.instagram.com\/misswheelchairworld\/\",\"https:\/\/www.youtube.com\/channel\/UCVaiD9tQULYwtIwQFAyk7zw\"]}]}<\/script>\n<!-- \/ Yoast SEO plugin. -->","yoast_head_json":{"title":"Kandydantka #19 - Miss Wheelchair World","robots":{"index":"index","follow":"follow","max-snippet":"max-snippet:-1","max-image-preview":"max-image-preview:large","max-video-preview":"max-video-preview:-1"},"canonical":"https:\/\/misswheelchairworld.org\/en\/kandydantka-19\/","og_locale":"en_GB","og_type":"article","og_title":"Kandydantka #19 - Miss Wheelchair World","og_description":"Kandydantka #19 oddanych g\u0142os\u00f3w: 1277 Alena Tiapkova Rosja Prowadz\u0119 aktywne \u017cycie. Jestem ambasadork\u0105 fundacji The Angel of Hope. Fundacja pomaga dzieciom i rodzinom w trudnej sytuacji \u017cyciowej. Bior\u0119 udzia\u0142 w przedstawieniach teatralnych na festiwalach dobroczynnych i innych eventach. Jestem cz\u0142onkiem Rady M\u0142odzie\u017cy, kt\u00f3ra jest po\u0142\u0105czona z administracj\u0105 mojego rodzinnego miasta. Organizujemy ro\u017cne wydarzenia dla mieszka\u0144c\u00f3w...","og_url":"https:\/\/misswheelchairworld.org\/en\/kandydantka-19\/","og_site_name":"Miss Wheelchair World","article_publisher":"https:\/\/www.facebook.com\/MissWheelchairWorld","article_modified_time":"2023-03-20T12:46:12+00:00","og_image":[{"url":"https:\/\/misswheelchairworld.org\/wp-content\/uploads\/2022\/10\/russia-duze_min.jpg","type":"","width":"","height":""}],"twitter_card":"summary_large_image","twitter_site":"@Jedyna__Taka","twitter_misc":{"Estimated reading time":"2 minutes"},"schema":{"@context":"https:\/\/schema.org","@graph":[{"@type":"WebPage","@id":"https:\/\/misswheelchairworld.org\/kandydantka-19\/","url":"https:\/\/misswheelchairworld.org\/kandydantka-19\/","name":"Kandydantka #19 - Miss Wheelchair World","isPartOf":{"@id":"https:\/\/misswheelchairworld.org\/#website"},"primaryImageOfPage":{"@id":"https:\/\/misswheelchairworld.org\/kandydantka-19\/#primaryimage"},"image":{"@id":"https:\/\/misswheelchairworld.org\/kandydantka-19\/#primaryimage"},"thumbnailUrl":"https:\/\/misswheelchairworld.org\/wp-content\/uploads\/2022\/10\/russia-duze_min.jpg","datePublished":"2022-10-20T08:59:57+00:00","dateModified":"2023-03-20T12:46:12+00:00","breadcrumb":{"@id":"https:\/\/misswheelchairworld.org\/kandydantka-19\/#breadcrumb"},"inLanguage":"en-GB","potentialAction":[{"@type":"ReadAction","target":["https:\/\/misswheelchairworld.org\/kandydantka-19\/"]}]},{"@type":"ImageObject","inLanguage":"en-GB","@id":"https:\/\/misswheelchairworld.org\/kandydantka-19\/#primaryimage","url":"https:\/\/misswheelchairworld.org\/wp-content\/uploads\/2022\/10\/russia-duze_min.jpg","contentUrl":"https:\/\/misswheelchairworld.org\/wp-content\/uploads\/2022\/10\/russia-duze_min.jpg"},{"@type":"BreadcrumbList","@id":"https:\/\/misswheelchairworld.org\/kandydantka-19\/#breadcrumb","itemListElement":[{"@type":"ListItem","position":1,"name":"Home","item":"https:\/\/misswheelchairworld.org\/"},{"@type":"ListItem","position":2,"name":"Kandydantka #19"}]},{"@type":"WebSite","@id":"https:\/\/misswheelchairworld.org\/#website","url":"https:\/\/misswheelchairworld.org\/","name":"Miss Wheelchair World","description":"Miss Wheelchair World","publisher":{"@id":"https:\/\/misswheelchairworld.org\/#organization"},"potentialAction":[{"@type":"SearchAction","target":{"@type":"EntryPoint","urlTemplate":"https:\/\/misswheelchairworld.org\/?s={search_term_string}"},"query-input":{"@type":"PropertyValueSpecification","valueRequired":true,"valueName":"search_term_string"}}],"inLanguage":"en-GB"},{"@type":"Organization","@id":"https:\/\/misswheelchairworld.org\/#organization","name":"Miss Wheelchair World","url":"https:\/\/misswheelchairworld.org\/","logo":{"@type":"ImageObject","inLanguage":"en-GB","@id":"https:\/\/misswheelchairworld.org\/#\/schema\/logo\/image\/","url":"https:\/\/misswheelchairworld.org\/wp-content\/uploads\/2022\/10\/Kopia-logoMWW-angielskie-czyste.png","contentUrl":"https:\/\/misswheelchairworld.org\/wp-content\/uploads\/2022\/10\/Kopia-logoMWW-angielskie-czyste.png","width":4871,"height":1852,"caption":"Miss Wheelchair World"},"image":{"@id":"https:\/\/misswheelchairworld.org\/#\/schema\/logo\/image\/"},"sameAs":["https:\/\/www.facebook.com\/MissWheelchairWorld","https:\/\/x.com\/Jedyna__Taka","https:\/\/www.instagram.com\/misswheelchairworld\/","https:\/\/www.youtube.com\/channel\/UCVaiD9tQULYwtIwQFAyk7zw"]}]}},"_links":{"self":[{"href":"https:\/\/misswheelchairworld.org\/en\/wp-json\/wp\/v2\/pages\/2843","targetHints":{"allow":["GET"]}}],"collection":[{"href":"https:\/\/misswheelchairworld.org\/en\/wp-json\/wp\/v2\/pages"}],"about":[{"href":"https:\/\/misswheelchairworld.org\/en\/wp-json\/wp\/v2\/types\/page"}],"author":[{"embeddable":true,"href":"https:\/\/misswheelchairworld.org\/en\/wp-json\/wp\/v2\/users\/1"}],"replies":[{"embeddable":true,"href":"https:\/\/misswheelchairworld.org\/en\/wp-json\/wp\/v2\/comments?post=2843"}],"version-history":[{"count":5,"href":"https:\/\/misswheelchairworld.org\/en\/wp-json\/wp\/v2\/pages\/2843\/revisions"}],"predecessor-version":[{"id":5280,"href":"https:\/\/misswheelchairworld.org\/en\/wp-json\/wp\/v2\/pages\/2843\/revisions\/5280"}],"wp:attachment":[{"href":"https:\/\/misswheelchairworld.org\/en\/wp-json\/wp\/v2\/media?parent=2843"}],"curies":[{"name":"wp","href":"https:\/\/api.w.org\/{rel}","templated":true}]}}