{"id":2847,"date":"2022-10-20T09:12:02","date_gmt":"2022-10-20T09:12:02","guid":{"rendered":"https:\/\/misswheelchairworld.org\/?page_id=2847"},"modified":"2023-03-20T13:47:06","modified_gmt":"2023-03-20T12:47:06","slug":"kandydantka-16","status":"publish","type":"page","link":"https:\/\/misswheelchairworld.org\/en\/kandydantka-16\/","title":{"rendered":"Candidate #16"},"content":{"rendered":"<style>.kb-row-layout-id_689224-03 > .kt-row-column-wrap{align-content:start;}:where(.kb-row-layout-id_689224-03 > .kt-row-column-wrap) > .wp-block-kadence-column{justify-content:start;}.kb-row-layout-id_689224-03 > .kt-row-column-wrap{column-gap:var(--global-kb-gap-md, 2rem);row-gap:var(--global-kb-gap-md, 2rem);max-width:1150px;margin-left:auto;margin-right:auto;padding-top:50px;padding-bottom:60px;grid-template-columns:repeat(2, minmax(0, 1fr));}.kb-row-layout-id_689224-03 > .kt-row-layout-overlay{opacity:0.30;}@media all and (max-width: 1024px){.kb-row-layout-id_689224-03 > .kt-row-column-wrap{grid-template-columns:repeat(2, minmax(0, 1fr));}}@media all and (max-width: 767px){.kb-row-layout-id_689224-03 > .kt-row-column-wrap{grid-template-columns:minmax(0, 1fr);}}<\/style><div class=\"kb-row-layout-wrap kb-row-layout-id_689224-03 alignfull wp-block-kadence-rowlayout\"><div class=\"kt-row-column-wrap kt-has-2-columns kt-row-layout-equal kt-tab-layout-inherit kt-mobile-layout-row kt-row-valign-top\">\n<style>.kadence-column_c49424-d3 > .kt-inside-inner-col,.kadence-column_c49424-d3 > .kt-inside-inner-col:before{border-top-left-radius:0px;border-top-right-radius:0px;border-bottom-right-radius:0px;border-bottom-left-radius:0px;}.kadence-column_c49424-d3 > .kt-inside-inner-col{column-gap:var(--global-kb-gap-sm, 1rem);}.kadence-column_c49424-d3 > .kt-inside-inner-col{flex-direction:column;}.kadence-column_c49424-d3 > .kt-inside-inner-col > .aligncenter{width:100%;}.kadence-column_c49424-d3 > .kt-inside-inner-col:before{opacity:0.3;}.kadence-column_c49424-d3{position:relative;}@media all and (max-width: 1024px){.kadence-column_c49424-d3 > .kt-inside-inner-col{flex-direction:column;justify-content:center;}}@media all and (max-width: 767px){.kadence-column_c49424-d3 > .kt-inside-inner-col{flex-direction:column;justify-content:center;}}<\/style>\n<div class=\"wp-block-kadence-column kadence-column_c49424-d3 inner-column-1\" data-aos=\"zoom-in\" data-aos-duration=\"800\" data-aos-easing=\"ease\"><div class=\"kt-inside-inner-col\"><style>.wp-block-kadence-advancedheading.kt-adv-heading_e569b5-c9, .wp-block-kadence-advancedheading.kt-adv-heading_e569b5-c9[data-kb-block=\"kb-adv-heading_e569b5-c9\"]{font-style:normal;}.wp-block-kadence-advancedheading.kt-adv-heading_e569b5-c9 mark.kt-highlight, .wp-block-kadence-advancedheading.kt-adv-heading_e569b5-c9[data-kb-block=\"kb-adv-heading_e569b5-c9\"] mark.kt-highlight{font-style:normal;color:#f76a0c;-webkit-box-decoration-break:clone;box-decoration-break:clone;padding-top:0px;padding-right:0px;padding-bottom:0px;padding-left:0px;}<\/style>\n<h2 class=\"kt-adv-heading_e569b5-c9 wp-block-kadence-advancedheading\" data-kb-block=\"kb-adv-heading_e569b5-c9\" data-aos=\"zoom-in\" data-aos-duration=\"800\" data-aos-easing=\"ease\">Candidate #16<\/h2>\n\n\n\n<figure class=\"wp-block-image size-full\"><img loading=\"lazy\" decoding=\"async\" width=\"580\" height=\"464\" src=\"https:\/\/misswheelchairworld.org\/wp-content\/uploads\/2022\/10\/netherlands-duze_min.jpg\" alt=\"\" class=\"wp-image-2822\" srcset=\"https:\/\/misswheelchairworld.org\/wp-content\/uploads\/2022\/10\/netherlands-duze_min.jpg 580w, https:\/\/misswheelchairworld.org\/wp-content\/uploads\/2022\/10\/netherlands-duze_min-300x240.jpg 300w, https:\/\/misswheelchairworld.org\/wp-content\/uploads\/2022\/10\/netherlands-duze_min-15x12.jpg 15w\" sizes=\"auto, (max-width: 580px) 100vw, 580px\" \/><\/figure>\n<\/div><\/div>\n\n\n<style>.kadence-column_5fd63c-f4 > .kt-inside-inner-col,.kadence-column_5fd63c-f4 > .kt-inside-inner-col:before{border-top-left-radius:0px;border-top-right-radius:0px;border-bottom-right-radius:0px;border-bottom-left-radius:0px;}.kadence-column_5fd63c-f4 > .kt-inside-inner-col{column-gap:var(--global-kb-gap-sm, 1rem);}.kadence-column_5fd63c-f4 > .kt-inside-inner-col{flex-direction:column;}.kadence-column_5fd63c-f4 > .kt-inside-inner-col > .aligncenter{width:100%;}.kadence-column_5fd63c-f4 > .kt-inside-inner-col:before{opacity:0.3;}.kadence-column_5fd63c-f4{position:relative;}@media all and (max-width: 1024px){.kadence-column_5fd63c-f4 > .kt-inside-inner-col{flex-direction:column;justify-content:center;}}@media all and (max-width: 767px){.kadence-column_5fd63c-f4 > .kt-inside-inner-col{flex-direction:column;justify-content:center;}}<\/style>\n<div class=\"wp-block-kadence-column kadence-column_5fd63c-f4 inner-column-2\"><div class=\"kt-inside-inner-col\"><style>.wp-block-kadence-advancedheading.kt-adv-heading_e96593-c3, .wp-block-kadence-advancedheading.kt-adv-heading_e96593-c3[data-kb-block=\"kb-adv-heading_e96593-c3\"]{text-align:right;font-size:24px;font-weight:600;font-style:normal;font-family:'Nunito Sans';}.wp-block-kadence-advancedheading.kt-adv-heading_e96593-c3 mark.kt-highlight, .wp-block-kadence-advancedheading.kt-adv-heading_e96593-c3[data-kb-block=\"kb-adv-heading_e96593-c3\"] mark.kt-highlight{font-style:normal;color:#f76a0c;-webkit-box-decoration-break:clone;box-decoration-break:clone;padding-top:0px;padding-right:0px;padding-bottom:0px;padding-left:0px;}<\/style>\n<p class=\"kt-adv-heading_e96593-c3 wp-block-kadence-advancedheading has-theme-palette-6-color has-text-color\" data-kb-block=\"kb-adv-heading_e96593-c3\">Votes cast: <mark style=\"background-color:rgba(0, 0, 0, 0)\" class=\"has-inline-color has-theme-palette-2-color\">1185<\/mark><\/p>\n\n\n<style>.wp-block-kadence-advancedheading.kt-adv-heading_b160d5-f2, .wp-block-kadence-advancedheading.kt-adv-heading_b160d5-f2[data-kb-block=\"kb-adv-heading_b160d5-f2\"]{text-align:left;font-size:20px;font-weight:700;font-style:normal;font-family:'Nunito Sans';}.wp-block-kadence-advancedheading.kt-adv-heading_b160d5-f2 mark.kt-highlight, .wp-block-kadence-advancedheading.kt-adv-heading_b160d5-f2[data-kb-block=\"kb-adv-heading_b160d5-f2\"] mark.kt-highlight{font-style:normal;color:#f76a0c;-webkit-box-decoration-break:clone;box-decoration-break:clone;padding-top:0px;padding-right:0px;padding-bottom:0px;padding-left:0px;}<\/style>\n<p class=\"kt-adv-heading_b160d5-f2 wp-block-kadence-advancedheading has-theme-palette-1-color has-text-color\" data-kb-block=\"kb-adv-heading_b160d5-f2\"><mark style=\"background-color:rgba(0, 0, 0, 0)\" class=\"has-inline-color has-theme-palette-2-color\"><\/mark>Mirande Bakker<\/p>\n\n\n<style>.wp-block-kadence-advancedheading.kt-adv-heading_30e4b2-a0, .wp-block-kadence-advancedheading.kt-adv-heading_30e4b2-a0[data-kb-block=\"kb-adv-heading_30e4b2-a0\"]{margin-top:-30px;text-align:left;font-size:20px;font-weight:700;font-style:normal;font-family:'Nunito Sans';}.wp-block-kadence-advancedheading.kt-adv-heading_30e4b2-a0 mark.kt-highlight, .wp-block-kadence-advancedheading.kt-adv-heading_30e4b2-a0[data-kb-block=\"kb-adv-heading_30e4b2-a0\"] mark.kt-highlight{font-style:normal;color:#f76a0c;-webkit-box-decoration-break:clone;box-decoration-break:clone;padding-top:0px;padding-right:0px;padding-bottom:0px;padding-left:0px;}<\/style>\n<p class=\"kt-adv-heading_30e4b2-a0 wp-block-kadence-advancedheading has-theme-palette-2-color has-text-color\" data-kb-block=\"kb-adv-heading_30e4b2-a0\"><mark style=\"background-color:rgba(0, 0, 0, 0)\" class=\"has-inline-color has-theme-palette-2-color\"><\/mark>Netherlands<\/p>\n\n\n<style>.wp-block-kadence-advancedheading.kt-adv-heading_dbcb77-17, .wp-block-kadence-advancedheading.kt-adv-heading_dbcb77-17[data-kb-block=\"kb-adv-heading_dbcb77-17\"]{margin-top:-15px;font-style:normal;}.wp-block-kadence-advancedheading.kt-adv-heading_dbcb77-17 mark.kt-highlight, .wp-block-kadence-advancedheading.kt-adv-heading_dbcb77-17[data-kb-block=\"kb-adv-heading_dbcb77-17\"] mark.kt-highlight{font-style:normal;color:#f76a0c;-webkit-box-decoration-break:clone;box-decoration-break:clone;padding-top:0px;padding-right:0px;padding-bottom:0px;padding-left:0px;}<\/style>\n<p class=\"kt-adv-heading_dbcb77-17 wp-block-kadence-advancedheading\" data-kb-block=\"kb-adv-heading_dbcb77-17\">I am Miss Disabled Netherlands. By the doctor's mistake, I have been disabled for three years. I have a spinal cord injury and a left paralysed to my hip. Because I won the miss election in my own country, I am the Ambassador of the Lucille Werner Foundation. My mission is \"fewer rules, more provision,\" and participation in employment for people with disabilities. I have my hairdressing salon where I can perform my work with special adjustments. I have been training in the rehabilitation centre for a long time to be able to do my daily things again. But by keeping hope and faith, I've come as far as I am now. I look for possibilities and not for impossibilities. I'm a cheerful woman who chases her dreams and pursues goals. Where there is a will, there is a way!<\/p>\n<\/div><\/div>\n\n<\/div><\/div>","protected":false},"excerpt":{"rendered":"<p>Kandydantka #16 oddanych g\u0142os\u00f3w: 1185 Mirande Bakker Niderlandia Jestem Miss Holandii na w\u00f3zku. Osob\u0105 niepe\u0142nosprawn\u0105 sta\u0142am si\u0119 3 lata temu, po uszkodzeniu rdzenia kr\u0119gowego w wyniku b\u0142\u0119du lekarskiego. B\u0119d\u0105c Miss Holandii sta\u0142am si\u0119 ambasadork\u0105 Fundacji Lucille Werner. Moj\u0105 misj\u0105 jest &#8222;mniej zasad, wi\u0119cej zapewnie\u0144&#8221; i wsp\u00f3\u0142udzia\u0142 w zwi\u0119kszeniu zatrudnienia os\u00f3b z niepe\u0142nosprawno\u015bci\u0105. Mam sw\u00f3j w\u0142asny&#8230;<\/p>","protected":false},"author":1,"featured_media":0,"parent":0,"menu_order":0,"comment_status":"closed","ping_status":"closed","template":"","meta":{"_kad_post_transparent":"","_kad_post_title":"","_kad_post_layout":"","_kad_post_sidebar_id":"","_kad_post_content_style":"","_kad_post_vertical_padding":"","_kad_post_feature":"","_kad_post_feature_position":"","_kad_post_header":false,"_kad_post_footer":false,"_kad_post_classname":"","footnotes":""},"class_list":["post-2847","page","type-page","status-publish","hentry"],"yoast_head":"<!-- This site is optimized with the Yoast SEO plugin v26.3 - https:\/\/yoast.com\/wordpress\/plugins\/seo\/ -->\n<title>Kandydantka #16 - Miss Wheelchair World<\/title>\n<meta name=\"robots\" content=\"index, follow, max-snippet:-1, max-image-preview:large, max-video-preview:-1\" \/>\n<link rel=\"canonical\" href=\"https:\/\/misswheelchairworld.org\/en\/kandydantka-16\/\" \/>\n<meta property=\"og:locale\" content=\"en_GB\" \/>\n<meta property=\"og:type\" content=\"article\" \/>\n<meta property=\"og:title\" content=\"Kandydantka #16 - Miss Wheelchair World\" \/>\n<meta property=\"og:description\" content=\"Kandydantka #16 oddanych g\u0142os\u00f3w: 1185 Mirande Bakker Niderlandia Jestem Miss Holandii na w\u00f3zku. Osob\u0105 niepe\u0142nosprawn\u0105 sta\u0142am si\u0119 3 lata temu, po uszkodzeniu rdzenia kr\u0119gowego w wyniku b\u0142\u0119du lekarskiego. B\u0119d\u0105c Miss Holandii sta\u0142am si\u0119 ambasadork\u0105 Fundacji Lucille Werner. Moj\u0105 misj\u0105 jest &#8222;mniej zasad, wi\u0119cej zapewnie\u0144&#8221; i wsp\u00f3\u0142udzia\u0142 w zwi\u0119kszeniu zatrudnienia os\u00f3b z niepe\u0142nosprawno\u015bci\u0105. Mam sw\u00f3j w\u0142asny...\" \/>\n<meta property=\"og:url\" content=\"https:\/\/misswheelchairworld.org\/en\/kandydantka-16\/\" \/>\n<meta property=\"og:site_name\" content=\"Miss Wheelchair World\" \/>\n<meta property=\"article:publisher\" content=\"https:\/\/www.facebook.com\/MissWheelchairWorld\" \/>\n<meta property=\"article:modified_time\" content=\"2023-03-20T12:47:06+00:00\" \/>\n<meta property=\"og:image\" content=\"https:\/\/misswheelchairworld.org\/wp-content\/uploads\/2022\/10\/netherlands-duze_min.jpg\" \/>\n<meta name=\"twitter:card\" content=\"summary_large_image\" \/>\n<meta name=\"twitter:site\" content=\"@Jedyna__Taka\" \/>\n<meta name=\"twitter:label1\" content=\"Estimated reading time\" \/>\n\t<meta name=\"twitter:data1\" content=\"1 minute\" \/>\n<script type=\"application\/ld+json\" class=\"yoast-schema-graph\">{\"@context\":\"https:\/\/schema.org\",\"@graph\":[{\"@type\":\"WebPage\",\"@id\":\"https:\/\/misswheelchairworld.org\/kandydantka-16\/\",\"url\":\"https:\/\/misswheelchairworld.org\/kandydantka-16\/\",\"name\":\"Kandydantka #16 - Miss Wheelchair World\",\"isPartOf\":{\"@id\":\"https:\/\/misswheelchairworld.org\/#website\"},\"primaryImageOfPage\":{\"@id\":\"https:\/\/misswheelchairworld.org\/kandydantka-16\/#primaryimage\"},\"image\":{\"@id\":\"https:\/\/misswheelchairworld.org\/kandydantka-16\/#primaryimage\"},\"thumbnailUrl\":\"https:\/\/misswheelchairworld.org\/wp-content\/uploads\/2022\/10\/netherlands-duze_min.jpg\",\"datePublished\":\"2022-10-20T09:12:02+00:00\",\"dateModified\":\"2023-03-20T12:47:06+00:00\",\"breadcrumb\":{\"@id\":\"https:\/\/misswheelchairworld.org\/kandydantka-16\/#breadcrumb\"},\"inLanguage\":\"en-GB\",\"potentialAction\":[{\"@type\":\"ReadAction\",\"target\":[\"https:\/\/misswheelchairworld.org\/kandydantka-16\/\"]}]},{\"@type\":\"ImageObject\",\"inLanguage\":\"en-GB\",\"@id\":\"https:\/\/misswheelchairworld.org\/kandydantka-16\/#primaryimage\",\"url\":\"https:\/\/misswheelchairworld.org\/wp-content\/uploads\/2022\/10\/netherlands-duze_min.jpg\",\"contentUrl\":\"https:\/\/misswheelchairworld.org\/wp-content\/uploads\/2022\/10\/netherlands-duze_min.jpg\"},{\"@type\":\"BreadcrumbList\",\"@id\":\"https:\/\/misswheelchairworld.org\/kandydantka-16\/#breadcrumb\",\"itemListElement\":[{\"@type\":\"ListItem\",\"position\":1,\"name\":\"Home\",\"item\":\"https:\/\/misswheelchairworld.org\/\"},{\"@type\":\"ListItem\",\"position\":2,\"name\":\"Kandydantka #16\"}]},{\"@type\":\"WebSite\",\"@id\":\"https:\/\/misswheelchairworld.org\/#website\",\"url\":\"https:\/\/misswheelchairworld.org\/\",\"name\":\"Miss Wheelchair World\",\"description\":\"Miss Wheelchair World\",\"publisher\":{\"@id\":\"https:\/\/misswheelchairworld.org\/#organization\"},\"potentialAction\":[{\"@type\":\"SearchAction\",\"target\":{\"@type\":\"EntryPoint\",\"urlTemplate\":\"https:\/\/misswheelchairworld.org\/?s={search_term_string}\"},\"query-input\":{\"@type\":\"PropertyValueSpecification\",\"valueRequired\":true,\"valueName\":\"search_term_string\"}}],\"inLanguage\":\"en-GB\"},{\"@type\":\"Organization\",\"@id\":\"https:\/\/misswheelchairworld.org\/#organization\",\"name\":\"Miss Wheelchair World\",\"url\":\"https:\/\/misswheelchairworld.org\/\",\"logo\":{\"@type\":\"ImageObject\",\"inLanguage\":\"en-GB\",\"@id\":\"https:\/\/misswheelchairworld.org\/#\/schema\/logo\/image\/\",\"url\":\"https:\/\/misswheelchairworld.org\/wp-content\/uploads\/2022\/10\/Kopia-logoMWW-angielskie-czyste.png\",\"contentUrl\":\"https:\/\/misswheelchairworld.org\/wp-content\/uploads\/2022\/10\/Kopia-logoMWW-angielskie-czyste.png\",\"width\":4871,\"height\":1852,\"caption\":\"Miss Wheelchair World\"},\"image\":{\"@id\":\"https:\/\/misswheelchairworld.org\/#\/schema\/logo\/image\/\"},\"sameAs\":[\"https:\/\/www.facebook.com\/MissWheelchairWorld\",\"https:\/\/x.com\/Jedyna__Taka\",\"https:\/\/www.instagram.com\/misswheelchairworld\/\",\"https:\/\/www.youtube.com\/channel\/UCVaiD9tQULYwtIwQFAyk7zw\"]}]}<\/script>\n<!-- \/ Yoast SEO plugin. -->","yoast_head_json":{"title":"Kandydantka #16 - Miss Wheelchair World","robots":{"index":"index","follow":"follow","max-snippet":"max-snippet:-1","max-image-preview":"max-image-preview:large","max-video-preview":"max-video-preview:-1"},"canonical":"https:\/\/misswheelchairworld.org\/en\/kandydantka-16\/","og_locale":"en_GB","og_type":"article","og_title":"Kandydantka #16 - Miss Wheelchair World","og_description":"Kandydantka #16 oddanych g\u0142os\u00f3w: 1185 Mirande Bakker Niderlandia Jestem Miss Holandii na w\u00f3zku. Osob\u0105 niepe\u0142nosprawn\u0105 sta\u0142am si\u0119 3 lata temu, po uszkodzeniu rdzenia kr\u0119gowego w wyniku b\u0142\u0119du lekarskiego. B\u0119d\u0105c Miss Holandii sta\u0142am si\u0119 ambasadork\u0105 Fundacji Lucille Werner. Moj\u0105 misj\u0105 jest &#8222;mniej zasad, wi\u0119cej zapewnie\u0144&#8221; i wsp\u00f3\u0142udzia\u0142 w zwi\u0119kszeniu zatrudnienia os\u00f3b z niepe\u0142nosprawno\u015bci\u0105. Mam sw\u00f3j w\u0142asny...","og_url":"https:\/\/misswheelchairworld.org\/en\/kandydantka-16\/","og_site_name":"Miss Wheelchair World","article_publisher":"https:\/\/www.facebook.com\/MissWheelchairWorld","article_modified_time":"2023-03-20T12:47:06+00:00","og_image":[{"url":"https:\/\/misswheelchairworld.org\/wp-content\/uploads\/2022\/10\/netherlands-duze_min.jpg","type":"","width":"","height":""}],"twitter_card":"summary_large_image","twitter_site":"@Jedyna__Taka","twitter_misc":{"Estimated reading time":"1 minute"},"schema":{"@context":"https:\/\/schema.org","@graph":[{"@type":"WebPage","@id":"https:\/\/misswheelchairworld.org\/kandydantka-16\/","url":"https:\/\/misswheelchairworld.org\/kandydantka-16\/","name":"Kandydantka #16 - Miss Wheelchair World","isPartOf":{"@id":"https:\/\/misswheelchairworld.org\/#website"},"primaryImageOfPage":{"@id":"https:\/\/misswheelchairworld.org\/kandydantka-16\/#primaryimage"},"image":{"@id":"https:\/\/misswheelchairworld.org\/kandydantka-16\/#primaryimage"},"thumbnailUrl":"https:\/\/misswheelchairworld.org\/wp-content\/uploads\/2022\/10\/netherlands-duze_min.jpg","datePublished":"2022-10-20T09:12:02+00:00","dateModified":"2023-03-20T12:47:06+00:00","breadcrumb":{"@id":"https:\/\/misswheelchairworld.org\/kandydantka-16\/#breadcrumb"},"inLanguage":"en-GB","potentialAction":[{"@type":"ReadAction","target":["https:\/\/misswheelchairworld.org\/kandydantka-16\/"]}]},{"@type":"ImageObject","inLanguage":"en-GB","@id":"https:\/\/misswheelchairworld.org\/kandydantka-16\/#primaryimage","url":"https:\/\/misswheelchairworld.org\/wp-content\/uploads\/2022\/10\/netherlands-duze_min.jpg","contentUrl":"https:\/\/misswheelchairworld.org\/wp-content\/uploads\/2022\/10\/netherlands-duze_min.jpg"},{"@type":"BreadcrumbList","@id":"https:\/\/misswheelchairworld.org\/kandydantka-16\/#breadcrumb","itemListElement":[{"@type":"ListItem","position":1,"name":"Home","item":"https:\/\/misswheelchairworld.org\/"},{"@type":"ListItem","position":2,"name":"Kandydantka #16"}]},{"@type":"WebSite","@id":"https:\/\/misswheelchairworld.org\/#website","url":"https:\/\/misswheelchairworld.org\/","name":"Miss Wheelchair World","description":"Miss Wheelchair World","publisher":{"@id":"https:\/\/misswheelchairworld.org\/#organization"},"potentialAction":[{"@type":"SearchAction","target":{"@type":"EntryPoint","urlTemplate":"https:\/\/misswheelchairworld.org\/?s={search_term_string}"},"query-input":{"@type":"PropertyValueSpecification","valueRequired":true,"valueName":"search_term_string"}}],"inLanguage":"en-GB"},{"@type":"Organization","@id":"https:\/\/misswheelchairworld.org\/#organization","name":"Miss Wheelchair World","url":"https:\/\/misswheelchairworld.org\/","logo":{"@type":"ImageObject","inLanguage":"en-GB","@id":"https:\/\/misswheelchairworld.org\/#\/schema\/logo\/image\/","url":"https:\/\/misswheelchairworld.org\/wp-content\/uploads\/2022\/10\/Kopia-logoMWW-angielskie-czyste.png","contentUrl":"https:\/\/misswheelchairworld.org\/wp-content\/uploads\/2022\/10\/Kopia-logoMWW-angielskie-czyste.png","width":4871,"height":1852,"caption":"Miss Wheelchair World"},"image":{"@id":"https:\/\/misswheelchairworld.org\/#\/schema\/logo\/image\/"},"sameAs":["https:\/\/www.facebook.com\/MissWheelchairWorld","https:\/\/x.com\/Jedyna__Taka","https:\/\/www.instagram.com\/misswheelchairworld\/","https:\/\/www.youtube.com\/channel\/UCVaiD9tQULYwtIwQFAyk7zw"]}]}},"_links":{"self":[{"href":"https:\/\/misswheelchairworld.org\/en\/wp-json\/wp\/v2\/pages\/2847","targetHints":{"allow":["GET"]}}],"collection":[{"href":"https:\/\/misswheelchairworld.org\/en\/wp-json\/wp\/v2\/pages"}],"about":[{"href":"https:\/\/misswheelchairworld.org\/en\/wp-json\/wp\/v2\/types\/page"}],"author":[{"embeddable":true,"href":"https:\/\/misswheelchairworld.org\/en\/wp-json\/wp\/v2\/users\/1"}],"replies":[{"embeddable":true,"href":"https:\/\/misswheelchairworld.org\/en\/wp-json\/wp\/v2\/comments?post=2847"}],"version-history":[{"count":5,"href":"https:\/\/misswheelchairworld.org\/en\/wp-json\/wp\/v2\/pages\/2847\/revisions"}],"predecessor-version":[{"id":5282,"href":"https:\/\/misswheelchairworld.org\/en\/wp-json\/wp\/v2\/pages\/2847\/revisions\/5282"}],"wp:attachment":[{"href":"https:\/\/misswheelchairworld.org\/en\/wp-json\/wp\/v2\/media?parent=2847"}],"curies":[{"name":"wp","href":"https:\/\/api.w.org\/{rel}","templated":true}]}}