{"id":2866,"date":"2022-10-20T10:15:58","date_gmt":"2022-10-20T10:15:58","guid":{"rendered":"https:\/\/misswheelchairworld.org\/?page_id=2866"},"modified":"2023-03-20T13:38:48","modified_gmt":"2023-03-20T12:38:48","slug":"kandydantka-24","status":"publish","type":"page","link":"https:\/\/misswheelchairworld.org\/en\/kandydantka-24\/","title":{"rendered":"Candidate #24"},"content":{"rendered":"<style>.kb-row-layout-id_8e7a6a-a8 > .kt-row-column-wrap{align-content:start;}:where(.kb-row-layout-id_8e7a6a-a8 > .kt-row-column-wrap) > .wp-block-kadence-column{justify-content:start;}.kb-row-layout-id_8e7a6a-a8 > .kt-row-column-wrap{column-gap:var(--global-kb-gap-md, 2rem);row-gap:var(--global-kb-gap-md, 2rem);max-width:1150px;margin-left:auto;margin-right:auto;padding-top:50px;padding-bottom:60px;grid-template-columns:repeat(2, minmax(0, 1fr));}.kb-row-layout-id_8e7a6a-a8 > .kt-row-layout-overlay{opacity:0.30;}@media all and (max-width: 1024px){.kb-row-layout-id_8e7a6a-a8 > .kt-row-column-wrap{grid-template-columns:repeat(2, minmax(0, 1fr));}}@media all and (max-width: 767px){.kb-row-layout-id_8e7a6a-a8 > .kt-row-column-wrap{grid-template-columns:minmax(0, 1fr);}}<\/style><div class=\"kb-row-layout-wrap kb-row-layout-id_8e7a6a-a8 alignfull wp-block-kadence-rowlayout\"><div class=\"kt-row-column-wrap kt-has-2-columns kt-row-layout-equal kt-tab-layout-inherit kt-mobile-layout-row kt-row-valign-top\">\n<style>.kadence-column_75ba83-eb > .kt-inside-inner-col,.kadence-column_75ba83-eb > .kt-inside-inner-col:before{border-top-left-radius:0px;border-top-right-radius:0px;border-bottom-right-radius:0px;border-bottom-left-radius:0px;}.kadence-column_75ba83-eb > .kt-inside-inner-col{column-gap:var(--global-kb-gap-sm, 1rem);}.kadence-column_75ba83-eb > .kt-inside-inner-col{flex-direction:column;}.kadence-column_75ba83-eb > .kt-inside-inner-col > .aligncenter{width:100%;}.kadence-column_75ba83-eb > .kt-inside-inner-col:before{opacity:0.3;}.kadence-column_75ba83-eb{position:relative;}@media all and (max-width: 1024px){.kadence-column_75ba83-eb > .kt-inside-inner-col{flex-direction:column;justify-content:center;}}@media all and (max-width: 767px){.kadence-column_75ba83-eb > .kt-inside-inner-col{flex-direction:column;justify-content:center;}}<\/style>\n<div class=\"wp-block-kadence-column kadence-column_75ba83-eb inner-column-1\" data-aos=\"zoom-in\" data-aos-duration=\"800\" data-aos-easing=\"ease\"><div class=\"kt-inside-inner-col\"><style>.wp-block-kadence-advancedheading.kt-adv-heading_0f2ee8-09, .wp-block-kadence-advancedheading.kt-adv-heading_0f2ee8-09[data-kb-block=\"kb-adv-heading_0f2ee8-09\"]{font-style:normal;}.wp-block-kadence-advancedheading.kt-adv-heading_0f2ee8-09 mark.kt-highlight, .wp-block-kadence-advancedheading.kt-adv-heading_0f2ee8-09[data-kb-block=\"kb-adv-heading_0f2ee8-09\"] mark.kt-highlight{font-style:normal;color:#f76a0c;-webkit-box-decoration-break:clone;box-decoration-break:clone;padding-top:0px;padding-right:0px;padding-bottom:0px;padding-left:0px;}<\/style>\n<h2 class=\"kt-adv-heading_0f2ee8-09 wp-block-kadence-advancedheading\" data-kb-block=\"kb-adv-heading_0f2ee8-09\">Candidate #24<\/h2>\n\n\n\n<figure class=\"wp-block-image size-full\"><img loading=\"lazy\" decoding=\"async\" width=\"580\" height=\"464\" src=\"https:\/\/misswheelchairworld.org\/wp-content\/uploads\/2022\/10\/bialorusangelina-duze_min.jpg\" alt=\"\" class=\"wp-image-2810\" srcset=\"https:\/\/misswheelchairworld.org\/wp-content\/uploads\/2022\/10\/bialorusangelina-duze_min.jpg 580w, https:\/\/misswheelchairworld.org\/wp-content\/uploads\/2022\/10\/bialorusangelina-duze_min-300x240.jpg 300w, https:\/\/misswheelchairworld.org\/wp-content\/uploads\/2022\/10\/bialorusangelina-duze_min-15x12.jpg 15w\" sizes=\"auto, (max-width: 580px) 100vw, 580px\" \/><\/figure>\n<\/div><\/div>\n\n\n<style>.kadence-column_ee1812-2f > .kt-inside-inner-col,.kadence-column_ee1812-2f > .kt-inside-inner-col:before{border-top-left-radius:0px;border-top-right-radius:0px;border-bottom-right-radius:0px;border-bottom-left-radius:0px;}.kadence-column_ee1812-2f > .kt-inside-inner-col{column-gap:var(--global-kb-gap-sm, 1rem);}.kadence-column_ee1812-2f > .kt-inside-inner-col{flex-direction:column;}.kadence-column_ee1812-2f > .kt-inside-inner-col > .aligncenter{width:100%;}.kadence-column_ee1812-2f > .kt-inside-inner-col:before{opacity:0.3;}.kadence-column_ee1812-2f{position:relative;}@media all and (max-width: 1024px){.kadence-column_ee1812-2f > .kt-inside-inner-col{flex-direction:column;justify-content:center;}}@media all and (max-width: 767px){.kadence-column_ee1812-2f > .kt-inside-inner-col{flex-direction:column;justify-content:center;}}<\/style>\n<div class=\"wp-block-kadence-column kadence-column_ee1812-2f inner-column-2\"><div class=\"kt-inside-inner-col\"><style>.wp-block-kadence-advancedheading.kt-adv-heading_e99e8d-e8, .wp-block-kadence-advancedheading.kt-adv-heading_e99e8d-e8[data-kb-block=\"kb-adv-heading_e99e8d-e8\"]{text-align:right;font-size:24px;font-weight:600;font-style:normal;font-family:'Nunito Sans';}.wp-block-kadence-advancedheading.kt-adv-heading_e99e8d-e8 mark.kt-highlight, .wp-block-kadence-advancedheading.kt-adv-heading_e99e8d-e8[data-kb-block=\"kb-adv-heading_e99e8d-e8\"] mark.kt-highlight{font-style:normal;color:#f76a0c;-webkit-box-decoration-break:clone;box-decoration-break:clone;padding-top:0px;padding-right:0px;padding-bottom:0px;padding-left:0px;}<\/style>\n<p class=\"kt-adv-heading_e99e8d-e8 wp-block-kadence-advancedheading has-theme-palette-6-color has-text-color\" data-kb-block=\"kb-adv-heading_e99e8d-e8\">Votes cast: <mark style=\"background-color:rgba(0, 0, 0, 0)\" class=\"has-inline-color has-theme-palette-2-color\">733<\/mark><\/p>\n\n\n<style>.wp-block-kadence-advancedheading.kt-adv-heading_2b1ee1-3a, .wp-block-kadence-advancedheading.kt-adv-heading_2b1ee1-3a[data-kb-block=\"kb-adv-heading_2b1ee1-3a\"]{text-align:left;font-size:20px;font-weight:700;font-style:normal;font-family:'Nunito Sans';}.wp-block-kadence-advancedheading.kt-adv-heading_2b1ee1-3a mark.kt-highlight, .wp-block-kadence-advancedheading.kt-adv-heading_2b1ee1-3a[data-kb-block=\"kb-adv-heading_2b1ee1-3a\"] mark.kt-highlight{font-style:normal;color:#f76a0c;-webkit-box-decoration-break:clone;box-decoration-break:clone;padding-top:0px;padding-right:0px;padding-bottom:0px;padding-left:0px;}<\/style>\n<p class=\"kt-adv-heading_2b1ee1-3a wp-block-kadence-advancedheading has-theme-palette-1-color has-text-color\" data-kb-block=\"kb-adv-heading_2b1ee1-3a\">Angelina Waleskaya<\/p>\n\n\n<style>.wp-block-kadence-advancedheading.kt-adv-heading_a3db66-75, .wp-block-kadence-advancedheading.kt-adv-heading_a3db66-75[data-kb-block=\"kb-adv-heading_a3db66-75\"]{margin-top:-30px;text-align:left;font-size:20px;font-weight:700;font-style:normal;font-family:'Nunito Sans';}.wp-block-kadence-advancedheading.kt-adv-heading_a3db66-75 mark.kt-highlight, .wp-block-kadence-advancedheading.kt-adv-heading_a3db66-75[data-kb-block=\"kb-adv-heading_a3db66-75\"] mark.kt-highlight{font-style:normal;color:#f76a0c;-webkit-box-decoration-break:clone;box-decoration-break:clone;padding-top:0px;padding-right:0px;padding-bottom:0px;padding-left:0px;}<\/style>\n<p class=\"kt-adv-heading_a3db66-75 wp-block-kadence-advancedheading has-theme-palette-2-color has-text-color\" data-kb-block=\"kb-adv-heading_a3db66-75\">Belarus<\/p>\n\n\n<style>.wp-block-kadence-advancedheading.kt-adv-heading_3159ab-f7, .wp-block-kadence-advancedheading.kt-adv-heading_3159ab-f7[data-kb-block=\"kb-adv-heading_3159ab-f7\"]{margin-top:-15px;font-style:normal;}.wp-block-kadence-advancedheading.kt-adv-heading_3159ab-f7 mark.kt-highlight, .wp-block-kadence-advancedheading.kt-adv-heading_3159ab-f7[data-kb-block=\"kb-adv-heading_3159ab-f7\"] mark.kt-highlight{font-style:normal;color:#f76a0c;-webkit-box-decoration-break:clone;box-decoration-break:clone;padding-top:0px;padding-right:0px;padding-bottom:0px;padding-left:0px;}<\/style>\n<p class=\"kt-adv-heading_3159ab-f7 wp-block-kadence-advancedheading\" data-kb-block=\"kb-adv-heading_3159ab-f7\">I am a Master of Arts and the first Belarusian model with cerebral palsy. Despite my fragility, I have inner freedom and a strong character. I dream of becoming a brand model for Victoria's Secret and showing the beauty and sexuality of a distorted body. I want to become a happy wife and mother of two children and live on the shore of a warm sea.<\/p>\n<\/div><\/div>\n\n<\/div><\/div>","protected":false},"excerpt":{"rendered":"<p>Kandydantka #24 oddanych g\u0142os\u00f3w: 733 Angelina Waleskaya Bia\u0142oru\u015b Jestem magistrem sztuk pi\u0119knych i pierwsz\u0105 bia\u0142orusk\u0105 modelk\u0105 z pora\u017ceniem m\u00f3zgowym. Pomimo mojej krucho\u015bci, posiadam wewn\u0119trzn\u0105 wolno\u015b\u0107 i silny charakter. Marz\u0119 o tym, \u017ceby zosta\u0107 modelk\u0105 Victoria&#8217;s Secret i pokaza\u0107 pi\u0119kno i seksualno\u015b\u0107 zniekszta\u0142conego cia\u0142a. Chc\u0119 zosta\u0107 szcz\u0119\u015bliw\u0105 \u017con\u0105 i matk\u0105 dw\u00f3jki dzieci i \u017cy\u0107 na wybrze\u017cu&#8230;<\/p>","protected":false},"author":1,"featured_media":0,"parent":0,"menu_order":0,"comment_status":"closed","ping_status":"closed","template":"","meta":{"_kad_post_transparent":"","_kad_post_title":"","_kad_post_layout":"","_kad_post_sidebar_id":"","_kad_post_content_style":"","_kad_post_vertical_padding":"","_kad_post_feature":"","_kad_post_feature_position":"","_kad_post_header":false,"_kad_post_footer":false,"_kad_post_classname":"","footnotes":""},"class_list":["post-2866","page","type-page","status-publish","hentry"],"yoast_head":"<!-- This site is optimized with the Yoast SEO plugin v26.3 - https:\/\/yoast.com\/wordpress\/plugins\/seo\/ -->\n<title>Kandydantka #24 - Miss Wheelchair World<\/title>\n<meta name=\"robots\" content=\"index, follow, max-snippet:-1, max-image-preview:large, max-video-preview:-1\" \/>\n<link rel=\"canonical\" href=\"https:\/\/misswheelchairworld.org\/en\/kandydantka-24\/\" \/>\n<meta property=\"og:locale\" content=\"en_GB\" \/>\n<meta property=\"og:type\" content=\"article\" \/>\n<meta property=\"og:title\" content=\"Kandydantka #24 - Miss Wheelchair World\" \/>\n<meta property=\"og:description\" content=\"Kandydantka #24 oddanych g\u0142os\u00f3w: 733 Angelina Waleskaya Bia\u0142oru\u015b Jestem magistrem sztuk pi\u0119knych i pierwsz\u0105 bia\u0142orusk\u0105 modelk\u0105 z pora\u017ceniem m\u00f3zgowym. Pomimo mojej krucho\u015bci, posiadam wewn\u0119trzn\u0105 wolno\u015b\u0107 i silny charakter. Marz\u0119 o tym, \u017ceby zosta\u0107 modelk\u0105 Victoria&#8217;s Secret i pokaza\u0107 pi\u0119kno i seksualno\u015b\u0107 zniekszta\u0142conego cia\u0142a. Chc\u0119 zosta\u0107 szcz\u0119\u015bliw\u0105 \u017con\u0105 i matk\u0105 dw\u00f3jki dzieci i \u017cy\u0107 na wybrze\u017cu...\" \/>\n<meta property=\"og:url\" content=\"https:\/\/misswheelchairworld.org\/en\/kandydantka-24\/\" \/>\n<meta property=\"og:site_name\" content=\"Miss Wheelchair World\" \/>\n<meta property=\"article:publisher\" content=\"https:\/\/www.facebook.com\/MissWheelchairWorld\" \/>\n<meta property=\"article:modified_time\" content=\"2023-03-20T12:38:48+00:00\" \/>\n<meta property=\"og:image\" content=\"https:\/\/misswheelchairworld.org\/wp-content\/uploads\/2022\/10\/bialorusangelina-duze_min.jpg\" \/>\n<meta name=\"twitter:card\" content=\"summary_large_image\" \/>\n<meta name=\"twitter:site\" content=\"@Jedyna__Taka\" \/>\n<meta name=\"twitter:label1\" content=\"Estimated reading time\" \/>\n\t<meta name=\"twitter:data1\" content=\"1 minute\" \/>\n<script type=\"application\/ld+json\" class=\"yoast-schema-graph\">{\"@context\":\"https:\/\/schema.org\",\"@graph\":[{\"@type\":\"WebPage\",\"@id\":\"https:\/\/misswheelchairworld.org\/kandydantka-24\/\",\"url\":\"https:\/\/misswheelchairworld.org\/kandydantka-24\/\",\"name\":\"Kandydantka #24 - Miss Wheelchair World\",\"isPartOf\":{\"@id\":\"https:\/\/misswheelchairworld.org\/#website\"},\"primaryImageOfPage\":{\"@id\":\"https:\/\/misswheelchairworld.org\/kandydantka-24\/#primaryimage\"},\"image\":{\"@id\":\"https:\/\/misswheelchairworld.org\/kandydantka-24\/#primaryimage\"},\"thumbnailUrl\":\"https:\/\/misswheelchairworld.org\/wp-content\/uploads\/2022\/10\/bialorusangelina-duze_min.jpg\",\"datePublished\":\"2022-10-20T10:15:58+00:00\",\"dateModified\":\"2023-03-20T12:38:48+00:00\",\"breadcrumb\":{\"@id\":\"https:\/\/misswheelchairworld.org\/kandydantka-24\/#breadcrumb\"},\"inLanguage\":\"en-GB\",\"potentialAction\":[{\"@type\":\"ReadAction\",\"target\":[\"https:\/\/misswheelchairworld.org\/kandydantka-24\/\"]}]},{\"@type\":\"ImageObject\",\"inLanguage\":\"en-GB\",\"@id\":\"https:\/\/misswheelchairworld.org\/kandydantka-24\/#primaryimage\",\"url\":\"https:\/\/misswheelchairworld.org\/wp-content\/uploads\/2022\/10\/bialorusangelina-duze_min.jpg\",\"contentUrl\":\"https:\/\/misswheelchairworld.org\/wp-content\/uploads\/2022\/10\/bialorusangelina-duze_min.jpg\"},{\"@type\":\"BreadcrumbList\",\"@id\":\"https:\/\/misswheelchairworld.org\/kandydantka-24\/#breadcrumb\",\"itemListElement\":[{\"@type\":\"ListItem\",\"position\":1,\"name\":\"Home\",\"item\":\"https:\/\/misswheelchairworld.org\/\"},{\"@type\":\"ListItem\",\"position\":2,\"name\":\"Kandydantka #24\"}]},{\"@type\":\"WebSite\",\"@id\":\"https:\/\/misswheelchairworld.org\/#website\",\"url\":\"https:\/\/misswheelchairworld.org\/\",\"name\":\"Miss Wheelchair World\",\"description\":\"Miss Wheelchair World\",\"publisher\":{\"@id\":\"https:\/\/misswheelchairworld.org\/#organization\"},\"potentialAction\":[{\"@type\":\"SearchAction\",\"target\":{\"@type\":\"EntryPoint\",\"urlTemplate\":\"https:\/\/misswheelchairworld.org\/?s={search_term_string}\"},\"query-input\":{\"@type\":\"PropertyValueSpecification\",\"valueRequired\":true,\"valueName\":\"search_term_string\"}}],\"inLanguage\":\"en-GB\"},{\"@type\":\"Organization\",\"@id\":\"https:\/\/misswheelchairworld.org\/#organization\",\"name\":\"Miss Wheelchair World\",\"url\":\"https:\/\/misswheelchairworld.org\/\",\"logo\":{\"@type\":\"ImageObject\",\"inLanguage\":\"en-GB\",\"@id\":\"https:\/\/misswheelchairworld.org\/#\/schema\/logo\/image\/\",\"url\":\"https:\/\/misswheelchairworld.org\/wp-content\/uploads\/2022\/10\/Kopia-logoMWW-angielskie-czyste.png\",\"contentUrl\":\"https:\/\/misswheelchairworld.org\/wp-content\/uploads\/2022\/10\/Kopia-logoMWW-angielskie-czyste.png\",\"width\":4871,\"height\":1852,\"caption\":\"Miss Wheelchair World\"},\"image\":{\"@id\":\"https:\/\/misswheelchairworld.org\/#\/schema\/logo\/image\/\"},\"sameAs\":[\"https:\/\/www.facebook.com\/MissWheelchairWorld\",\"https:\/\/x.com\/Jedyna__Taka\",\"https:\/\/www.instagram.com\/misswheelchairworld\/\",\"https:\/\/www.youtube.com\/channel\/UCVaiD9tQULYwtIwQFAyk7zw\"]}]}<\/script>\n<!-- \/ Yoast SEO plugin. -->","yoast_head_json":{"title":"Kandydantka #24 - Miss Wheelchair World","robots":{"index":"index","follow":"follow","max-snippet":"max-snippet:-1","max-image-preview":"max-image-preview:large","max-video-preview":"max-video-preview:-1"},"canonical":"https:\/\/misswheelchairworld.org\/en\/kandydantka-24\/","og_locale":"en_GB","og_type":"article","og_title":"Kandydantka #24 - Miss Wheelchair World","og_description":"Kandydantka #24 oddanych g\u0142os\u00f3w: 733 Angelina Waleskaya Bia\u0142oru\u015b Jestem magistrem sztuk pi\u0119knych i pierwsz\u0105 bia\u0142orusk\u0105 modelk\u0105 z pora\u017ceniem m\u00f3zgowym. Pomimo mojej krucho\u015bci, posiadam wewn\u0119trzn\u0105 wolno\u015b\u0107 i silny charakter. Marz\u0119 o tym, \u017ceby zosta\u0107 modelk\u0105 Victoria&#8217;s Secret i pokaza\u0107 pi\u0119kno i seksualno\u015b\u0107 zniekszta\u0142conego cia\u0142a. Chc\u0119 zosta\u0107 szcz\u0119\u015bliw\u0105 \u017con\u0105 i matk\u0105 dw\u00f3jki dzieci i \u017cy\u0107 na wybrze\u017cu...","og_url":"https:\/\/misswheelchairworld.org\/en\/kandydantka-24\/","og_site_name":"Miss Wheelchair World","article_publisher":"https:\/\/www.facebook.com\/MissWheelchairWorld","article_modified_time":"2023-03-20T12:38:48+00:00","og_image":[{"url":"https:\/\/misswheelchairworld.org\/wp-content\/uploads\/2022\/10\/bialorusangelina-duze_min.jpg","type":"","width":"","height":""}],"twitter_card":"summary_large_image","twitter_site":"@Jedyna__Taka","twitter_misc":{"Estimated reading time":"1 minute"},"schema":{"@context":"https:\/\/schema.org","@graph":[{"@type":"WebPage","@id":"https:\/\/misswheelchairworld.org\/kandydantka-24\/","url":"https:\/\/misswheelchairworld.org\/kandydantka-24\/","name":"Kandydantka #24 - Miss Wheelchair World","isPartOf":{"@id":"https:\/\/misswheelchairworld.org\/#website"},"primaryImageOfPage":{"@id":"https:\/\/misswheelchairworld.org\/kandydantka-24\/#primaryimage"},"image":{"@id":"https:\/\/misswheelchairworld.org\/kandydantka-24\/#primaryimage"},"thumbnailUrl":"https:\/\/misswheelchairworld.org\/wp-content\/uploads\/2022\/10\/bialorusangelina-duze_min.jpg","datePublished":"2022-10-20T10:15:58+00:00","dateModified":"2023-03-20T12:38:48+00:00","breadcrumb":{"@id":"https:\/\/misswheelchairworld.org\/kandydantka-24\/#breadcrumb"},"inLanguage":"en-GB","potentialAction":[{"@type":"ReadAction","target":["https:\/\/misswheelchairworld.org\/kandydantka-24\/"]}]},{"@type":"ImageObject","inLanguage":"en-GB","@id":"https:\/\/misswheelchairworld.org\/kandydantka-24\/#primaryimage","url":"https:\/\/misswheelchairworld.org\/wp-content\/uploads\/2022\/10\/bialorusangelina-duze_min.jpg","contentUrl":"https:\/\/misswheelchairworld.org\/wp-content\/uploads\/2022\/10\/bialorusangelina-duze_min.jpg"},{"@type":"BreadcrumbList","@id":"https:\/\/misswheelchairworld.org\/kandydantka-24\/#breadcrumb","itemListElement":[{"@type":"ListItem","position":1,"name":"Home","item":"https:\/\/misswheelchairworld.org\/"},{"@type":"ListItem","position":2,"name":"Kandydantka #24"}]},{"@type":"WebSite","@id":"https:\/\/misswheelchairworld.org\/#website","url":"https:\/\/misswheelchairworld.org\/","name":"Miss Wheelchair World","description":"Miss Wheelchair World","publisher":{"@id":"https:\/\/misswheelchairworld.org\/#organization"},"potentialAction":[{"@type":"SearchAction","target":{"@type":"EntryPoint","urlTemplate":"https:\/\/misswheelchairworld.org\/?s={search_term_string}"},"query-input":{"@type":"PropertyValueSpecification","valueRequired":true,"valueName":"search_term_string"}}],"inLanguage":"en-GB"},{"@type":"Organization","@id":"https:\/\/misswheelchairworld.org\/#organization","name":"Miss Wheelchair World","url":"https:\/\/misswheelchairworld.org\/","logo":{"@type":"ImageObject","inLanguage":"en-GB","@id":"https:\/\/misswheelchairworld.org\/#\/schema\/logo\/image\/","url":"https:\/\/misswheelchairworld.org\/wp-content\/uploads\/2022\/10\/Kopia-logoMWW-angielskie-czyste.png","contentUrl":"https:\/\/misswheelchairworld.org\/wp-content\/uploads\/2022\/10\/Kopia-logoMWW-angielskie-czyste.png","width":4871,"height":1852,"caption":"Miss Wheelchair World"},"image":{"@id":"https:\/\/misswheelchairworld.org\/#\/schema\/logo\/image\/"},"sameAs":["https:\/\/www.facebook.com\/MissWheelchairWorld","https:\/\/x.com\/Jedyna__Taka","https:\/\/www.instagram.com\/misswheelchairworld\/","https:\/\/www.youtube.com\/channel\/UCVaiD9tQULYwtIwQFAyk7zw"]}]}},"_links":{"self":[{"href":"https:\/\/misswheelchairworld.org\/en\/wp-json\/wp\/v2\/pages\/2866","targetHints":{"allow":["GET"]}}],"collection":[{"href":"https:\/\/misswheelchairworld.org\/en\/wp-json\/wp\/v2\/pages"}],"about":[{"href":"https:\/\/misswheelchairworld.org\/en\/wp-json\/wp\/v2\/types\/page"}],"author":[{"embeddable":true,"href":"https:\/\/misswheelchairworld.org\/en\/wp-json\/wp\/v2\/users\/1"}],"replies":[{"embeddable":true,"href":"https:\/\/misswheelchairworld.org\/en\/wp-json\/wp\/v2\/comments?post=2866"}],"version-history":[{"count":2,"href":"https:\/\/misswheelchairworld.org\/en\/wp-json\/wp\/v2\/pages\/2866\/revisions"}],"predecessor-version":[{"id":5270,"href":"https:\/\/misswheelchairworld.org\/en\/wp-json\/wp\/v2\/pages\/2866\/revisions\/5270"}],"wp:attachment":[{"href":"https:\/\/misswheelchairworld.org\/en\/wp-json\/wp\/v2\/media?parent=2866"}],"curies":[{"name":"wp","href":"https:\/\/api.w.org\/{rel}","templated":true}]}}