{"id":2892,"date":"2022-10-20T11:16:33","date_gmt":"2022-10-20T11:16:33","guid":{"rendered":"https:\/\/misswheelchairworld.org\/?page_id=2892"},"modified":"2023-03-20T13:40:22","modified_gmt":"2023-03-20T12:40:22","slug":"kandydantka-14","status":"publish","type":"page","link":"https:\/\/misswheelchairworld.org\/en\/kandydantka-14\/","title":{"rendered":"Candidate #14"},"content":{"rendered":"<style>.kb-row-layout-id_13e914-ba > .kt-row-column-wrap{align-content:start;}:where(.kb-row-layout-id_13e914-ba > .kt-row-column-wrap) > .wp-block-kadence-column{justify-content:start;}.kb-row-layout-id_13e914-ba > .kt-row-column-wrap{column-gap:var(--global-kb-gap-md, 2rem);row-gap:var(--global-kb-gap-md, 2rem);max-width:1150px;margin-left:auto;margin-right:auto;padding-top:50px;padding-bottom:60px;grid-template-columns:repeat(2, minmax(0, 1fr));}.kb-row-layout-id_13e914-ba > .kt-row-layout-overlay{opacity:0.30;}@media all and (max-width: 1024px){.kb-row-layout-id_13e914-ba > .kt-row-column-wrap{grid-template-columns:repeat(2, minmax(0, 1fr));}}@media all and (max-width: 767px){.kb-row-layout-id_13e914-ba > .kt-row-column-wrap{grid-template-columns:minmax(0, 1fr);}}<\/style><div class=\"kb-row-layout-wrap kb-row-layout-id_13e914-ba alignfull wp-block-kadence-rowlayout\"><div class=\"kt-row-column-wrap kt-has-2-columns kt-row-layout-equal kt-tab-layout-inherit kt-mobile-layout-row kt-row-valign-top\">\n<style>.kadence-column_6d7ae1-82 > .kt-inside-inner-col,.kadence-column_6d7ae1-82 > .kt-inside-inner-col:before{border-top-left-radius:0px;border-top-right-radius:0px;border-bottom-right-radius:0px;border-bottom-left-radius:0px;}.kadence-column_6d7ae1-82 > .kt-inside-inner-col{column-gap:var(--global-kb-gap-sm, 1rem);}.kadence-column_6d7ae1-82 > .kt-inside-inner-col{flex-direction:column;}.kadence-column_6d7ae1-82 > .kt-inside-inner-col > .aligncenter{width:100%;}.kadence-column_6d7ae1-82 > .kt-inside-inner-col:before{opacity:0.3;}.kadence-column_6d7ae1-82{position:relative;}@media all and (max-width: 1024px){.kadence-column_6d7ae1-82 > .kt-inside-inner-col{flex-direction:column;justify-content:center;}}@media all and (max-width: 767px){.kadence-column_6d7ae1-82 > .kt-inside-inner-col{flex-direction:column;justify-content:center;}}<\/style>\n<div class=\"wp-block-kadence-column kadence-column_6d7ae1-82 inner-column-1\" data-aos=\"zoom-in\" data-aos-duration=\"800\" data-aos-easing=\"ease\"><div class=\"kt-inside-inner-col\"><style>.wp-block-kadence-advancedheading.kt-adv-heading_b7c07b-54, .wp-block-kadence-advancedheading.kt-adv-heading_b7c07b-54[data-kb-block=\"kb-adv-heading_b7c07b-54\"]{font-style:normal;}.wp-block-kadence-advancedheading.kt-adv-heading_b7c07b-54 mark.kt-highlight, .wp-block-kadence-advancedheading.kt-adv-heading_b7c07b-54[data-kb-block=\"kb-adv-heading_b7c07b-54\"] mark.kt-highlight{font-style:normal;color:#f76a0c;-webkit-box-decoration-break:clone;box-decoration-break:clone;padding-top:0px;padding-right:0px;padding-bottom:0px;padding-left:0px;}<\/style>\n<h2 class=\"kt-adv-heading_b7c07b-54 wp-block-kadence-advancedheading\" data-kb-block=\"kb-adv-heading_b7c07b-54\">Candidate #14<\/h2>\n\n\n\n<figure class=\"wp-block-image size-full\"><img loading=\"lazy\" decoding=\"async\" width=\"580\" height=\"464\" src=\"https:\/\/misswheelchairworld.org\/wp-content\/uploads\/2022\/10\/mexico-duze_min.jpg\" alt=\"\" class=\"wp-image-2821\" srcset=\"https:\/\/misswheelchairworld.org\/wp-content\/uploads\/2022\/10\/mexico-duze_min.jpg 580w, https:\/\/misswheelchairworld.org\/wp-content\/uploads\/2022\/10\/mexico-duze_min-300x240.jpg 300w, https:\/\/misswheelchairworld.org\/wp-content\/uploads\/2022\/10\/mexico-duze_min-15x12.jpg 15w\" sizes=\"auto, (max-width: 580px) 100vw, 580px\" \/><\/figure>\n<\/div><\/div>\n\n\n<style>.kadence-column_1114ab-2a > .kt-inside-inner-col,.kadence-column_1114ab-2a > .kt-inside-inner-col:before{border-top-left-radius:0px;border-top-right-radius:0px;border-bottom-right-radius:0px;border-bottom-left-radius:0px;}.kadence-column_1114ab-2a > .kt-inside-inner-col{column-gap:var(--global-kb-gap-sm, 1rem);}.kadence-column_1114ab-2a > .kt-inside-inner-col{flex-direction:column;}.kadence-column_1114ab-2a > .kt-inside-inner-col > .aligncenter{width:100%;}.kadence-column_1114ab-2a > .kt-inside-inner-col:before{opacity:0.3;}.kadence-column_1114ab-2a{position:relative;}@media all and (max-width: 1024px){.kadence-column_1114ab-2a > .kt-inside-inner-col{flex-direction:column;justify-content:center;}}@media all and (max-width: 767px){.kadence-column_1114ab-2a > .kt-inside-inner-col{flex-direction:column;justify-content:center;}}<\/style>\n<div class=\"wp-block-kadence-column kadence-column_1114ab-2a inner-column-2\"><div class=\"kt-inside-inner-col\"><style>.wp-block-kadence-advancedheading.kt-adv-heading_0ad3d4-be, .wp-block-kadence-advancedheading.kt-adv-heading_0ad3d4-be[data-kb-block=\"kb-adv-heading_0ad3d4-be\"]{text-align:right;font-size:24px;font-weight:600;font-style:normal;font-family:'Nunito Sans';}.wp-block-kadence-advancedheading.kt-adv-heading_0ad3d4-be mark.kt-highlight, .wp-block-kadence-advancedheading.kt-adv-heading_0ad3d4-be[data-kb-block=\"kb-adv-heading_0ad3d4-be\"] mark.kt-highlight{font-style:normal;color:#f76a0c;-webkit-box-decoration-break:clone;box-decoration-break:clone;padding-top:0px;padding-right:0px;padding-bottom:0px;padding-left:0px;}<\/style>\n<p class=\"kt-adv-heading_0ad3d4-be wp-block-kadence-advancedheading has-theme-palette-6-color has-text-color\" data-kb-block=\"kb-adv-heading_0ad3d4-be\">Votes cast: <mark style=\"background-color:rgba(0, 0, 0, 0)\" class=\"has-inline-color has-theme-palette-2-color\">615<\/mark><\/p>\n\n\n<style>.wp-block-kadence-advancedheading.kt-adv-heading_587890-88, .wp-block-kadence-advancedheading.kt-adv-heading_587890-88[data-kb-block=\"kb-adv-heading_587890-88\"]{text-align:left;font-size:20px;font-weight:700;font-style:normal;font-family:'Nunito Sans';}.wp-block-kadence-advancedheading.kt-adv-heading_587890-88 mark.kt-highlight, .wp-block-kadence-advancedheading.kt-adv-heading_587890-88[data-kb-block=\"kb-adv-heading_587890-88\"] mark.kt-highlight{font-style:normal;color:#f76a0c;-webkit-box-decoration-break:clone;box-decoration-break:clone;padding-top:0px;padding-right:0px;padding-bottom:0px;padding-left:0px;}<\/style>\n<p class=\"kt-adv-heading_587890-88 wp-block-kadence-advancedheading has-theme-palette-1-color has-text-color\" data-kb-block=\"kb-adv-heading_587890-88\">Karen Rocha<\/p>\n\n\n<style>.wp-block-kadence-advancedheading.kt-adv-heading_985af2-c4, .wp-block-kadence-advancedheading.kt-adv-heading_985af2-c4[data-kb-block=\"kb-adv-heading_985af2-c4\"]{margin-top:-30px;text-align:left;font-size:20px;font-weight:700;font-style:normal;font-family:'Nunito Sans';}.wp-block-kadence-advancedheading.kt-adv-heading_985af2-c4 mark.kt-highlight, .wp-block-kadence-advancedheading.kt-adv-heading_985af2-c4[data-kb-block=\"kb-adv-heading_985af2-c4\"] mark.kt-highlight{font-style:normal;color:#f76a0c;-webkit-box-decoration-break:clone;box-decoration-break:clone;padding-top:0px;padding-right:0px;padding-bottom:0px;padding-left:0px;}<\/style>\n<p class=\"kt-adv-heading_985af2-c4 wp-block-kadence-advancedheading has-theme-palette-2-color has-text-color\" data-kb-block=\"kb-adv-heading_985af2-c4\">Mexico<\/p>\n\n\n<style>.wp-block-kadence-advancedheading.kt-adv-heading_4df97a-44, .wp-block-kadence-advancedheading.kt-adv-heading_4df97a-44[data-kb-block=\"kb-adv-heading_4df97a-44\"]{margin-top:-15px;font-style:normal;}.wp-block-kadence-advancedheading.kt-adv-heading_4df97a-44 mark.kt-highlight, .wp-block-kadence-advancedheading.kt-adv-heading_4df97a-44[data-kb-block=\"kb-adv-heading_4df97a-44\"] mark.kt-highlight{font-style:normal;color:#f76a0c;-webkit-box-decoration-break:clone;box-decoration-break:clone;padding-top:0px;padding-right:0px;padding-bottom:0px;padding-left:0px;}<\/style>\n<p class=\"kt-adv-heading_4df97a-44 wp-block-kadence-advancedheading\" data-kb-block=\"kb-adv-heading_4df97a-44\">Hello! My name is Karen Pamela Rocha Ruiz. I am originally from Ensenada, Baja, California, Mexico. I want to be Miss Wheelchair World 2017 because I know I can be an example for many women going through difficult times of physical and personal acceptance. I want to begin to remove all the mental barriers that are thought about by women with disabilities and begin to see the beauty that we have as people and that we have many positive things to contribute to society. It is time to break all the stereotypes society has imposed on us for years. It is time to start believing in ourselves and growing professionally and mentally in the workplace. And if I have the opportunity to be able to help leave a better world than I found, I'm satisfied. What if!! My life took an extremely radical turn, but I did not know that this significant change allowed me to start a new life full of challenges and challenges I have overcome. Now I am more vital. I have learned to value life more and, above all, to start helping more people who go through situations similar to mine. And I say goodbye with this phrase that I love, \"love the life you live, live the life you love\" thank you!<\/p>\n<\/div><\/div>\n\n<\/div><\/div>","protected":false},"excerpt":{"rendered":"<p>Kandydantka #14 oddanych g\u0142os\u00f3w: 615 Karen Rocha Meksyk WItam! Nazywam si\u0119 Karen Pamela Rocha Ruiz i pochodz\u0119 z Ensenady w Meksyku. Chcia\u0142abym zosta\u0107 Miss Wheelchair World 2017, poniewa\u017c wiem, \u017ce mog\u0119 by\u0107 przyk\u0142adem dla wielu kobiet, kt\u00f3re przechodz\u0105 trudny okres w swoim \u017cyciu &#8211; fizycznej i osobistej akceptacji. Rozpocz\u0119\u0142abym usuwaj\u0105c wszystkie mentalne bariery dotycz\u0105ce kobiet&#8230;<\/p>","protected":false},"author":1,"featured_media":0,"parent":0,"menu_order":0,"comment_status":"closed","ping_status":"closed","template":"","meta":{"_kad_post_transparent":"","_kad_post_title":"","_kad_post_layout":"","_kad_post_sidebar_id":"","_kad_post_content_style":"","_kad_post_vertical_padding":"","_kad_post_feature":"","_kad_post_feature_position":"","_kad_post_header":false,"_kad_post_footer":false,"_kad_post_classname":"","footnotes":""},"class_list":["post-2892","page","type-page","status-publish","hentry"],"yoast_head":"<!-- This site is optimized with the Yoast SEO plugin v26.3 - https:\/\/yoast.com\/wordpress\/plugins\/seo\/ -->\n<title>Kandydantka #14 - Miss Wheelchair World<\/title>\n<meta name=\"robots\" content=\"index, follow, max-snippet:-1, max-image-preview:large, max-video-preview:-1\" \/>\n<link rel=\"canonical\" href=\"https:\/\/misswheelchairworld.org\/en\/kandydantka-14\/\" \/>\n<meta property=\"og:locale\" content=\"en_GB\" \/>\n<meta property=\"og:type\" content=\"article\" \/>\n<meta property=\"og:title\" content=\"Kandydantka #14 - Miss Wheelchair World\" \/>\n<meta property=\"og:description\" content=\"Kandydantka #14 oddanych g\u0142os\u00f3w: 615 Karen Rocha Meksyk WItam! Nazywam si\u0119 Karen Pamela Rocha Ruiz i pochodz\u0119 z Ensenady w Meksyku. Chcia\u0142abym zosta\u0107 Miss Wheelchair World 2017, poniewa\u017c wiem, \u017ce mog\u0119 by\u0107 przyk\u0142adem dla wielu kobiet, kt\u00f3re przechodz\u0105 trudny okres w swoim \u017cyciu &#8211; fizycznej i osobistej akceptacji. Rozpocz\u0119\u0142abym usuwaj\u0105c wszystkie mentalne bariery dotycz\u0105ce kobiet...\" \/>\n<meta property=\"og:url\" content=\"https:\/\/misswheelchairworld.org\/en\/kandydantka-14\/\" \/>\n<meta property=\"og:site_name\" content=\"Miss Wheelchair World\" \/>\n<meta property=\"article:publisher\" content=\"https:\/\/www.facebook.com\/MissWheelchairWorld\" \/>\n<meta property=\"article:modified_time\" content=\"2023-03-20T12:40:22+00:00\" \/>\n<meta property=\"og:image\" content=\"https:\/\/misswheelchairworld.org\/wp-content\/uploads\/2022\/10\/mexico-duze_min.jpg\" \/>\n<meta name=\"twitter:card\" content=\"summary_large_image\" \/>\n<meta name=\"twitter:site\" content=\"@Jedyna__Taka\" \/>\n<meta name=\"twitter:label1\" content=\"Estimated reading time\" \/>\n\t<meta name=\"twitter:data1\" content=\"2 minutes\" \/>\n<script type=\"application\/ld+json\" class=\"yoast-schema-graph\">{\"@context\":\"https:\/\/schema.org\",\"@graph\":[{\"@type\":\"WebPage\",\"@id\":\"https:\/\/misswheelchairworld.org\/kandydantka-14\/\",\"url\":\"https:\/\/misswheelchairworld.org\/kandydantka-14\/\",\"name\":\"Kandydantka #14 - Miss Wheelchair World\",\"isPartOf\":{\"@id\":\"https:\/\/misswheelchairworld.org\/#website\"},\"primaryImageOfPage\":{\"@id\":\"https:\/\/misswheelchairworld.org\/kandydantka-14\/#primaryimage\"},\"image\":{\"@id\":\"https:\/\/misswheelchairworld.org\/kandydantka-14\/#primaryimage\"},\"thumbnailUrl\":\"https:\/\/misswheelchairworld.org\/wp-content\/uploads\/2022\/10\/mexico-duze_min.jpg\",\"datePublished\":\"2022-10-20T11:16:33+00:00\",\"dateModified\":\"2023-03-20T12:40:22+00:00\",\"breadcrumb\":{\"@id\":\"https:\/\/misswheelchairworld.org\/kandydantka-14\/#breadcrumb\"},\"inLanguage\":\"en-GB\",\"potentialAction\":[{\"@type\":\"ReadAction\",\"target\":[\"https:\/\/misswheelchairworld.org\/kandydantka-14\/\"]}]},{\"@type\":\"ImageObject\",\"inLanguage\":\"en-GB\",\"@id\":\"https:\/\/misswheelchairworld.org\/kandydantka-14\/#primaryimage\",\"url\":\"https:\/\/misswheelchairworld.org\/wp-content\/uploads\/2022\/10\/mexico-duze_min.jpg\",\"contentUrl\":\"https:\/\/misswheelchairworld.org\/wp-content\/uploads\/2022\/10\/mexico-duze_min.jpg\"},{\"@type\":\"BreadcrumbList\",\"@id\":\"https:\/\/misswheelchairworld.org\/kandydantka-14\/#breadcrumb\",\"itemListElement\":[{\"@type\":\"ListItem\",\"position\":1,\"name\":\"Home\",\"item\":\"https:\/\/misswheelchairworld.org\/\"},{\"@type\":\"ListItem\",\"position\":2,\"name\":\"Kandydantka #14\"}]},{\"@type\":\"WebSite\",\"@id\":\"https:\/\/misswheelchairworld.org\/#website\",\"url\":\"https:\/\/misswheelchairworld.org\/\",\"name\":\"Miss Wheelchair World\",\"description\":\"Miss Wheelchair World\",\"publisher\":{\"@id\":\"https:\/\/misswheelchairworld.org\/#organization\"},\"potentialAction\":[{\"@type\":\"SearchAction\",\"target\":{\"@type\":\"EntryPoint\",\"urlTemplate\":\"https:\/\/misswheelchairworld.org\/?s={search_term_string}\"},\"query-input\":{\"@type\":\"PropertyValueSpecification\",\"valueRequired\":true,\"valueName\":\"search_term_string\"}}],\"inLanguage\":\"en-GB\"},{\"@type\":\"Organization\",\"@id\":\"https:\/\/misswheelchairworld.org\/#organization\",\"name\":\"Miss Wheelchair World\",\"url\":\"https:\/\/misswheelchairworld.org\/\",\"logo\":{\"@type\":\"ImageObject\",\"inLanguage\":\"en-GB\",\"@id\":\"https:\/\/misswheelchairworld.org\/#\/schema\/logo\/image\/\",\"url\":\"https:\/\/misswheelchairworld.org\/wp-content\/uploads\/2022\/10\/Kopia-logoMWW-angielskie-czyste.png\",\"contentUrl\":\"https:\/\/misswheelchairworld.org\/wp-content\/uploads\/2022\/10\/Kopia-logoMWW-angielskie-czyste.png\",\"width\":4871,\"height\":1852,\"caption\":\"Miss Wheelchair World\"},\"image\":{\"@id\":\"https:\/\/misswheelchairworld.org\/#\/schema\/logo\/image\/\"},\"sameAs\":[\"https:\/\/www.facebook.com\/MissWheelchairWorld\",\"https:\/\/x.com\/Jedyna__Taka\",\"https:\/\/www.instagram.com\/misswheelchairworld\/\",\"https:\/\/www.youtube.com\/channel\/UCVaiD9tQULYwtIwQFAyk7zw\"]}]}<\/script>\n<!-- \/ Yoast SEO plugin. -->","yoast_head_json":{"title":"Kandydantka #14 - Miss Wheelchair World","robots":{"index":"index","follow":"follow","max-snippet":"max-snippet:-1","max-image-preview":"max-image-preview:large","max-video-preview":"max-video-preview:-1"},"canonical":"https:\/\/misswheelchairworld.org\/en\/kandydantka-14\/","og_locale":"en_GB","og_type":"article","og_title":"Kandydantka #14 - Miss Wheelchair World","og_description":"Kandydantka #14 oddanych g\u0142os\u00f3w: 615 Karen Rocha Meksyk WItam! Nazywam si\u0119 Karen Pamela Rocha Ruiz i pochodz\u0119 z Ensenady w Meksyku. Chcia\u0142abym zosta\u0107 Miss Wheelchair World 2017, poniewa\u017c wiem, \u017ce mog\u0119 by\u0107 przyk\u0142adem dla wielu kobiet, kt\u00f3re przechodz\u0105 trudny okres w swoim \u017cyciu &#8211; fizycznej i osobistej akceptacji. Rozpocz\u0119\u0142abym usuwaj\u0105c wszystkie mentalne bariery dotycz\u0105ce kobiet...","og_url":"https:\/\/misswheelchairworld.org\/en\/kandydantka-14\/","og_site_name":"Miss Wheelchair World","article_publisher":"https:\/\/www.facebook.com\/MissWheelchairWorld","article_modified_time":"2023-03-20T12:40:22+00:00","og_image":[{"url":"https:\/\/misswheelchairworld.org\/wp-content\/uploads\/2022\/10\/mexico-duze_min.jpg","type":"","width":"","height":""}],"twitter_card":"summary_large_image","twitter_site":"@Jedyna__Taka","twitter_misc":{"Estimated reading time":"2 minutes"},"schema":{"@context":"https:\/\/schema.org","@graph":[{"@type":"WebPage","@id":"https:\/\/misswheelchairworld.org\/kandydantka-14\/","url":"https:\/\/misswheelchairworld.org\/kandydantka-14\/","name":"Kandydantka #14 - Miss Wheelchair World","isPartOf":{"@id":"https:\/\/misswheelchairworld.org\/#website"},"primaryImageOfPage":{"@id":"https:\/\/misswheelchairworld.org\/kandydantka-14\/#primaryimage"},"image":{"@id":"https:\/\/misswheelchairworld.org\/kandydantka-14\/#primaryimage"},"thumbnailUrl":"https:\/\/misswheelchairworld.org\/wp-content\/uploads\/2022\/10\/mexico-duze_min.jpg","datePublished":"2022-10-20T11:16:33+00:00","dateModified":"2023-03-20T12:40:22+00:00","breadcrumb":{"@id":"https:\/\/misswheelchairworld.org\/kandydantka-14\/#breadcrumb"},"inLanguage":"en-GB","potentialAction":[{"@type":"ReadAction","target":["https:\/\/misswheelchairworld.org\/kandydantka-14\/"]}]},{"@type":"ImageObject","inLanguage":"en-GB","@id":"https:\/\/misswheelchairworld.org\/kandydantka-14\/#primaryimage","url":"https:\/\/misswheelchairworld.org\/wp-content\/uploads\/2022\/10\/mexico-duze_min.jpg","contentUrl":"https:\/\/misswheelchairworld.org\/wp-content\/uploads\/2022\/10\/mexico-duze_min.jpg"},{"@type":"BreadcrumbList","@id":"https:\/\/misswheelchairworld.org\/kandydantka-14\/#breadcrumb","itemListElement":[{"@type":"ListItem","position":1,"name":"Home","item":"https:\/\/misswheelchairworld.org\/"},{"@type":"ListItem","position":2,"name":"Kandydantka #14"}]},{"@type":"WebSite","@id":"https:\/\/misswheelchairworld.org\/#website","url":"https:\/\/misswheelchairworld.org\/","name":"Miss Wheelchair World","description":"Miss Wheelchair World","publisher":{"@id":"https:\/\/misswheelchairworld.org\/#organization"},"potentialAction":[{"@type":"SearchAction","target":{"@type":"EntryPoint","urlTemplate":"https:\/\/misswheelchairworld.org\/?s={search_term_string}"},"query-input":{"@type":"PropertyValueSpecification","valueRequired":true,"valueName":"search_term_string"}}],"inLanguage":"en-GB"},{"@type":"Organization","@id":"https:\/\/misswheelchairworld.org\/#organization","name":"Miss Wheelchair World","url":"https:\/\/misswheelchairworld.org\/","logo":{"@type":"ImageObject","inLanguage":"en-GB","@id":"https:\/\/misswheelchairworld.org\/#\/schema\/logo\/image\/","url":"https:\/\/misswheelchairworld.org\/wp-content\/uploads\/2022\/10\/Kopia-logoMWW-angielskie-czyste.png","contentUrl":"https:\/\/misswheelchairworld.org\/wp-content\/uploads\/2022\/10\/Kopia-logoMWW-angielskie-czyste.png","width":4871,"height":1852,"caption":"Miss Wheelchair World"},"image":{"@id":"https:\/\/misswheelchairworld.org\/#\/schema\/logo\/image\/"},"sameAs":["https:\/\/www.facebook.com\/MissWheelchairWorld","https:\/\/x.com\/Jedyna__Taka","https:\/\/www.instagram.com\/misswheelchairworld\/","https:\/\/www.youtube.com\/channel\/UCVaiD9tQULYwtIwQFAyk7zw"]}]}},"_links":{"self":[{"href":"https:\/\/misswheelchairworld.org\/en\/wp-json\/wp\/v2\/pages\/2892","targetHints":{"allow":["GET"]}}],"collection":[{"href":"https:\/\/misswheelchairworld.org\/en\/wp-json\/wp\/v2\/pages"}],"about":[{"href":"https:\/\/misswheelchairworld.org\/en\/wp-json\/wp\/v2\/types\/page"}],"author":[{"embeddable":true,"href":"https:\/\/misswheelchairworld.org\/en\/wp-json\/wp\/v2\/users\/1"}],"replies":[{"embeddable":true,"href":"https:\/\/misswheelchairworld.org\/en\/wp-json\/wp\/v2\/comments?post=2892"}],"version-history":[{"count":2,"href":"https:\/\/misswheelchairworld.org\/en\/wp-json\/wp\/v2\/pages\/2892\/revisions"}],"predecessor-version":[{"id":5272,"href":"https:\/\/misswheelchairworld.org\/en\/wp-json\/wp\/v2\/pages\/2892\/revisions\/5272"}],"wp:attachment":[{"href":"https:\/\/misswheelchairworld.org\/en\/wp-json\/wp\/v2\/media?parent=2892"}],"curies":[{"name":"wp","href":"https:\/\/api.w.org\/{rel}","templated":true}]}}