{"id":2904,"date":"2022-10-20T11:55:48","date_gmt":"2022-10-20T11:55:48","guid":{"rendered":"https:\/\/misswheelchairworld.org\/?page_id=2904"},"modified":"2023-03-20T13:42:32","modified_gmt":"2023-03-20T12:42:32","slug":"kandydantka-20","status":"publish","type":"page","link":"https:\/\/misswheelchairworld.org\/en\/kandydantka-20\/","title":{"rendered":"Candidate #20"},"content":{"rendered":"<style>.kb-row-layout-id_8d3a05-b5 > .kt-row-column-wrap{align-content:start;}:where(.kb-row-layout-id_8d3a05-b5 > .kt-row-column-wrap) > .wp-block-kadence-column{justify-content:start;}.kb-row-layout-id_8d3a05-b5 > .kt-row-column-wrap{column-gap:var(--global-kb-gap-md, 2rem);row-gap:var(--global-kb-gap-md, 2rem);max-width:1150px;margin-left:auto;margin-right:auto;padding-top:50px;padding-bottom:60px;grid-template-columns:repeat(2, minmax(0, 1fr));}.kb-row-layout-id_8d3a05-b5 > .kt-row-layout-overlay{opacity:0.30;}@media all and (max-width: 1024px){.kb-row-layout-id_8d3a05-b5 > .kt-row-column-wrap{grid-template-columns:repeat(2, minmax(0, 1fr));}}@media all and (max-width: 767px){.kb-row-layout-id_8d3a05-b5 > .kt-row-column-wrap{grid-template-columns:minmax(0, 1fr);}}<\/style><div class=\"kb-row-layout-wrap kb-row-layout-id_8d3a05-b5 alignfull wp-block-kadence-rowlayout\"><div class=\"kt-row-column-wrap kt-has-2-columns kt-row-layout-equal kt-tab-layout-inherit kt-mobile-layout-row kt-row-valign-top\">\n<style>.kadence-column_a41534-c0 > .kt-inside-inner-col,.kadence-column_a41534-c0 > .kt-inside-inner-col:before{border-top-left-radius:0px;border-top-right-radius:0px;border-bottom-right-radius:0px;border-bottom-left-radius:0px;}.kadence-column_a41534-c0 > .kt-inside-inner-col{column-gap:var(--global-kb-gap-sm, 1rem);}.kadence-column_a41534-c0 > .kt-inside-inner-col{flex-direction:column;}.kadence-column_a41534-c0 > .kt-inside-inner-col > .aligncenter{width:100%;}.kadence-column_a41534-c0 > .kt-inside-inner-col:before{opacity:0.3;}.kadence-column_a41534-c0{position:relative;}@media all and (max-width: 1024px){.kadence-column_a41534-c0 > .kt-inside-inner-col{flex-direction:column;justify-content:center;}}@media all and (max-width: 767px){.kadence-column_a41534-c0 > .kt-inside-inner-col{flex-direction:column;justify-content:center;}}<\/style>\n<div class=\"wp-block-kadence-column kadence-column_a41534-c0 inner-column-1\" data-aos=\"zoom-in\" data-aos-duration=\"800\" data-aos-easing=\"ease\"><div class=\"kt-inside-inner-col\"><style>.wp-block-kadence-advancedheading.kt-adv-heading_1ef2ea-68, .wp-block-kadence-advancedheading.kt-adv-heading_1ef2ea-68[data-kb-block=\"kb-adv-heading_1ef2ea-68\"]{font-style:normal;}.wp-block-kadence-advancedheading.kt-adv-heading_1ef2ea-68 mark.kt-highlight, .wp-block-kadence-advancedheading.kt-adv-heading_1ef2ea-68[data-kb-block=\"kb-adv-heading_1ef2ea-68\"] mark.kt-highlight{font-style:normal;color:#f76a0c;-webkit-box-decoration-break:clone;box-decoration-break:clone;padding-top:0px;padding-right:0px;padding-bottom:0px;padding-left:0px;}<\/style>\n<h2 class=\"kt-adv-heading_1ef2ea-68 wp-block-kadence-advancedheading\" data-kb-block=\"kb-adv-heading_1ef2ea-68\">Candidate #20<\/h2>\n\n\n\n<figure class=\"wp-block-image size-full\"><img loading=\"lazy\" decoding=\"async\" width=\"580\" height=\"464\" src=\"https:\/\/misswheelchairworld.org\/wp-content\/uploads\/2022\/10\/southafrica-duze_min.jpg\" alt=\"\" class=\"wp-image-2905\" srcset=\"https:\/\/misswheelchairworld.org\/wp-content\/uploads\/2022\/10\/southafrica-duze_min.jpg 580w, https:\/\/misswheelchairworld.org\/wp-content\/uploads\/2022\/10\/southafrica-duze_min-300x240.jpg 300w, https:\/\/misswheelchairworld.org\/wp-content\/uploads\/2022\/10\/southafrica-duze_min-15x12.jpg 15w\" sizes=\"auto, (max-width: 580px) 100vw, 580px\" \/><\/figure>\n<\/div><\/div>\n\n\n<style>.kadence-column_9816ef-30 > .kt-inside-inner-col,.kadence-column_9816ef-30 > .kt-inside-inner-col:before{border-top-left-radius:0px;border-top-right-radius:0px;border-bottom-right-radius:0px;border-bottom-left-radius:0px;}.kadence-column_9816ef-30 > .kt-inside-inner-col{column-gap:var(--global-kb-gap-sm, 1rem);}.kadence-column_9816ef-30 > .kt-inside-inner-col{flex-direction:column;}.kadence-column_9816ef-30 > .kt-inside-inner-col > .aligncenter{width:100%;}.kadence-column_9816ef-30 > .kt-inside-inner-col:before{opacity:0.3;}.kadence-column_9816ef-30{position:relative;}@media all and (max-width: 1024px){.kadence-column_9816ef-30 > .kt-inside-inner-col{flex-direction:column;justify-content:center;}}@media all and (max-width: 767px){.kadence-column_9816ef-30 > .kt-inside-inner-col{flex-direction:column;justify-content:center;}}<\/style>\n<div class=\"wp-block-kadence-column kadence-column_9816ef-30 inner-column-2\"><div class=\"kt-inside-inner-col\"><style>.wp-block-kadence-advancedheading.kt-adv-heading_8fabc5-3a, .wp-block-kadence-advancedheading.kt-adv-heading_8fabc5-3a[data-kb-block=\"kb-adv-heading_8fabc5-3a\"]{text-align:right;font-size:24px;font-weight:600;font-style:normal;font-family:'Nunito Sans';}.wp-block-kadence-advancedheading.kt-adv-heading_8fabc5-3a mark.kt-highlight, .wp-block-kadence-advancedheading.kt-adv-heading_8fabc5-3a[data-kb-block=\"kb-adv-heading_8fabc5-3a\"] mark.kt-highlight{font-style:normal;color:#f76a0c;-webkit-box-decoration-break:clone;box-decoration-break:clone;padding-top:0px;padding-right:0px;padding-bottom:0px;padding-left:0px;}<\/style>\n<p class=\"kt-adv-heading_8fabc5-3a wp-block-kadence-advancedheading has-theme-palette-6-color has-text-color\" data-kb-block=\"kb-adv-heading_8fabc5-3a\">Votes cast: <mark style=\"background-color:rgba(0, 0, 0, 0)\" class=\"has-inline-color has-theme-palette-2-color\">433<\/mark><\/p>\n\n\n<style>.wp-block-kadence-advancedheading.kt-adv-heading_d14554-95, .wp-block-kadence-advancedheading.kt-adv-heading_d14554-95[data-kb-block=\"kb-adv-heading_d14554-95\"]{text-align:left;font-size:20px;font-weight:700;font-style:normal;font-family:'Nunito Sans';}.wp-block-kadence-advancedheading.kt-adv-heading_d14554-95 mark.kt-highlight, .wp-block-kadence-advancedheading.kt-adv-heading_d14554-95[data-kb-block=\"kb-adv-heading_d14554-95\"] mark.kt-highlight{font-style:normal;color:#f76a0c;-webkit-box-decoration-break:clone;box-decoration-break:clone;padding-top:0px;padding-right:0px;padding-bottom:0px;padding-left:0px;}<\/style>\n<p class=\"kt-adv-heading_d14554-95 wp-block-kadence-advancedheading has-theme-palette-1-color has-text-color\" data-kb-block=\"kb-adv-heading_d14554-95\">Lebohang Monyatsi<\/p>\n\n\n<style>.wp-block-kadence-advancedheading.kt-adv-heading_3245d6-02, .wp-block-kadence-advancedheading.kt-adv-heading_3245d6-02[data-kb-block=\"kb-adv-heading_3245d6-02\"]{margin-top:-30px;text-align:left;font-size:20px;font-weight:700;font-style:normal;font-family:'Nunito Sans';}.wp-block-kadence-advancedheading.kt-adv-heading_3245d6-02 mark.kt-highlight, .wp-block-kadence-advancedheading.kt-adv-heading_3245d6-02[data-kb-block=\"kb-adv-heading_3245d6-02\"] mark.kt-highlight{font-style:normal;color:#f76a0c;-webkit-box-decoration-break:clone;box-decoration-break:clone;padding-top:0px;padding-right:0px;padding-bottom:0px;padding-left:0px;}<\/style>\n<p class=\"kt-adv-heading_3245d6-02 wp-block-kadence-advancedheading has-theme-palette-2-color has-text-color\" data-kb-block=\"kb-adv-heading_3245d6-02\">South Africa<\/p>\n\n\n<style>.wp-block-kadence-advancedheading.kt-adv-heading_67af4e-ba, .wp-block-kadence-advancedheading.kt-adv-heading_67af4e-ba[data-kb-block=\"kb-adv-heading_67af4e-ba\"]{margin-top:-15px;font-style:normal;}.wp-block-kadence-advancedheading.kt-adv-heading_67af4e-ba mark.kt-highlight, .wp-block-kadence-advancedheading.kt-adv-heading_67af4e-ba[data-kb-block=\"kb-adv-heading_67af4e-ba\"] mark.kt-highlight{font-style:normal;color:#f76a0c;-webkit-box-decoration-break:clone;box-decoration-break:clone;padding-top:0px;padding-right:0px;padding-bottom:0px;padding-left:0px;}<\/style>\n<p class=\"kt-adv-heading_67af4e-ba wp-block-kadence-advancedheading\" data-kb-block=\"kb-adv-heading_67af4e-ba\">Lebohang Monyatsi is Africa\u2019s 1st Runaway Model who uses a Wheelchair. She was also a Finalist for Face of the Globe 2017, the one and only Finalist with a disability. She studied Bachelor of Arts in Social Psychology and currently studying Bachelor of Communications Sciences. She won the 1st prize at the 2nd South African Youth Awards in the category \u201cExtra Ordinary Champions\u201d. She challenged the status quo by being Africa\u2019s 1st runway model in a wheelchair, this has never been seen in an African Continent. She is recognised for representing her country, South Africa in the field of Wheelchair Basketball. She has represented South Africa in the following countries: \u2022 2015: Algeria, Paralympics Qualifiers, \u2022 2012: Mexico, Paralympics qualifies, \u2022 2009: Quatamal, in South America, World cup qualifiers \u2022 2008: Namibia, international friendly games Above all She is passionate about disability inclusion and accessible features for all.<\/p>\n<\/div><\/div>\n\n<\/div><\/div>","protected":false},"excerpt":{"rendered":"<p>Kandydantka #20 oddanych g\u0142os\u00f3w: 433 Lebohang Monyatsi P\u0142d. Afryka Lebohang Monyatsi jest pierwsz\u0105 afryka\u0144sk\u0105 modelk\u0105, kt\u00f3ra porusza si\u0119 za pomoc\u0105 w\u00f3zka. By\u0142a tak\u017ce jedyn\u0105 finalistk\u0105 z niepe\u0142nosprawno\u015bci\u0105 podczas konkursu pi\u0119kno\u015bci Face of the Globe w 2017 roku. Uko\u0144czy\u0142a sztuki pi\u0119kne w szkole Psychologii Spo\u0142ecznej a obecnie jest studentk\u0105 nauk komunikacyjnych. Zaj\u0119\u0142a 1 miejsce podczas drugich&#8230;<\/p>","protected":false},"author":1,"featured_media":0,"parent":0,"menu_order":0,"comment_status":"closed","ping_status":"closed","template":"","meta":{"_kad_post_transparent":"","_kad_post_title":"","_kad_post_layout":"","_kad_post_sidebar_id":"","_kad_post_content_style":"","_kad_post_vertical_padding":"","_kad_post_feature":"","_kad_post_feature_position":"","_kad_post_header":false,"_kad_post_footer":false,"_kad_post_classname":"","footnotes":""},"class_list":["post-2904","page","type-page","status-publish","hentry"],"yoast_head":"<!-- This site is optimized with the Yoast SEO plugin v26.3 - https:\/\/yoast.com\/wordpress\/plugins\/seo\/ -->\n<title>Kandydantka #20 - Miss Wheelchair World<\/title>\n<meta name=\"robots\" content=\"index, follow, max-snippet:-1, max-image-preview:large, max-video-preview:-1\" \/>\n<link rel=\"canonical\" href=\"https:\/\/misswheelchairworld.org\/en\/kandydantka-20\/\" \/>\n<meta property=\"og:locale\" content=\"en_GB\" \/>\n<meta property=\"og:type\" content=\"article\" \/>\n<meta property=\"og:title\" content=\"Kandydantka #20 - Miss Wheelchair World\" \/>\n<meta property=\"og:description\" content=\"Kandydantka #20 oddanych g\u0142os\u00f3w: 433 Lebohang Monyatsi P\u0142d. Afryka Lebohang Monyatsi jest pierwsz\u0105 afryka\u0144sk\u0105 modelk\u0105, kt\u00f3ra porusza si\u0119 za pomoc\u0105 w\u00f3zka. By\u0142a tak\u017ce jedyn\u0105 finalistk\u0105 z niepe\u0142nosprawno\u015bci\u0105 podczas konkursu pi\u0119kno\u015bci Face of the Globe w 2017 roku. Uko\u0144czy\u0142a sztuki pi\u0119kne w szkole Psychologii Spo\u0142ecznej a obecnie jest studentk\u0105 nauk komunikacyjnych. Zaj\u0119\u0142a 1 miejsce podczas drugich...\" \/>\n<meta property=\"og:url\" content=\"https:\/\/misswheelchairworld.org\/en\/kandydantka-20\/\" \/>\n<meta property=\"og:site_name\" content=\"Miss Wheelchair World\" \/>\n<meta property=\"article:publisher\" content=\"https:\/\/www.facebook.com\/MissWheelchairWorld\" \/>\n<meta property=\"article:modified_time\" content=\"2023-03-20T12:42:32+00:00\" \/>\n<meta property=\"og:image\" content=\"https:\/\/misswheelchairworld.org\/wp-content\/uploads\/2022\/10\/southafrica-duze_min.jpg\" \/>\n<meta name=\"twitter:card\" content=\"summary_large_image\" \/>\n<meta name=\"twitter:site\" content=\"@Jedyna__Taka\" \/>\n<meta name=\"twitter:label1\" content=\"Estimated reading time\" \/>\n\t<meta name=\"twitter:data1\" content=\"2 minutes\" \/>\n<script type=\"application\/ld+json\" class=\"yoast-schema-graph\">{\"@context\":\"https:\/\/schema.org\",\"@graph\":[{\"@type\":\"WebPage\",\"@id\":\"https:\/\/misswheelchairworld.org\/kandydantka-20\/\",\"url\":\"https:\/\/misswheelchairworld.org\/kandydantka-20\/\",\"name\":\"Kandydantka #20 - Miss Wheelchair World\",\"isPartOf\":{\"@id\":\"https:\/\/misswheelchairworld.org\/#website\"},\"primaryImageOfPage\":{\"@id\":\"https:\/\/misswheelchairworld.org\/kandydantka-20\/#primaryimage\"},\"image\":{\"@id\":\"https:\/\/misswheelchairworld.org\/kandydantka-20\/#primaryimage\"},\"thumbnailUrl\":\"https:\/\/misswheelchairworld.org\/wp-content\/uploads\/2022\/10\/southafrica-duze_min.jpg\",\"datePublished\":\"2022-10-20T11:55:48+00:00\",\"dateModified\":\"2023-03-20T12:42:32+00:00\",\"breadcrumb\":{\"@id\":\"https:\/\/misswheelchairworld.org\/kandydantka-20\/#breadcrumb\"},\"inLanguage\":\"en-GB\",\"potentialAction\":[{\"@type\":\"ReadAction\",\"target\":[\"https:\/\/misswheelchairworld.org\/kandydantka-20\/\"]}]},{\"@type\":\"ImageObject\",\"inLanguage\":\"en-GB\",\"@id\":\"https:\/\/misswheelchairworld.org\/kandydantka-20\/#primaryimage\",\"url\":\"https:\/\/misswheelchairworld.org\/wp-content\/uploads\/2022\/10\/southafrica-duze_min.jpg\",\"contentUrl\":\"https:\/\/misswheelchairworld.org\/wp-content\/uploads\/2022\/10\/southafrica-duze_min.jpg\"},{\"@type\":\"BreadcrumbList\",\"@id\":\"https:\/\/misswheelchairworld.org\/kandydantka-20\/#breadcrumb\",\"itemListElement\":[{\"@type\":\"ListItem\",\"position\":1,\"name\":\"Home\",\"item\":\"https:\/\/misswheelchairworld.org\/\"},{\"@type\":\"ListItem\",\"position\":2,\"name\":\"Kandydantka #20\"}]},{\"@type\":\"WebSite\",\"@id\":\"https:\/\/misswheelchairworld.org\/#website\",\"url\":\"https:\/\/misswheelchairworld.org\/\",\"name\":\"Miss Wheelchair World\",\"description\":\"Miss Wheelchair World\",\"publisher\":{\"@id\":\"https:\/\/misswheelchairworld.org\/#organization\"},\"potentialAction\":[{\"@type\":\"SearchAction\",\"target\":{\"@type\":\"EntryPoint\",\"urlTemplate\":\"https:\/\/misswheelchairworld.org\/?s={search_term_string}\"},\"query-input\":{\"@type\":\"PropertyValueSpecification\",\"valueRequired\":true,\"valueName\":\"search_term_string\"}}],\"inLanguage\":\"en-GB\"},{\"@type\":\"Organization\",\"@id\":\"https:\/\/misswheelchairworld.org\/#organization\",\"name\":\"Miss Wheelchair World\",\"url\":\"https:\/\/misswheelchairworld.org\/\",\"logo\":{\"@type\":\"ImageObject\",\"inLanguage\":\"en-GB\",\"@id\":\"https:\/\/misswheelchairworld.org\/#\/schema\/logo\/image\/\",\"url\":\"https:\/\/misswheelchairworld.org\/wp-content\/uploads\/2022\/10\/Kopia-logoMWW-angielskie-czyste.png\",\"contentUrl\":\"https:\/\/misswheelchairworld.org\/wp-content\/uploads\/2022\/10\/Kopia-logoMWW-angielskie-czyste.png\",\"width\":4871,\"height\":1852,\"caption\":\"Miss Wheelchair World\"},\"image\":{\"@id\":\"https:\/\/misswheelchairworld.org\/#\/schema\/logo\/image\/\"},\"sameAs\":[\"https:\/\/www.facebook.com\/MissWheelchairWorld\",\"https:\/\/x.com\/Jedyna__Taka\",\"https:\/\/www.instagram.com\/misswheelchairworld\/\",\"https:\/\/www.youtube.com\/channel\/UCVaiD9tQULYwtIwQFAyk7zw\"]}]}<\/script>\n<!-- \/ Yoast SEO plugin. -->","yoast_head_json":{"title":"Kandydantka #20 - Miss Wheelchair World","robots":{"index":"index","follow":"follow","max-snippet":"max-snippet:-1","max-image-preview":"max-image-preview:large","max-video-preview":"max-video-preview:-1"},"canonical":"https:\/\/misswheelchairworld.org\/en\/kandydantka-20\/","og_locale":"en_GB","og_type":"article","og_title":"Kandydantka #20 - Miss Wheelchair World","og_description":"Kandydantka #20 oddanych g\u0142os\u00f3w: 433 Lebohang Monyatsi P\u0142d. Afryka Lebohang Monyatsi jest pierwsz\u0105 afryka\u0144sk\u0105 modelk\u0105, kt\u00f3ra porusza si\u0119 za pomoc\u0105 w\u00f3zka. By\u0142a tak\u017ce jedyn\u0105 finalistk\u0105 z niepe\u0142nosprawno\u015bci\u0105 podczas konkursu pi\u0119kno\u015bci Face of the Globe w 2017 roku. Uko\u0144czy\u0142a sztuki pi\u0119kne w szkole Psychologii Spo\u0142ecznej a obecnie jest studentk\u0105 nauk komunikacyjnych. Zaj\u0119\u0142a 1 miejsce podczas drugich...","og_url":"https:\/\/misswheelchairworld.org\/en\/kandydantka-20\/","og_site_name":"Miss Wheelchair World","article_publisher":"https:\/\/www.facebook.com\/MissWheelchairWorld","article_modified_time":"2023-03-20T12:42:32+00:00","og_image":[{"url":"https:\/\/misswheelchairworld.org\/wp-content\/uploads\/2022\/10\/southafrica-duze_min.jpg","type":"","width":"","height":""}],"twitter_card":"summary_large_image","twitter_site":"@Jedyna__Taka","twitter_misc":{"Estimated reading time":"2 minutes"},"schema":{"@context":"https:\/\/schema.org","@graph":[{"@type":"WebPage","@id":"https:\/\/misswheelchairworld.org\/kandydantka-20\/","url":"https:\/\/misswheelchairworld.org\/kandydantka-20\/","name":"Kandydantka #20 - Miss Wheelchair World","isPartOf":{"@id":"https:\/\/misswheelchairworld.org\/#website"},"primaryImageOfPage":{"@id":"https:\/\/misswheelchairworld.org\/kandydantka-20\/#primaryimage"},"image":{"@id":"https:\/\/misswheelchairworld.org\/kandydantka-20\/#primaryimage"},"thumbnailUrl":"https:\/\/misswheelchairworld.org\/wp-content\/uploads\/2022\/10\/southafrica-duze_min.jpg","datePublished":"2022-10-20T11:55:48+00:00","dateModified":"2023-03-20T12:42:32+00:00","breadcrumb":{"@id":"https:\/\/misswheelchairworld.org\/kandydantka-20\/#breadcrumb"},"inLanguage":"en-GB","potentialAction":[{"@type":"ReadAction","target":["https:\/\/misswheelchairworld.org\/kandydantka-20\/"]}]},{"@type":"ImageObject","inLanguage":"en-GB","@id":"https:\/\/misswheelchairworld.org\/kandydantka-20\/#primaryimage","url":"https:\/\/misswheelchairworld.org\/wp-content\/uploads\/2022\/10\/southafrica-duze_min.jpg","contentUrl":"https:\/\/misswheelchairworld.org\/wp-content\/uploads\/2022\/10\/southafrica-duze_min.jpg"},{"@type":"BreadcrumbList","@id":"https:\/\/misswheelchairworld.org\/kandydantka-20\/#breadcrumb","itemListElement":[{"@type":"ListItem","position":1,"name":"Home","item":"https:\/\/misswheelchairworld.org\/"},{"@type":"ListItem","position":2,"name":"Kandydantka #20"}]},{"@type":"WebSite","@id":"https:\/\/misswheelchairworld.org\/#website","url":"https:\/\/misswheelchairworld.org\/","name":"Miss Wheelchair World","description":"Miss Wheelchair World","publisher":{"@id":"https:\/\/misswheelchairworld.org\/#organization"},"potentialAction":[{"@type":"SearchAction","target":{"@type":"EntryPoint","urlTemplate":"https:\/\/misswheelchairworld.org\/?s={search_term_string}"},"query-input":{"@type":"PropertyValueSpecification","valueRequired":true,"valueName":"search_term_string"}}],"inLanguage":"en-GB"},{"@type":"Organization","@id":"https:\/\/misswheelchairworld.org\/#organization","name":"Miss Wheelchair World","url":"https:\/\/misswheelchairworld.org\/","logo":{"@type":"ImageObject","inLanguage":"en-GB","@id":"https:\/\/misswheelchairworld.org\/#\/schema\/logo\/image\/","url":"https:\/\/misswheelchairworld.org\/wp-content\/uploads\/2022\/10\/Kopia-logoMWW-angielskie-czyste.png","contentUrl":"https:\/\/misswheelchairworld.org\/wp-content\/uploads\/2022\/10\/Kopia-logoMWW-angielskie-czyste.png","width":4871,"height":1852,"caption":"Miss Wheelchair World"},"image":{"@id":"https:\/\/misswheelchairworld.org\/#\/schema\/logo\/image\/"},"sameAs":["https:\/\/www.facebook.com\/MissWheelchairWorld","https:\/\/x.com\/Jedyna__Taka","https:\/\/www.instagram.com\/misswheelchairworld\/","https:\/\/www.youtube.com\/channel\/UCVaiD9tQULYwtIwQFAyk7zw"]}]}},"_links":{"self":[{"href":"https:\/\/misswheelchairworld.org\/en\/wp-json\/wp\/v2\/pages\/2904","targetHints":{"allow":["GET"]}}],"collection":[{"href":"https:\/\/misswheelchairworld.org\/en\/wp-json\/wp\/v2\/pages"}],"about":[{"href":"https:\/\/misswheelchairworld.org\/en\/wp-json\/wp\/v2\/types\/page"}],"author":[{"embeddable":true,"href":"https:\/\/misswheelchairworld.org\/en\/wp-json\/wp\/v2\/users\/1"}],"replies":[{"embeddable":true,"href":"https:\/\/misswheelchairworld.org\/en\/wp-json\/wp\/v2\/comments?post=2904"}],"version-history":[{"count":2,"href":"https:\/\/misswheelchairworld.org\/en\/wp-json\/wp\/v2\/pages\/2904\/revisions"}],"predecessor-version":[{"id":5275,"href":"https:\/\/misswheelchairworld.org\/en\/wp-json\/wp\/v2\/pages\/2904\/revisions\/5275"}],"wp:attachment":[{"href":"https:\/\/misswheelchairworld.org\/en\/wp-json\/wp\/v2\/media?parent=2904"}],"curies":[{"name":"wp","href":"https:\/\/api.w.org\/{rel}","templated":true}]}}