{"id":2909,"date":"2022-10-20T12:01:59","date_gmt":"2022-10-20T12:01:59","guid":{"rendered":"https:\/\/misswheelchairworld.org\/?page_id=2909"},"modified":"2023-03-20T13:44:24","modified_gmt":"2023-03-20T12:44:24","slug":"kandydantka-9","status":"publish","type":"page","link":"https:\/\/misswheelchairworld.org\/en\/kandydantka-9\/","title":{"rendered":"Candidate #9"},"content":{"rendered":"<style>.kb-row-layout-id_8a470b-5a > .kt-row-column-wrap{align-content:start;}:where(.kb-row-layout-id_8a470b-5a > .kt-row-column-wrap) > .wp-block-kadence-column{justify-content:start;}.kb-row-layout-id_8a470b-5a > .kt-row-column-wrap{column-gap:var(--global-kb-gap-md, 2rem);row-gap:var(--global-kb-gap-md, 2rem);max-width:1150px;margin-left:auto;margin-right:auto;padding-top:50px;padding-bottom:60px;grid-template-columns:repeat(2, minmax(0, 1fr));}.kb-row-layout-id_8a470b-5a > .kt-row-layout-overlay{opacity:0.30;}@media all and (max-width: 1024px){.kb-row-layout-id_8a470b-5a > .kt-row-column-wrap{grid-template-columns:repeat(2, minmax(0, 1fr));}}@media all and (max-width: 767px){.kb-row-layout-id_8a470b-5a > .kt-row-column-wrap{grid-template-columns:minmax(0, 1fr);}}<\/style><div class=\"kb-row-layout-wrap kb-row-layout-id_8a470b-5a alignfull wp-block-kadence-rowlayout\"><div class=\"kt-row-column-wrap kt-has-2-columns kt-row-layout-equal kt-tab-layout-inherit kt-mobile-layout-row kt-row-valign-top\">\n<style>.kadence-column_63b374-f6 > .kt-inside-inner-col,.kadence-column_63b374-f6 > .kt-inside-inner-col:before{border-top-left-radius:0px;border-top-right-radius:0px;border-bottom-right-radius:0px;border-bottom-left-radius:0px;}.kadence-column_63b374-f6 > .kt-inside-inner-col{column-gap:var(--global-kb-gap-sm, 1rem);}.kadence-column_63b374-f6 > .kt-inside-inner-col{flex-direction:column;}.kadence-column_63b374-f6 > .kt-inside-inner-col > .aligncenter{width:100%;}.kadence-column_63b374-f6 > .kt-inside-inner-col:before{opacity:0.3;}.kadence-column_63b374-f6{position:relative;}@media all and (max-width: 1024px){.kadence-column_63b374-f6 > .kt-inside-inner-col{flex-direction:column;justify-content:center;}}@media all and (max-width: 767px){.kadence-column_63b374-f6 > .kt-inside-inner-col{flex-direction:column;justify-content:center;}}<\/style>\n<div class=\"wp-block-kadence-column kadence-column_63b374-f6 inner-column-1\" data-aos=\"zoom-in\" data-aos-duration=\"800\" data-aos-easing=\"ease\"><div class=\"kt-inside-inner-col\"><style>.wp-block-kadence-advancedheading.kt-adv-heading_f0a46b-93, .wp-block-kadence-advancedheading.kt-adv-heading_f0a46b-93[data-kb-block=\"kb-adv-heading_f0a46b-93\"]{font-style:normal;}.wp-block-kadence-advancedheading.kt-adv-heading_f0a46b-93 mark.kt-highlight, .wp-block-kadence-advancedheading.kt-adv-heading_f0a46b-93[data-kb-block=\"kb-adv-heading_f0a46b-93\"] mark.kt-highlight{font-style:normal;color:#f76a0c;-webkit-box-decoration-break:clone;box-decoration-break:clone;padding-top:0px;padding-right:0px;padding-bottom:0px;padding-left:0px;}<\/style>\n<h2 class=\"kt-adv-heading_f0a46b-93 wp-block-kadence-advancedheading\" data-kb-block=\"kb-adv-heading_f0a46b-93\" data-aos=\"zoom-in\" data-aos-duration=\"800\" data-aos-easing=\"ease\">Candidate #9<\/h2>\n\n\n\n<figure class=\"wp-block-image size-full\"><img loading=\"lazy\" decoding=\"async\" width=\"580\" height=\"464\" src=\"https:\/\/misswheelchairworld.org\/wp-content\/uploads\/2022\/10\/francjanadjet-duze_min.png\" alt=\"\" class=\"wp-image-2817\" srcset=\"https:\/\/misswheelchairworld.org\/wp-content\/uploads\/2022\/10\/francjanadjet-duze_min.png 580w, https:\/\/misswheelchairworld.org\/wp-content\/uploads\/2022\/10\/francjanadjet-duze_min-300x240.png 300w, https:\/\/misswheelchairworld.org\/wp-content\/uploads\/2022\/10\/francjanadjet-duze_min-15x12.png 15w\" sizes=\"auto, (max-width: 580px) 100vw, 580px\" \/><\/figure>\n<\/div><\/div>\n\n\n<style>.kadence-column_ae090e-96 > .kt-inside-inner-col,.kadence-column_ae090e-96 > .kt-inside-inner-col:before{border-top-left-radius:0px;border-top-right-radius:0px;border-bottom-right-radius:0px;border-bottom-left-radius:0px;}.kadence-column_ae090e-96 > .kt-inside-inner-col{column-gap:var(--global-kb-gap-sm, 1rem);}.kadence-column_ae090e-96 > .kt-inside-inner-col{flex-direction:column;}.kadence-column_ae090e-96 > .kt-inside-inner-col > .aligncenter{width:100%;}.kadence-column_ae090e-96 > .kt-inside-inner-col:before{opacity:0.3;}.kadence-column_ae090e-96{position:relative;}@media all and (max-width: 1024px){.kadence-column_ae090e-96 > .kt-inside-inner-col{flex-direction:column;justify-content:center;}}@media all and (max-width: 767px){.kadence-column_ae090e-96 > .kt-inside-inner-col{flex-direction:column;justify-content:center;}}<\/style>\n<div class=\"wp-block-kadence-column kadence-column_ae090e-96 inner-column-2\"><div class=\"kt-inside-inner-col\"><style>.wp-block-kadence-advancedheading.kt-adv-heading_e7818d-43, .wp-block-kadence-advancedheading.kt-adv-heading_e7818d-43[data-kb-block=\"kb-adv-heading_e7818d-43\"]{text-align:right;font-size:24px;font-weight:600;font-style:normal;font-family:'Nunito Sans';}.wp-block-kadence-advancedheading.kt-adv-heading_e7818d-43 mark.kt-highlight, .wp-block-kadence-advancedheading.kt-adv-heading_e7818d-43[data-kb-block=\"kb-adv-heading_e7818d-43\"] mark.kt-highlight{font-style:normal;color:#f76a0c;-webkit-box-decoration-break:clone;box-decoration-break:clone;padding-top:0px;padding-right:0px;padding-bottom:0px;padding-left:0px;}<\/style>\n<p class=\"kt-adv-heading_e7818d-43 wp-block-kadence-advancedheading has-theme-palette-6-color has-text-color\" data-kb-block=\"kb-adv-heading_e7818d-43\">Votes cast: <mark style=\"background-color:rgba(0, 0, 0, 0)\" class=\"has-inline-color has-theme-palette-2-color\">401<\/mark><\/p>\n\n\n<style>.wp-block-kadence-advancedheading.kt-adv-heading_1d9565-45, .wp-block-kadence-advancedheading.kt-adv-heading_1d9565-45[data-kb-block=\"kb-adv-heading_1d9565-45\"]{text-align:left;font-size:20px;font-weight:700;font-style:normal;font-family:'Nunito Sans';}.wp-block-kadence-advancedheading.kt-adv-heading_1d9565-45 mark.kt-highlight, .wp-block-kadence-advancedheading.kt-adv-heading_1d9565-45[data-kb-block=\"kb-adv-heading_1d9565-45\"] mark.kt-highlight{font-style:normal;color:#f76a0c;-webkit-box-decoration-break:clone;box-decoration-break:clone;padding-top:0px;padding-right:0px;padding-bottom:0px;padding-left:0px;}<\/style>\n<p class=\"kt-adv-heading_1d9565-45 wp-block-kadence-advancedheading has-theme-palette-1-color has-text-color\" data-kb-block=\"kb-adv-heading_1d9565-45\">Nadjet Meskine<\/p>\n\n\n<style>.wp-block-kadence-advancedheading.kt-adv-heading_297ffb-b5, .wp-block-kadence-advancedheading.kt-adv-heading_297ffb-b5[data-kb-block=\"kb-adv-heading_297ffb-b5\"]{margin-top:-30px;text-align:left;font-size:20px;font-weight:700;font-style:normal;font-family:'Nunito Sans';}.wp-block-kadence-advancedheading.kt-adv-heading_297ffb-b5 mark.kt-highlight, .wp-block-kadence-advancedheading.kt-adv-heading_297ffb-b5[data-kb-block=\"kb-adv-heading_297ffb-b5\"] mark.kt-highlight{font-style:normal;color:#f76a0c;-webkit-box-decoration-break:clone;box-decoration-break:clone;padding-top:0px;padding-right:0px;padding-bottom:0px;padding-left:0px;}<\/style>\n<p class=\"kt-adv-heading_297ffb-b5 wp-block-kadence-advancedheading has-theme-palette-2-color has-text-color\" data-kb-block=\"kb-adv-heading_297ffb-b5\">France<\/p>\n\n\n<style>.wp-block-kadence-advancedheading.kt-adv-heading_0b37a2-2a, .wp-block-kadence-advancedheading.kt-adv-heading_0b37a2-2a[data-kb-block=\"kb-adv-heading_0b37a2-2a\"]{margin-top:-15px;font-style:normal;}.wp-block-kadence-advancedheading.kt-adv-heading_0b37a2-2a mark.kt-highlight, .wp-block-kadence-advancedheading.kt-adv-heading_0b37a2-2a[data-kb-block=\"kb-adv-heading_0b37a2-2a\"] mark.kt-highlight{font-style:normal;color:#f76a0c;-webkit-box-decoration-break:clone;box-decoration-break:clone;padding-top:0px;padding-right:0px;padding-bottom:0px;padding-left:0px;}<\/style>\n<p class=\"kt-adv-heading_0b37a2-2a wp-block-kadence-advancedheading\" data-kb-block=\"kb-adv-heading_0b37a2-2a\">My name is Nadjet, and I am 27 years old. I discovered modelling four years ago. This passion has allowed me to show that disability is not a misery but a force. Thanks to modelling, I am finally a proud and blossoming woman. In my opinion, the world of fashion and beauty is not exclusively reserved for non-disabled people. I find it essential to enhance modelling\u2019s value for other people with disabilities, especially those with difficulty accepting their bodies and appearance.<\/p>\n<\/div><\/div>\n\n<\/div><\/div>","protected":false},"excerpt":{"rendered":"<p>Kandydantka #9 oddanych g\u0142os\u00f3w: 401 Nadjet Meskine Francja Mam na imi\u0119 Nadjet i mam 27 lat. 4 lata temu odkry\u0142am modeling. Ta pasja pozwoli\u0142a mi pokaza\u0107, \u017ce niepe\u0142nosprawno\u015b\u0107 nie jest nieszcz\u0119\u015bciem ale si\u0142\u0105. Dzi\u0119ki modelingowi jestem wreszcie dumn\u0105 i kwitn\u0105c\u0105 kobiet\u0105. Moim zdaniem \u015bwiat mody i pi\u0119kna nie jest wy\u0142\u0105cznie zarezerwowany dla pe\u0142nosprawnych os\u00f3b. Wa\u017cne&#8230;<\/p>","protected":false},"author":1,"featured_media":0,"parent":0,"menu_order":0,"comment_status":"closed","ping_status":"closed","template":"","meta":{"_kad_post_transparent":"","_kad_post_title":"","_kad_post_layout":"","_kad_post_sidebar_id":"","_kad_post_content_style":"","_kad_post_vertical_padding":"","_kad_post_feature":"","_kad_post_feature_position":"","_kad_post_header":false,"_kad_post_footer":false,"_kad_post_classname":"","footnotes":""},"class_list":["post-2909","page","type-page","status-publish","hentry"],"yoast_head":"<!-- This site is optimized with the Yoast SEO plugin v26.3 - https:\/\/yoast.com\/wordpress\/plugins\/seo\/ -->\n<title>Kandydantka #9 - Miss Wheelchair World<\/title>\n<meta name=\"robots\" content=\"index, follow, max-snippet:-1, max-image-preview:large, max-video-preview:-1\" \/>\n<link rel=\"canonical\" href=\"https:\/\/misswheelchairworld.org\/en\/kandydantka-9\/\" \/>\n<meta property=\"og:locale\" content=\"en_GB\" \/>\n<meta property=\"og:type\" content=\"article\" \/>\n<meta property=\"og:title\" content=\"Kandydantka #9 - Miss Wheelchair World\" \/>\n<meta property=\"og:description\" content=\"Kandydantka #9 oddanych g\u0142os\u00f3w: 401 Nadjet Meskine Francja Mam na imi\u0119 Nadjet i mam 27 lat. 4 lata temu odkry\u0142am modeling. Ta pasja pozwoli\u0142a mi pokaza\u0107, \u017ce niepe\u0142nosprawno\u015b\u0107 nie jest nieszcz\u0119\u015bciem ale si\u0142\u0105. Dzi\u0119ki modelingowi jestem wreszcie dumn\u0105 i kwitn\u0105c\u0105 kobiet\u0105. Moim zdaniem \u015bwiat mody i pi\u0119kna nie jest wy\u0142\u0105cznie zarezerwowany dla pe\u0142nosprawnych os\u00f3b. Wa\u017cne...\" \/>\n<meta property=\"og:url\" content=\"https:\/\/misswheelchairworld.org\/en\/kandydantka-9\/\" \/>\n<meta property=\"og:site_name\" content=\"Miss Wheelchair World\" \/>\n<meta property=\"article:publisher\" content=\"https:\/\/www.facebook.com\/MissWheelchairWorld\" \/>\n<meta property=\"article:modified_time\" content=\"2023-03-20T12:44:24+00:00\" \/>\n<meta property=\"og:image\" content=\"https:\/\/misswheelchairworld.org\/wp-content\/uploads\/2022\/10\/francjanadjet-duze_min.png\" \/>\n<meta name=\"twitter:card\" content=\"summary_large_image\" \/>\n<meta name=\"twitter:site\" content=\"@Jedyna__Taka\" \/>\n<meta name=\"twitter:label1\" content=\"Estimated reading time\" \/>\n\t<meta name=\"twitter:data1\" content=\"1 minute\" \/>\n<script type=\"application\/ld+json\" class=\"yoast-schema-graph\">{\"@context\":\"https:\/\/schema.org\",\"@graph\":[{\"@type\":\"WebPage\",\"@id\":\"https:\/\/misswheelchairworld.org\/kandydantka-9\/\",\"url\":\"https:\/\/misswheelchairworld.org\/kandydantka-9\/\",\"name\":\"Kandydantka #9 - Miss Wheelchair World\",\"isPartOf\":{\"@id\":\"https:\/\/misswheelchairworld.org\/#website\"},\"primaryImageOfPage\":{\"@id\":\"https:\/\/misswheelchairworld.org\/kandydantka-9\/#primaryimage\"},\"image\":{\"@id\":\"https:\/\/misswheelchairworld.org\/kandydantka-9\/#primaryimage\"},\"thumbnailUrl\":\"https:\/\/misswheelchairworld.org\/wp-content\/uploads\/2022\/10\/francjanadjet-duze_min.png\",\"datePublished\":\"2022-10-20T12:01:59+00:00\",\"dateModified\":\"2023-03-20T12:44:24+00:00\",\"breadcrumb\":{\"@id\":\"https:\/\/misswheelchairworld.org\/kandydantka-9\/#breadcrumb\"},\"inLanguage\":\"en-GB\",\"potentialAction\":[{\"@type\":\"ReadAction\",\"target\":[\"https:\/\/misswheelchairworld.org\/kandydantka-9\/\"]}]},{\"@type\":\"ImageObject\",\"inLanguage\":\"en-GB\",\"@id\":\"https:\/\/misswheelchairworld.org\/kandydantka-9\/#primaryimage\",\"url\":\"https:\/\/misswheelchairworld.org\/wp-content\/uploads\/2022\/10\/francjanadjet-duze_min.png\",\"contentUrl\":\"https:\/\/misswheelchairworld.org\/wp-content\/uploads\/2022\/10\/francjanadjet-duze_min.png\"},{\"@type\":\"BreadcrumbList\",\"@id\":\"https:\/\/misswheelchairworld.org\/kandydantka-9\/#breadcrumb\",\"itemListElement\":[{\"@type\":\"ListItem\",\"position\":1,\"name\":\"Home\",\"item\":\"https:\/\/misswheelchairworld.org\/\"},{\"@type\":\"ListItem\",\"position\":2,\"name\":\"Kandydantka #9\"}]},{\"@type\":\"WebSite\",\"@id\":\"https:\/\/misswheelchairworld.org\/#website\",\"url\":\"https:\/\/misswheelchairworld.org\/\",\"name\":\"Miss Wheelchair World\",\"description\":\"Miss Wheelchair World\",\"publisher\":{\"@id\":\"https:\/\/misswheelchairworld.org\/#organization\"},\"potentialAction\":[{\"@type\":\"SearchAction\",\"target\":{\"@type\":\"EntryPoint\",\"urlTemplate\":\"https:\/\/misswheelchairworld.org\/?s={search_term_string}\"},\"query-input\":{\"@type\":\"PropertyValueSpecification\",\"valueRequired\":true,\"valueName\":\"search_term_string\"}}],\"inLanguage\":\"en-GB\"},{\"@type\":\"Organization\",\"@id\":\"https:\/\/misswheelchairworld.org\/#organization\",\"name\":\"Miss Wheelchair World\",\"url\":\"https:\/\/misswheelchairworld.org\/\",\"logo\":{\"@type\":\"ImageObject\",\"inLanguage\":\"en-GB\",\"@id\":\"https:\/\/misswheelchairworld.org\/#\/schema\/logo\/image\/\",\"url\":\"https:\/\/misswheelchairworld.org\/wp-content\/uploads\/2022\/10\/Kopia-logoMWW-angielskie-czyste.png\",\"contentUrl\":\"https:\/\/misswheelchairworld.org\/wp-content\/uploads\/2022\/10\/Kopia-logoMWW-angielskie-czyste.png\",\"width\":4871,\"height\":1852,\"caption\":\"Miss Wheelchair World\"},\"image\":{\"@id\":\"https:\/\/misswheelchairworld.org\/#\/schema\/logo\/image\/\"},\"sameAs\":[\"https:\/\/www.facebook.com\/MissWheelchairWorld\",\"https:\/\/x.com\/Jedyna__Taka\",\"https:\/\/www.instagram.com\/misswheelchairworld\/\",\"https:\/\/www.youtube.com\/channel\/UCVaiD9tQULYwtIwQFAyk7zw\"]}]}<\/script>\n<!-- \/ Yoast SEO plugin. -->","yoast_head_json":{"title":"Kandydantka #9 - Miss Wheelchair World","robots":{"index":"index","follow":"follow","max-snippet":"max-snippet:-1","max-image-preview":"max-image-preview:large","max-video-preview":"max-video-preview:-1"},"canonical":"https:\/\/misswheelchairworld.org\/en\/kandydantka-9\/","og_locale":"en_GB","og_type":"article","og_title":"Kandydantka #9 - Miss Wheelchair World","og_description":"Kandydantka #9 oddanych g\u0142os\u00f3w: 401 Nadjet Meskine Francja Mam na imi\u0119 Nadjet i mam 27 lat. 4 lata temu odkry\u0142am modeling. Ta pasja pozwoli\u0142a mi pokaza\u0107, \u017ce niepe\u0142nosprawno\u015b\u0107 nie jest nieszcz\u0119\u015bciem ale si\u0142\u0105. Dzi\u0119ki modelingowi jestem wreszcie dumn\u0105 i kwitn\u0105c\u0105 kobiet\u0105. Moim zdaniem \u015bwiat mody i pi\u0119kna nie jest wy\u0142\u0105cznie zarezerwowany dla pe\u0142nosprawnych os\u00f3b. Wa\u017cne...","og_url":"https:\/\/misswheelchairworld.org\/en\/kandydantka-9\/","og_site_name":"Miss Wheelchair World","article_publisher":"https:\/\/www.facebook.com\/MissWheelchairWorld","article_modified_time":"2023-03-20T12:44:24+00:00","og_image":[{"url":"https:\/\/misswheelchairworld.org\/wp-content\/uploads\/2022\/10\/francjanadjet-duze_min.png","type":"","width":"","height":""}],"twitter_card":"summary_large_image","twitter_site":"@Jedyna__Taka","twitter_misc":{"Estimated reading time":"1 minute"},"schema":{"@context":"https:\/\/schema.org","@graph":[{"@type":"WebPage","@id":"https:\/\/misswheelchairworld.org\/kandydantka-9\/","url":"https:\/\/misswheelchairworld.org\/kandydantka-9\/","name":"Kandydantka #9 - Miss Wheelchair World","isPartOf":{"@id":"https:\/\/misswheelchairworld.org\/#website"},"primaryImageOfPage":{"@id":"https:\/\/misswheelchairworld.org\/kandydantka-9\/#primaryimage"},"image":{"@id":"https:\/\/misswheelchairworld.org\/kandydantka-9\/#primaryimage"},"thumbnailUrl":"https:\/\/misswheelchairworld.org\/wp-content\/uploads\/2022\/10\/francjanadjet-duze_min.png","datePublished":"2022-10-20T12:01:59+00:00","dateModified":"2023-03-20T12:44:24+00:00","breadcrumb":{"@id":"https:\/\/misswheelchairworld.org\/kandydantka-9\/#breadcrumb"},"inLanguage":"en-GB","potentialAction":[{"@type":"ReadAction","target":["https:\/\/misswheelchairworld.org\/kandydantka-9\/"]}]},{"@type":"ImageObject","inLanguage":"en-GB","@id":"https:\/\/misswheelchairworld.org\/kandydantka-9\/#primaryimage","url":"https:\/\/misswheelchairworld.org\/wp-content\/uploads\/2022\/10\/francjanadjet-duze_min.png","contentUrl":"https:\/\/misswheelchairworld.org\/wp-content\/uploads\/2022\/10\/francjanadjet-duze_min.png"},{"@type":"BreadcrumbList","@id":"https:\/\/misswheelchairworld.org\/kandydantka-9\/#breadcrumb","itemListElement":[{"@type":"ListItem","position":1,"name":"Home","item":"https:\/\/misswheelchairworld.org\/"},{"@type":"ListItem","position":2,"name":"Kandydantka #9"}]},{"@type":"WebSite","@id":"https:\/\/misswheelchairworld.org\/#website","url":"https:\/\/misswheelchairworld.org\/","name":"Miss Wheelchair World","description":"Miss Wheelchair World","publisher":{"@id":"https:\/\/misswheelchairworld.org\/#organization"},"potentialAction":[{"@type":"SearchAction","target":{"@type":"EntryPoint","urlTemplate":"https:\/\/misswheelchairworld.org\/?s={search_term_string}"},"query-input":{"@type":"PropertyValueSpecification","valueRequired":true,"valueName":"search_term_string"}}],"inLanguage":"en-GB"},{"@type":"Organization","@id":"https:\/\/misswheelchairworld.org\/#organization","name":"Miss Wheelchair World","url":"https:\/\/misswheelchairworld.org\/","logo":{"@type":"ImageObject","inLanguage":"en-GB","@id":"https:\/\/misswheelchairworld.org\/#\/schema\/logo\/image\/","url":"https:\/\/misswheelchairworld.org\/wp-content\/uploads\/2022\/10\/Kopia-logoMWW-angielskie-czyste.png","contentUrl":"https:\/\/misswheelchairworld.org\/wp-content\/uploads\/2022\/10\/Kopia-logoMWW-angielskie-czyste.png","width":4871,"height":1852,"caption":"Miss Wheelchair World"},"image":{"@id":"https:\/\/misswheelchairworld.org\/#\/schema\/logo\/image\/"},"sameAs":["https:\/\/www.facebook.com\/MissWheelchairWorld","https:\/\/x.com\/Jedyna__Taka","https:\/\/www.instagram.com\/misswheelchairworld\/","https:\/\/www.youtube.com\/channel\/UCVaiD9tQULYwtIwQFAyk7zw"]}]}},"_links":{"self":[{"href":"https:\/\/misswheelchairworld.org\/en\/wp-json\/wp\/v2\/pages\/2909","targetHints":{"allow":["GET"]}}],"collection":[{"href":"https:\/\/misswheelchairworld.org\/en\/wp-json\/wp\/v2\/pages"}],"about":[{"href":"https:\/\/misswheelchairworld.org\/en\/wp-json\/wp\/v2\/types\/page"}],"author":[{"embeddable":true,"href":"https:\/\/misswheelchairworld.org\/en\/wp-json\/wp\/v2\/users\/1"}],"replies":[{"embeddable":true,"href":"https:\/\/misswheelchairworld.org\/en\/wp-json\/wp\/v2\/comments?post=2909"}],"version-history":[{"count":3,"href":"https:\/\/misswheelchairworld.org\/en\/wp-json\/wp\/v2\/pages\/2909\/revisions"}],"predecessor-version":[{"id":5278,"href":"https:\/\/misswheelchairworld.org\/en\/wp-json\/wp\/v2\/pages\/2909\/revisions\/5278"}],"wp:attachment":[{"href":"https:\/\/misswheelchairworld.org\/en\/wp-json\/wp\/v2\/media?parent=2909"}],"curies":[{"name":"wp","href":"https:\/\/api.w.org\/{rel}","templated":true}]}}